{"id":99123,"date":"2025-12-09T00:24:19","date_gmt":"2025-12-09T03:24:19","guid":{"rendered":"https:\/\/asbaratas.com.br\/loja\/?post_type=product&#038;p=99123"},"modified":"2026-04-13T15:29:26","modified_gmt":"2026-04-13T18:29:26","slug":"bone-punkito-aba-reta","status":"publish","type":"product","link":"https:\/\/asbaratas.com.br\/loja\/produto\/bone-punkito-aba-reta\/","title":{"rendered":"BON\u00c9 \u2022 PUNKITO &#8211; ABA RETA"},"content":{"rendered":"<p>O PunkiTOo mais atentadodo rol\u00ea chegou no bon\u00e9 minimalista mais classudo do peda\u00e7o.<\/p>\n<p>Bon\u00e9 baseball com a frente em bordado de alta qualidade.<\/p>\n<p>Tamanho \u00fanico com regulagem.<\/p>\n<p>&nbsp;<\/p>\n<p>&nbsp;<\/p>\n","protected":false},"excerpt":{"rendered":"<p>O PunkiTOo mais atentadodo rol\u00ea chegou no bon\u00e9 minimalista mais classudo do peda\u00e7o. Bon\u00e9 baseball com a frente em bordado de alta qualidade. Tamanho \u00fanico com regulagem. &nbsp; &nbsp;<\/p>\n","protected":false},"featured_media":99675,"comment_status":"closed","ping_status":"closed","template":"","meta":[],"product_brand":[],"product_cat":[1491,1488],"product_tag":[1632,1633,1571,1267,1886,1887,1888],"class_list":{"0":"post-99123","1":"product","2":"type-product","3":"status-publish","4":"has-post-thumbnail","6":"product_cat-baseball-aba-reta","7":"product_cat-bone","8":"product_tag-canhota","9":"product_tag-canhoto","10":"product_tag-esquerda","11":"product_tag-loud","12":"product_tag-punkinho","13":"product_tag-punkito","14":"product_tag-wloud","15":"pa_artista-loud","16":"pa_tema-arte","17":"pa_tema-Musica","18":"pa_tema-oficial","19":"product_type-simple","34":"first","35":"instock","36":"shipping-taxable","37":"purchasable","38":"product-type-simple"},"_links":{"self":[{"href":"https:\/\/asbaratas.com.br\/loja\/wp-json\/wp\/v2\/product\/99123","targetHints":{"allow":["GET"]}}],"collection":[{"href":"https:\/\/asbaratas.com.br\/loja\/wp-json\/wp\/v2\/product"}],"about":[{"href":"https:\/\/asbaratas.com.br\/loja\/wp-json\/wp\/v2\/types\/product"}],"replies":[{"embeddable":true,"href":"https:\/\/asbaratas.com.br\/loja\/wp-json\/wp\/v2\/comments?post=99123"}],"wp:featuredmedia":[{"embeddable":true,"href":"https:\/\/asbaratas.com.br\/loja\/wp-json\/wp\/v2\/media\/99675"}],"wp:attachment":[{"href":"https:\/\/asbaratas.com.br\/loja\/wp-json\/wp\/v2\/media?parent=99123"}],"wp:term":[{"taxonomy":"product_brand","embeddable":true,"href":"https:\/\/asbaratas.com.br\/loja\/wp-json\/wp\/v2\/product_brand?post=99123"},{"taxonomy":"product_cat","embeddable":true,"href":"https:\/\/asbaratas.com.br\/loja\/wp-json\/wp\/v2\/product_cat?post=99123"},{"taxonomy":"product_tag","embeddable":true,"href":"https:\/\/asbaratas.com.br\/loja\/wp-json\/wp\/v2\/product_tag?post=99123"}],"curies":[{"name":"wp","href":"https:\/\/api.w.org\/{rel}","templated":true}]}}