{"id":99122,"date":"2025-12-09T00:22:34","date_gmt":"2025-12-09T03:22:34","guid":{"rendered":"https:\/\/asbaratas.com.br\/loja\/?post_type=product&#038;p=99122"},"modified":"2026-05-02T14:55:54","modified_gmt":"2026-05-02T17:55:54","slug":"bone-samurai-doggy-trucker","status":"publish","type":"product","link":"https:\/\/asbaratas.com.br\/loja\/produto\/bone-samurai-doggy-trucker\/","title":{"rendered":"BON\u00c9 \u2022 SAMURAI DOGGY TRUCKER"},"content":{"rendered":"<p>Bon\u00e9 oficial da obra SAMURAI DOGGY agora na vers\u00e3o trucker!<\/p>\n<p>Junte-se ao time e torne-se tamb\u00e9m um Ronin destemido! Proteja sua cabe\u00e7a dos perigos l\u00e1 de cima \u2014 sejam flechas voadoras ou a perigosa luz solar no cocoruto. Com arte por toda parte, dentro e fora do bon\u00e9, essa pe\u00e7a \u00e9 uma verdadeira obra-prima que voc\u00ea n\u00e3o vai querer perder.<\/p>\n<p>Bon\u00e9 Americano trucker aba curva com a frente em relevo bordado de alta qualidade.<\/p>\n<p>Tamanho \u00fanico com regulagem.<\/p>\n","protected":false},"excerpt":{"rendered":"<p>Bon\u00e9 oficial da obra SAMURAI DOGGY agora na vers\u00e3o trucker! Junte-se ao time e torne-se tamb\u00e9m um Ronin destemido! Proteja sua cabe\u00e7a dos perigos l\u00e1 de cima \u2014 sejam flechas voadoras ou a perigosa luz solar no cocoruto. Com arte por toda parte, dentro e fora do bon\u00e9, essa pe\u00e7a \u00e9 uma verdadeira obra-prima que [&#8230;]\n","protected":false},"featured_media":99681,"comment_status":"closed","ping_status":"closed","template":"","meta":[],"product_brand":[],"product_cat":[1488,1489],"product_tag":[],"class_list":{"0":"post-99122","1":"product","2":"type-product","3":"status-publish","4":"has-post-thumbnail","6":"product_cat-bone","7":"product_cat-trucker","8":"pa_artista-santtos","9":"pa_tema-arte","10":"pa_tema-HQ","11":"pa_tema-oficial","12":"product_type-simple","20":"first","21":"instock","22":"shipping-taxable","23":"purchasable","24":"product-type-simple"},"_links":{"self":[{"href":"https:\/\/asbaratas.com.br\/loja\/wp-json\/wp\/v2\/product\/99122","targetHints":{"allow":["GET"]}}],"collection":[{"href":"https:\/\/asbaratas.com.br\/loja\/wp-json\/wp\/v2\/product"}],"about":[{"href":"https:\/\/asbaratas.com.br\/loja\/wp-json\/wp\/v2\/types\/product"}],"replies":[{"embeddable":true,"href":"https:\/\/asbaratas.com.br\/loja\/wp-json\/wp\/v2\/comments?post=99122"}],"wp:featuredmedia":[{"embeddable":true,"href":"https:\/\/asbaratas.com.br\/loja\/wp-json\/wp\/v2\/media\/99681"}],"wp:attachment":[{"href":"https:\/\/asbaratas.com.br\/loja\/wp-json\/wp\/v2\/media?parent=99122"}],"wp:term":[{"taxonomy":"product_brand","embeddable":true,"href":"https:\/\/asbaratas.com.br\/loja\/wp-json\/wp\/v2\/product_brand?post=99122"},{"taxonomy":"product_cat","embeddable":true,"href":"https:\/\/asbaratas.com.br\/loja\/wp-json\/wp\/v2\/product_cat?post=99122"},{"taxonomy":"product_tag","embeddable":true,"href":"https:\/\/asbaratas.com.br\/loja\/wp-json\/wp\/v2\/product_tag?post=99122"}],"curies":[{"name":"wp","href":"https:\/\/api.w.org\/{rel}","templated":true}]}}