{"id":99113,"date":"2025-12-09T00:21:08","date_gmt":"2025-12-09T03:21:08","guid":{"rendered":"https:\/\/asbaratas.com.br\/loja\/?post_type=product&#038;p=99113"},"modified":"2026-04-17T19:32:22","modified_gmt":"2026-04-17T22:32:22","slug":"punkrocker","status":"publish","type":"product","link":"https:\/\/asbaratas.com.br\/loja\/produto\/punkrocker\/","title":{"rendered":"PUNKROCKER"},"content":{"rendered":"<p>O rei do Punkrock est\u00e1 aqui com for\u00e7a total em mais uma estampa para a conta da cole\u00e7\u00e3o de nossos idolos do rock com aquele tratamento de HQ repleto de refer\u00eancias que s\u00f3 quem \u00e9 f\u00e3 de verdade vai sacar tudo!<\/p>\n<p>&nbsp;<\/p>\n<p>Malha em 100% algod\u00e3o na cor preta com estampa em silk de alta qualidade.<\/p>\n<p>A taxa de encolhimento \u00e9 em m\u00e9dia 3% variando dos m\u00e9todos de lavagem.<\/p>\n<p>DICAS PARA SUA CAMISETA DURAR MUITO:<br \/>\n\u2022 LAVE COM \u00c1GUA FRIA<br \/>\n\u2022 PASSE ELA DO AVESSO<br \/>\n\u2022 N\u00c3O COLOQUE NA M\u00c1QUINA DE SECAR<br \/>\n\u2022 N\u00c3O DEIXE DE MOLHO<br \/>\n\u2022 SEMPRE SEQUE \u00c0 SOMBRA<\/p>\n<p>Arte por Loud!<\/p>\n<p>As camisetas s\u00e3o despachadas em at\u00e9 3 dias \u00fateis.<\/p>\n","protected":false},"excerpt":{"rendered":"<p>O rei do Punkrock est\u00e1 aqui com for\u00e7a total em mais uma estampa para a conta da cole\u00e7\u00e3o de nossos idolos do rock com aquele tratamento de HQ repleto de refer\u00eancias que s\u00f3 quem \u00e9 f\u00e3 de verdade vai sacar tudo! &nbsp; Malha em 100% algod\u00e3o na cor preta com estampa em silk de alta [&#8230;]\n","protected":false},"featured_media":99169,"comment_status":"open","ping_status":"closed","template":"","meta":[],"product_brand":[],"product_cat":[83],"product_tag":[1402,2082,590,2078,184,1274,1273,1272,2080,1267,1271,1205,654,1409,2079,1269,437,2081,1139,1270,853,850,1268],"class_list":{"0":"post-99113","1":"product","2":"type-product","3":"status-publish","4":"has-post-thumbnail","6":"product_cat-camiseta-reta","7":"product_tag-bowie","8":"product_tag-debby","9":"product_tag-harry","10":"product_tag-iggy","11":"product_tag-ilustracao","12":"product_tag-jo","13":"product_tag-joey","14":"product_tag-johnny","15":"product_tag-lou","16":"product_tag-loud","17":"product_tag-mashuo","18":"product_tag-mashup","19":"product_tag-movie","20":"product_tag-pop","21":"product_tag-punkrocker","22":"product_tag-ramone","23":"product_tag-ramones","24":"product_tag-reed","25":"product_tag-spider","26":"product_tag-spiderman","27":"product_tag-super","28":"product_tag-superman","29":"product_tag-wagner","30":"pa_artista-loud","31":"pa_cor-preto","32":"pa_tamanho-2g","33":"pa_tamanho-3g","34":"pa_tamanho-4g","35":"pa_tamanho-5g","36":"pa_tamanho-g","37":"pa_tamanho-m","38":"pa_tamanho-p","39":"pa_tamanho-pp","40":"pa_tema-arte","41":"pa_tema-HQ","42":"pa_tema-Mashup","43":"pa_tema-Musica","44":"pa_tema-Parodia","45":"product_type-variable","86":"first","87":"instock","88":"shipping-taxable","89":"purchasable","90":"product-type-variable","91":"has-default-attributes"},"_links":{"self":[{"href":"https:\/\/asbaratas.com.br\/loja\/wp-json\/wp\/v2\/product\/99113","targetHints":{"allow":["GET"]}}],"collection":[{"href":"https:\/\/asbaratas.com.br\/loja\/wp-json\/wp\/v2\/product"}],"about":[{"href":"https:\/\/asbaratas.com.br\/loja\/wp-json\/wp\/v2\/types\/product"}],"replies":[{"embeddable":true,"href":"https:\/\/asbaratas.com.br\/loja\/wp-json\/wp\/v2\/comments?post=99113"}],"wp:featuredmedia":[{"embeddable":true,"href":"https:\/\/asbaratas.com.br\/loja\/wp-json\/wp\/v2\/media\/99169"}],"wp:attachment":[{"href":"https:\/\/asbaratas.com.br\/loja\/wp-json\/wp\/v2\/media?parent=99113"}],"wp:term":[{"taxonomy":"product_brand","embeddable":true,"href":"https:\/\/asbaratas.com.br\/loja\/wp-json\/wp\/v2\/product_brand?post=99113"},{"taxonomy":"product_cat","embeddable":true,"href":"https:\/\/asbaratas.com.br\/loja\/wp-json\/wp\/v2\/product_cat?post=99113"},{"taxonomy":"product_tag","embeddable":true,"href":"https:\/\/asbaratas.com.br\/loja\/wp-json\/wp\/v2\/product_tag?post=99113"}],"curies":[{"name":"wp","href":"https:\/\/api.w.org\/{rel}","templated":true}]}}