{"id":99104,"date":"2025-12-09T00:19:08","date_gmt":"2025-12-09T03:19:08","guid":{"rendered":"https:\/\/asbaratas.com.br\/loja\/?post_type=product&#038;p=99104"},"modified":"2026-04-17T19:32:01","modified_gmt":"2026-04-17T22:32:01","slug":"killspree","status":"publish","type":"product","link":"https:\/\/asbaratas.com.br\/loja\/produto\/killspree\/","title":{"rendered":"KILLSPREE"},"content":{"rendered":"<p>As crian\u00e7as n\u00e3o est\u00e3o bem depois desse mashup com o boneco assassino mais querido da galera!<\/p>\n<p>Malha em 100% algod\u00e3o na cor preta com estampa em silk de alta qualidade.<\/p>\n<p>A taxa de encolhimento \u00e9 em m\u00e9dia 3% variando dos m\u00e9todos de lavagem.<\/p>\n<p>DICAS PARA SUA CAMISETA DURAR MUITO:<br \/>\n\u2022 LAVE COM \u00c1GUA FRIA<br \/>\n\u2022 PASSE ELA DO AVESSO<br \/>\n\u2022 N\u00c3O COLOQUE NA M\u00c1QUINA DE SECAR<br \/>\n\u2022 N\u00c3O DEIXE DE MOLHO<br \/>\n\u2022 SEMPRE SEQUE \u00c0 SOMBRA<\/p>\n<p><span class=\"x1lliihq x1plvlek xryxfnj x1n2onr6 x193iq5w xeuugli x1fj9vlw x13faqbe x1vvkbs x1s928wv xhkezso x1gmr53x x1cpjm7i x1fgarty x1943h6x x1i0vuye xvs91rp x1s688f x5n08af x10wh9bi x1wdrske x8viiok x18hxmgj\" dir=\"auto\">\u00a0<\/span><\/p>\n<p>As camisetas s\u00e3o despachadas em at\u00e9 3 dias \u00fateis.<\/p>\n","protected":false},"excerpt":{"rendered":"<p>As crian\u00e7as n\u00e3o est\u00e3o bem depois desse mashup com o boneco assassino mais querido da galera! Malha em 100% algod\u00e3o na cor preta com estampa em silk de alta qualidade. A taxa de encolhimento \u00e9 em m\u00e9dia 3% variando dos m\u00e9todos de lavagem. DICAS PARA SUA CAMISETA DURAR MUITO: \u2022 LAVE COM \u00c1GUA FRIA \u2022 [&#8230;]\n","protected":false},"featured_media":99166,"comment_status":"open","ping_status":"closed","template":"","meta":[],"product_brand":[],"product_cat":[83],"product_tag":[2077,2076,2047,2049,2046,2045,1845,505,1363,1417,766,1352,1414,1849,1874,1206,2075,1361,1872,1871,976,2074,1873,1362,1416,1846,2051,1287],"class_list":{"0":"post-99104","1":"product","2":"type-product","3":"status-publish","4":"has-post-thumbnail","6":"product_cat-camiseta-reta","7":"product_tag-alive","8":"product_tag-are","9":"product_tag-assassino","10":"product_tag-boneco","11":"product_tag-brinquedo","12":"product_tag-chuck","13":"product_tag-chucky","14":"product_tag-dead","15":"product_tag-eletrica","16":"product_tag-feira","17":"product_tag-fred","18":"product_tag-freddy","19":"product_tag-friday","20":"product_tag-halloween","21":"product_tag-hora","22":"product_tag-jason","23":"product_tag-kids","24":"product_tag-massacre","25":"product_tag-mayers","26":"product_tag-michael","27":"product_tag-mike","28":"product_tag-offspring","29":"product_tag-pesadelo","30":"product_tag-serra","31":"product_tag-sexta","32":"product_tag-slasher","33":"product_tag-tiffany","34":"product_tag-today","35":"pa_artista-leopoldo","36":"pa_cor-azul-escuro","37":"pa_tamanho-2g","38":"pa_tamanho-3g","39":"pa_tamanho-4g","40":"pa_tamanho-5g","41":"pa_tamanho-g","42":"pa_tamanho-m","43":"pa_tamanho-p","44":"pa_tamanho-pp","45":"pa_tema-Cinema","46":"pa_tema-Musica","47":"pa_tema-Parodia","48":"product_type-variable","92":"first","93":"instock","94":"shipping-taxable","95":"purchasable","96":"product-type-variable","97":"has-default-attributes"},"_links":{"self":[{"href":"https:\/\/asbaratas.com.br\/loja\/wp-json\/wp\/v2\/product\/99104","targetHints":{"allow":["GET"]}}],"collection":[{"href":"https:\/\/asbaratas.com.br\/loja\/wp-json\/wp\/v2\/product"}],"about":[{"href":"https:\/\/asbaratas.com.br\/loja\/wp-json\/wp\/v2\/types\/product"}],"replies":[{"embeddable":true,"href":"https:\/\/asbaratas.com.br\/loja\/wp-json\/wp\/v2\/comments?post=99104"}],"wp:featuredmedia":[{"embeddable":true,"href":"https:\/\/asbaratas.com.br\/loja\/wp-json\/wp\/v2\/media\/99166"}],"wp:attachment":[{"href":"https:\/\/asbaratas.com.br\/loja\/wp-json\/wp\/v2\/media?parent=99104"}],"wp:term":[{"taxonomy":"product_brand","embeddable":true,"href":"https:\/\/asbaratas.com.br\/loja\/wp-json\/wp\/v2\/product_brand?post=99104"},{"taxonomy":"product_cat","embeddable":true,"href":"https:\/\/asbaratas.com.br\/loja\/wp-json\/wp\/v2\/product_cat?post=99104"},{"taxonomy":"product_tag","embeddable":true,"href":"https:\/\/asbaratas.com.br\/loja\/wp-json\/wp\/v2\/product_tag?post=99104"}],"curies":[{"name":"wp","href":"https:\/\/api.w.org\/{rel}","templated":true}]}}