{"id":99103,"date":"2025-12-09T00:17:45","date_gmt":"2025-12-09T03:17:45","guid":{"rendered":"https:\/\/asbaratas.com.br\/loja\/?post_type=product&#038;p=99103"},"modified":"2025-12-17T19:15:49","modified_gmt":"2025-12-17T22:15:49","slug":"bone-aguardela-osso","status":"publish","type":"product","link":"https:\/\/asbaratas.com.br\/loja\/produto\/bone-aguardela-osso\/","title":{"rendered":"BON\u00c9 \u2022 AGUARDELA &#8211; OSSO"},"content":{"rendered":"<p>Bon\u00e9 oficial da hist\u00f3ria em quadrinhos \u201c100 DISCOS PARA CONHECER AGUARDELA\u201d, lan\u00e7ada pelo selo Original Pipoca &amp; Nanquim.<\/p>\n<p>Bon\u00e9 americano fechado com a frente em relevo bordado de alta qualidade.<\/p>\n<p>Tamanho \u00fanico com regulagem.<\/p>\n","protected":false},"excerpt":{"rendered":"<p>Bon\u00e9 oficial da hist\u00f3ria em quadrinhos \u201c100 DISCOS PARA CONHECER AGUARDELA\u201d, lan\u00e7ada pelo selo Original Pipoca &amp; Nanquim. Bon\u00e9 americano fechado com a frente em relevo bordado de alta qualidade. Tamanho \u00fanico com regulagem.<\/p>\n","protected":false},"featured_media":99691,"comment_status":"closed","ping_status":"closed","template":"","meta":[],"product_brand":[],"product_cat":[1490,1488],"product_tag":[1893,1109,1505,1104,1106,1504,471,1107,1507,1101,1506,2083,1102,1100,340,1105],"class_list":{"0":"post-99103","1":"product","2":"type-product","3":"status-publish","4":"has-post-thumbnail","6":"product_cat-americano-fechado","7":"product_cat-bone","8":"product_tag-aguardela","9":"product_tag-alexandre","10":"product_tag-arena","11":"product_tag-bruno","12":"product_tag-daniel","13":"product_tag-drago","14":"product_tag-editora","15":"product_tag-lopes","16":"product_tag-maimai","17":"product_tag-nanquim","18":"product_tag-ogiva","19":"product_tag-osso","20":"product_tag-petardo","21":"product_tag-pipoca","22":"product_tag-salimena","23":"product_tag-zago","24":"pa_artista-pn","25":"pa_artista-salimena","26":"pa_tema-arte","27":"pa_tema-HQ","28":"pa_tema-oficial","29":"product_type-simple","54":"first","55":"instock","56":"shipping-taxable","57":"purchasable","58":"product-type-simple"},"_links":{"self":[{"href":"https:\/\/asbaratas.com.br\/loja\/wp-json\/wp\/v2\/product\/99103","targetHints":{"allow":["GET"]}}],"collection":[{"href":"https:\/\/asbaratas.com.br\/loja\/wp-json\/wp\/v2\/product"}],"about":[{"href":"https:\/\/asbaratas.com.br\/loja\/wp-json\/wp\/v2\/types\/product"}],"replies":[{"embeddable":true,"href":"https:\/\/asbaratas.com.br\/loja\/wp-json\/wp\/v2\/comments?post=99103"}],"wp:featuredmedia":[{"embeddable":true,"href":"https:\/\/asbaratas.com.br\/loja\/wp-json\/wp\/v2\/media\/99691"}],"wp:attachment":[{"href":"https:\/\/asbaratas.com.br\/loja\/wp-json\/wp\/v2\/media?parent=99103"}],"wp:term":[{"taxonomy":"product_brand","embeddable":true,"href":"https:\/\/asbaratas.com.br\/loja\/wp-json\/wp\/v2\/product_brand?post=99103"},{"taxonomy":"product_cat","embeddable":true,"href":"https:\/\/asbaratas.com.br\/loja\/wp-json\/wp\/v2\/product_cat?post=99103"},{"taxonomy":"product_tag","embeddable":true,"href":"https:\/\/asbaratas.com.br\/loja\/wp-json\/wp\/v2\/product_tag?post=99103"}],"curies":[{"name":"wp","href":"https:\/\/api.w.org\/{rel}","templated":true}]}}