{"id":99083,"date":"2025-12-09T00:10:18","date_gmt":"2025-12-09T03:10:18","guid":{"rendered":"https:\/\/asbaratas.com.br\/loja\/?post_type=product&#038;p=99083"},"modified":"2026-04-22T12:12:57","modified_gmt":"2026-04-22T15:12:57","slug":"hardsoul","status":"publish","type":"product","link":"https:\/\/asbaratas.com.br\/loja\/produto\/hardsoul\/","title":{"rendered":"HARD SOUL"},"content":{"rendered":"<p>E a camiseta exclusiva do Jogabiliday 25 \u00e9 uma bela homenagem a esse mestre da sofr\u00eancia, que nos traz muita agonia e joguinhos maravilhos!<\/p>\n<p><strong>PEQUENO EXCEDENTE DA PRODU\u00c7\u00c3O DO JOGABILIDAY 25 ESSA CAMISETA N\u00c3O SER\u00c1 MAIS FABRICADA!<\/strong><\/p>\n<p>&nbsp;<\/p>\n<p>Todos produtos adquiridos junto com esse ser\u00e3o enviados juntos quando chegarem os produtos em pr\u00e9-venda.<\/p>\n<p>&nbsp;<\/p>\n<p>DICAS PARA SUA CAMISETA DURAR MUITO:<br \/>\n\u2022 LAVE COM \u00c1GUA FRIA<br \/>\n\u2022 PASSE ELA DO AVESSO<br \/>\n\u2022 N\u00c3O COLOQUE NA M\u00c1QUINA DE SECAR<br \/>\n\u2022 N\u00c3O DEIXE DE MOLHO<br \/>\n\u2022 SEMPRE SEQUE \u00c0 SOMBRA<\/p>\n<p>A taxa de encolhimento \u00e9 em m\u00e9dia 3% variando dos m\u00e9todos de lavagem.<\/p>\n<p>&nbsp;<\/p>\n","protected":false},"excerpt":{"rendered":"<p>E a camiseta exclusiva do Jogabiliday 25 \u00e9 uma bela homenagem a esse mestre da sofr\u00eancia, que nos traz muita agonia e joguinhos maravilhos! PEQUENO EXCEDENTE DA PRODU\u00c7\u00c3O DO JOGABILIDAY 25 ESSA CAMISETA N\u00c3O SER\u00c1 MAIS FABRICADA! &nbsp; Todos produtos adquiridos junto com esse ser\u00e3o enviados juntos quando chegarem os produtos em pr\u00e9-venda. &nbsp; DICAS [&#8230;]\n","protected":false},"featured_media":99167,"comment_status":"open","ping_status":"closed","template":"","meta":[],"product_brand":[],"product_cat":[83],"product_tag":[1598,500,1600,866,2063,1596,1599,1597,2065,1878,1735,867,2064,1705,2066,1877],"class_list":{"0":"post-99083","1":"product","2":"type-product","3":"status-publish","4":"has-post-thumbnail","6":"product_cat-camiseta-reta","7":"product_tag-bilid","8":"product_tag-dark","9":"product_tag-de","10":"product_tag-games","11":"product_tag-hard","12":"product_tag-joga","13":"product_tag-jogabilida","14":"product_tag-jogabilidade","15":"product_tag-jogabiliday","16":"product_tag-jogabilisplit","17":"product_tag-miyazaki","18":"product_tag-podcast","19":"product_tag-soul","20":"product_tag-souls","21":"product_tag-soulslike","22":"product_tag-split","23":"pa_artista-drzebraaa","24":"pa_artista-jogabilidade","25":"pa_cor-preto","26":"pa_malha-verao","27":"pa_tamanho-2g","28":"pa_tamanho-3g","29":"pa_tamanho-4g","30":"pa_tamanho-5g","31":"pa_tamanho-g","32":"pa_tamanho-m","33":"pa_tamanho-p","34":"pa_tamanho-pp","35":"pa_tema-arte","36":"pa_tema-Games","37":"pa_tema-oficial","38":"pa_tema-Parodia","39":"pa_tema-Podcast","40":"product_type-variable","41":"product_visibility-featured","77":"first","78":"instock","79":"featured","80":"shipping-taxable","81":"purchasable","82":"product-type-variable"},"_links":{"self":[{"href":"https:\/\/asbaratas.com.br\/loja\/wp-json\/wp\/v2\/product\/99083","targetHints":{"allow":["GET"]}}],"collection":[{"href":"https:\/\/asbaratas.com.br\/loja\/wp-json\/wp\/v2\/product"}],"about":[{"href":"https:\/\/asbaratas.com.br\/loja\/wp-json\/wp\/v2\/types\/product"}],"replies":[{"embeddable":true,"href":"https:\/\/asbaratas.com.br\/loja\/wp-json\/wp\/v2\/comments?post=99083"}],"wp:featuredmedia":[{"embeddable":true,"href":"https:\/\/asbaratas.com.br\/loja\/wp-json\/wp\/v2\/media\/99167"}],"wp:attachment":[{"href":"https:\/\/asbaratas.com.br\/loja\/wp-json\/wp\/v2\/media?parent=99083"}],"wp:term":[{"taxonomy":"product_brand","embeddable":true,"href":"https:\/\/asbaratas.com.br\/loja\/wp-json\/wp\/v2\/product_brand?post=99083"},{"taxonomy":"product_cat","embeddable":true,"href":"https:\/\/asbaratas.com.br\/loja\/wp-json\/wp\/v2\/product_cat?post=99083"},{"taxonomy":"product_tag","embeddable":true,"href":"https:\/\/asbaratas.com.br\/loja\/wp-json\/wp\/v2\/product_tag?post=99083"}],"curies":[{"name":"wp","href":"https:\/\/api.w.org\/{rel}","templated":true}]}}