{"id":99074,"date":"2025-12-09T00:08:10","date_gmt":"2025-12-09T03:08:10","guid":{"rendered":"https:\/\/asbaratas.com.br\/loja\/?post_type=product&#038;p=99074"},"modified":"2026-04-22T02:48:29","modified_gmt":"2026-04-22T05:48:29","slug":"jogabilebrejo","status":"publish","type":"product","link":"https:\/\/asbaratas.com.br\/loja\/produto\/jogabilebrejo\/","title":{"rendered":"JOGA&#8230;BILEBREJO"},"content":{"rendered":"<p>E a camiseta lan\u00e7amento do Jogabiliday 25 \u00e9 o retrato de um dos momentos mais memor\u00e1veis do jogo mais antecipado de 2025!<\/p>\n<p>Todos produtos adquiridos junto com esse ser\u00e3o enviados juntos quando chegarem os produtos em pr\u00e9-venda.<\/p>\n<p>&nbsp;<\/p>\n<p>DICAS PARA SUA CAMISETA DURAR MUITO:<br \/>\n\u2022 LAVE COM \u00c1GUA FRIA<br \/>\n\u2022 PASSE ELA DO AVESSO<br \/>\n\u2022 N\u00c3O COLOQUE NA M\u00c1QUINA DE SECAR<br \/>\n\u2022 N\u00c3O DEIXE DE MOLHO<br \/>\n\u2022 SEMPRE SEQUE \u00c0 SOMBRA<\/p>\n<p>A taxa de encolhimento \u00e9 em m\u00e9dia 3% variando dos m\u00e9todos de lavagem.<\/p>\n<p>&nbsp;<\/p>\n","protected":false},"excerpt":{"rendered":"<p>E a camiseta lan\u00e7amento do Jogabiliday 25 \u00e9 o retrato de um dos momentos mais memor\u00e1veis do jogo mais antecipado de 2025! Todos produtos adquiridos junto com esse ser\u00e3o enviados juntos quando chegarem os produtos em pr\u00e9-venda. &nbsp; DICAS PARA SUA CAMISETA DURAR MUITO: \u2022 LAVE COM \u00c1GUA FRIA \u2022 PASSE ELA DO AVESSO \u2022 [&#8230;]\n","protected":false},"featured_media":99164,"comment_status":"open","ping_status":"closed","template":"","meta":[],"product_brand":[],"product_cat":[83],"product_tag":[2072,1598,1600,866,2070,1596,1599,1597,2065,1878,2071,867,2068,2067,2069,1877],"class_list":{"0":"post-99074","1":"product","2":"type-product","3":"status-publish","4":"has-post-thumbnail","6":"product_cat-camiseta-reta","7":"product_tag-baratas","8":"product_tag-bilid","9":"product_tag-de","10":"product_tag-games","11":"product_tag-hollow","12":"product_tag-joga","13":"product_tag-jogabilida","14":"product_tag-jogabilidade","15":"product_tag-jogabiliday","16":"product_tag-jogabilisplit","17":"product_tag-knight","18":"product_tag-podcast","19":"product_tag-silk","20":"product_tag-silksong","21":"product_tag-song","22":"product_tag-split","23":"pa_artista-jogabilidade","24":"pa_artista-michelborges","25":"pa_cor-preto","26":"pa_malha-verao","27":"pa_tamanho-2g","28":"pa_tamanho-3g","29":"pa_tamanho-4g","30":"pa_tamanho-5g","31":"pa_tamanho-g","32":"pa_tamanho-m","33":"pa_tamanho-p","34":"pa_tamanho-pp","35":"pa_tema-Games","36":"pa_tema-Parodia","37":"pa_tema-Podcast","38":"product_type-variable","39":"product_visibility-featured","73":"first","74":"instock","75":"featured","76":"shipping-taxable","77":"purchasable","78":"product-type-variable"},"_links":{"self":[{"href":"https:\/\/asbaratas.com.br\/loja\/wp-json\/wp\/v2\/product\/99074","targetHints":{"allow":["GET"]}}],"collection":[{"href":"https:\/\/asbaratas.com.br\/loja\/wp-json\/wp\/v2\/product"}],"about":[{"href":"https:\/\/asbaratas.com.br\/loja\/wp-json\/wp\/v2\/types\/product"}],"replies":[{"embeddable":true,"href":"https:\/\/asbaratas.com.br\/loja\/wp-json\/wp\/v2\/comments?post=99074"}],"wp:featuredmedia":[{"embeddable":true,"href":"https:\/\/asbaratas.com.br\/loja\/wp-json\/wp\/v2\/media\/99164"}],"wp:attachment":[{"href":"https:\/\/asbaratas.com.br\/loja\/wp-json\/wp\/v2\/media?parent=99074"}],"wp:term":[{"taxonomy":"product_brand","embeddable":true,"href":"https:\/\/asbaratas.com.br\/loja\/wp-json\/wp\/v2\/product_brand?post=99074"},{"taxonomy":"product_cat","embeddable":true,"href":"https:\/\/asbaratas.com.br\/loja\/wp-json\/wp\/v2\/product_cat?post=99074"},{"taxonomy":"product_tag","embeddable":true,"href":"https:\/\/asbaratas.com.br\/loja\/wp-json\/wp\/v2\/product_tag?post=99074"}],"curies":[{"name":"wp","href":"https:\/\/api.w.org\/{rel}","templated":true}]}}