{"id":98467,"date":"2025-10-09T17:08:42","date_gmt":"2025-10-09T20:08:42","guid":{"rendered":"https:\/\/asbaratas.com.br\/loja\/?post_type=product&#038;p=98467"},"modified":"2026-04-06T18:05:28","modified_gmt":"2026-04-06T21:05:28","slug":"pazuzu","status":"publish","type":"product","link":"https:\/\/asbaratas.com.br\/loja\/produto\/pazuzu\/","title":{"rendered":"BLACK COFFEE PAZUZU"},"content":{"rendered":"<p>Nada como um caf\u00e9 preto para exorcizar os dem\u00f4nios!<\/p>\n<p>Malha em 100% algod\u00e3o na cor preta com estampa em silk de alta qualidade.<\/p>\n<p>A taxa de encolhimento \u00e9 em m\u00e9dia 3% variando dos m\u00e9todos de lavagem.<\/p>\n<p>DICAS PARA SUA CAMISETA DURAR MUITO:<br \/>\n\u2022 LAVE COM \u00c1GUA FRIA<br \/>\n\u2022 PASSE ELA DO AVESSO<br \/>\n\u2022 N\u00c3O COLOQUE NA M\u00c1QUINA DE SECAR<br \/>\n\u2022 N\u00c3O DEIXE DE MOLHO<br \/>\n\u2022 SEMPRE SEQUE \u00c0 SOMBRA<\/p>\n<p>Arte por BUTCHER BILLY<\/p>\n<p>As camisetas s\u00e3o despachadas em at\u00e9 3 dias \u00fateis.<\/p>\n","protected":false},"excerpt":{"rendered":"<p>Nada como um caf\u00e9 preto para exorcizar os dem\u00f4nios! Malha em 100% algod\u00e3o na cor preta com estampa em silk de alta qualidade. A taxa de encolhimento \u00e9 em m\u00e9dia 3% variando dos m\u00e9todos de lavagem. DICAS PARA SUA CAMISETA DURAR MUITO: \u2022 LAVE COM \u00c1GUA FRIA \u2022 PASSE ELA DO AVESSO \u2022 N\u00c3O COLOQUE [&#8230;]\n","protected":false},"featured_media":98499,"comment_status":"open","ping_status":"closed","template":"","meta":[],"product_brand":[],"product_cat":[83],"product_tag":[1418,1410,1381,362,1380,1982,181,1289,1983,183,602,1417,1414,1421,1422,1981,1415,1423,198,1419,1980,1409,1408,1984,1424],"class_list":{"0":"post-98467","1":"product","2":"type-product","3":"status-publish","4":"has-post-thumbnail","6":"product_cat-camiseta-reta","7":"product_tag-1418","8":"product_tag-art","9":"product_tag-billy","10":"product_tag-black","11":"product_tag-butcher","12":"product_tag-cafe","13":"product_tag-camiseta","14":"product_tag-capeta","15":"product_tag-coffee","16":"product_tag-estampa","17":"product_tag-exorcista","18":"product_tag-feira","19":"product_tag-friday","20":"product_tag-gothic","21":"product_tag-gotico","22":"product_tag-labubu","23":"product_tag-love","24":"product_tag-madame","25":"product_tag-musica","26":"product_tag-part","27":"product_tag-pazuzu","28":"product_tag-pop","29":"product_tag-popart","30":"product_tag-regan","31":"product_tag-sata","32":"pa_artista-butcher_billy","33":"pa_cor-preto","34":"pa_tamanho-2g","35":"pa_tamanho-3g","36":"pa_tamanho-4g","37":"pa_tamanho-5g","38":"pa_tamanho-g","39":"pa_tamanho-m","40":"pa_tamanho-p","41":"pa_tamanho-pp","42":"pa_tema-arte","43":"pa_tema-Cinema","44":"pa_tema-Humor","45":"pa_tema-Parodia","46":"product_type-variable","48":"product_tag-13","88":"first","89":"instock","90":"shipping-taxable","91":"purchasable","92":"product-type-variable"},"_links":{"self":[{"href":"https:\/\/asbaratas.com.br\/loja\/wp-json\/wp\/v2\/product\/98467","targetHints":{"allow":["GET"]}}],"collection":[{"href":"https:\/\/asbaratas.com.br\/loja\/wp-json\/wp\/v2\/product"}],"about":[{"href":"https:\/\/asbaratas.com.br\/loja\/wp-json\/wp\/v2\/types\/product"}],"replies":[{"embeddable":true,"href":"https:\/\/asbaratas.com.br\/loja\/wp-json\/wp\/v2\/comments?post=98467"}],"wp:featuredmedia":[{"embeddable":true,"href":"https:\/\/asbaratas.com.br\/loja\/wp-json\/wp\/v2\/media\/98499"}],"wp:attachment":[{"href":"https:\/\/asbaratas.com.br\/loja\/wp-json\/wp\/v2\/media?parent=98467"}],"wp:term":[{"taxonomy":"product_brand","embeddable":true,"href":"https:\/\/asbaratas.com.br\/loja\/wp-json\/wp\/v2\/product_brand?post=98467"},{"taxonomy":"product_cat","embeddable":true,"href":"https:\/\/asbaratas.com.br\/loja\/wp-json\/wp\/v2\/product_cat?post=98467"},{"taxonomy":"product_tag","embeddable":true,"href":"https:\/\/asbaratas.com.br\/loja\/wp-json\/wp\/v2\/product_tag?post=98467"}],"curies":[{"name":"wp","href":"https:\/\/api.w.org\/{rel}","templated":true}]}}