{"id":98459,"date":"2025-10-09T17:07:38","date_gmt":"2025-10-09T20:07:38","guid":{"rendered":"https:\/\/asbaratas.com.br\/loja\/?post_type=product&#038;p=98459"},"modified":"2026-03-24T19:10:35","modified_gmt":"2026-03-24T22:10:35","slug":"be-gay","status":"publish","type":"product","link":"https:\/\/asbaratas.com.br\/loja\/produto\/be-gay\/","title":{"rendered":"BE GAY DO CRIME"},"content":{"rendered":"<p>Devine j\u00e1 deu o recado! Chegou a hora de usar um rosa com muito orgulho e atitude!<\/p>\n<p>Malha em 100% algod\u00e3o na cor rosa com estampa em silk de alta qualidade.<\/p>\n<p>A taxa de encolhimento \u00e9 em m\u00e9dia 3% variando dos m\u00e9todos de lavagem.<\/p>\n<p>DICAS PARA SUA CAMISETA DURAR MUITO:<br \/>\n\u2022 LAVE COM \u00c1GUA FRIA<br \/>\n\u2022 PASSE ELA DO AVESSO<br \/>\n\u2022 N\u00c3O COLOQUE NA M\u00c1QUINA DE SECAR<br \/>\n\u2022 N\u00c3O DEIXE DE MOLHO<br \/>\n\u2022 SEMPRE SEQUE \u00c0 SOMBRA<\/p>\n<p>Arte por Juscelino Neco<\/p>\n<p>As camisetas s\u00e3o despachadas em at\u00e9 3 dias \u00fateis.<\/p>\n","protected":false},"excerpt":{"rendered":"<p>Devine j\u00e1 deu o recado! Chegou a hora de usar um rosa com muito orgulho e atitude! Malha em 100% algod\u00e3o na cor rosa com estampa em silk de alta qualidade. A taxa de encolhimento \u00e9 em m\u00e9dia 3% variando dos m\u00e9todos de lavagem. DICAS PARA SUA CAMISETA DURAR MUITO: \u2022 LAVE COM \u00c1GUA FRIA [&#8230;]\n","protected":false},"featured_media":98494,"comment_status":"open","ping_status":"closed","template":"","meta":[],"product_brand":[],"product_cat":[83],"product_tag":[182,181,1289,1988,1065,1985,1994,1987,1295,1993,1991,1986,1848,1286,1293,1989,1296,1066,1990,1292,1291,1288,1287,1290,1992],"class_list":{"0":"post-98459","1":"product","2":"type-product","3":"status-publish","4":"has-post-thumbnail","6":"product_cat-camiseta-reta","7":"product_tag-camisa","8":"product_tag-camiseta","9":"product_tag-capeta","10":"product_tag-crime","11":"product_tag-del","12":"product_tag-devine","13":"product_tag-divine","14":"product_tag-do","15":"product_tag-drag","16":"product_tag-filth","17":"product_tag-flamingos","18":"product_tag-gay","19":"product_tag-john","20":"product_tag-not","21":"product_tag-paul","22":"product_tag-pinky","23":"product_tag-race","24":"product_tag-rio","25":"product_tag-rosa","26":"product_tag-ru","27":"product_tag-rupaul","28":"product_tag-satan","29":"product_tag-today","30":"product_tag-vermelho","31":"product_tag-waters","32":"pa_artista-neco","33":"pa_cor-vermelho","34":"pa_tamanho-2g","35":"pa_tamanho-3g","36":"pa_tamanho-4g","37":"pa_tamanho-5g","38":"pa_tamanho-g","39":"pa_tamanho-m","40":"pa_tamanho-p","41":"pa_tamanho-pp","42":"pa_tema-Cinema","43":"pa_tema-Humor","44":"pa_tema-Mashup","45":"pa_tema-Parodia","46":"product_type-variable","88":"first","89":"instock","90":"shipping-taxable","91":"purchasable","92":"product-type-variable","93":"has-default-attributes"},"_links":{"self":[{"href":"https:\/\/asbaratas.com.br\/loja\/wp-json\/wp\/v2\/product\/98459","targetHints":{"allow":["GET"]}}],"collection":[{"href":"https:\/\/asbaratas.com.br\/loja\/wp-json\/wp\/v2\/product"}],"about":[{"href":"https:\/\/asbaratas.com.br\/loja\/wp-json\/wp\/v2\/types\/product"}],"replies":[{"embeddable":true,"href":"https:\/\/asbaratas.com.br\/loja\/wp-json\/wp\/v2\/comments?post=98459"}],"wp:featuredmedia":[{"embeddable":true,"href":"https:\/\/asbaratas.com.br\/loja\/wp-json\/wp\/v2\/media\/98494"}],"wp:attachment":[{"href":"https:\/\/asbaratas.com.br\/loja\/wp-json\/wp\/v2\/media?parent=98459"}],"wp:term":[{"taxonomy":"product_brand","embeddable":true,"href":"https:\/\/asbaratas.com.br\/loja\/wp-json\/wp\/v2\/product_brand?post=98459"},{"taxonomy":"product_cat","embeddable":true,"href":"https:\/\/asbaratas.com.br\/loja\/wp-json\/wp\/v2\/product_cat?post=98459"},{"taxonomy":"product_tag","embeddable":true,"href":"https:\/\/asbaratas.com.br\/loja\/wp-json\/wp\/v2\/product_tag?post=98459"}],"curies":[{"name":"wp","href":"https:\/\/api.w.org\/{rel}","templated":true}]}}