{"id":98442,"date":"2025-10-09T17:04:18","date_gmt":"2025-10-09T20:04:18","guid":{"rendered":"https:\/\/asbaratas.com.br\/loja\/?post_type=product&#038;p=98442"},"modified":"2026-03-28T20:01:18","modified_gmt":"2026-03-28T23:01:18","slug":"getro","status":"publish","type":"product","link":"https:\/\/asbaratas.com.br\/loja\/produto\/getro\/","title":{"rendered":"GETRO"},"content":{"rendered":"<p>O Canal do GETRO est\u00e1 aqui nessa collab muito especial juntando a arte de Marcos Caldas a nossa qualidade de malha e silk e a curadoria impecav\u00e9l do mestre Getro para uma galeria de personagens essenciais para qualquer f\u00e3 de HOOOORRRORRRRR!<\/p>\n<p>Malha em 100% algod\u00e3o na cor preta com estampa em silk de alta qualidade.<\/p>\n<p>A taxa de encolhimento \u00e9 em m\u00e9dia 3% variando dos m\u00e9todos de lavagem.<\/p>\n<p>DICAS PARA SUA CAMISETA DURAR MUITO:<br \/>\n\u2022 LAVE COM \u00c1GUA FRIA<br \/>\n\u2022 PASSE ELA DO AVESSO<br \/>\n\u2022 N\u00c3O COLOQUE NA M\u00c1QUINA DE SECAR<br \/>\n\u2022 N\u00c3O DEIXE DE MOLHO<br \/>\n\u2022 SEMPRE SEQUE \u00c0 SOMBRA<\/p>\n<p>Arte por <span class=\"x1lliihq x1plvlek xryxfnj x1n2onr6 x193iq5w xeuugli x1fj9vlw x13faqbe x1vvkbs x1s928wv xhkezso x1gmr53x x1cpjm7i x1fgarty x1943h6x x1i0vuye xvs91rp x1s688f x5n08af x10wh9bi x1wdrske x8viiok x18hxmgj\" dir=\"auto\">Marcos Caldas.<br \/>\n<\/span><\/p>\n<p>As camisetas s\u00e3o despachadas em at\u00e9 3 dias \u00fateis.<\/p>\n","protected":false},"excerpt":{"rendered":"<p>O Canal do GETRO est\u00e1 aqui nessa collab muito especial juntando a arte de Marcos Caldas a nossa qualidade de malha e silk e a curadoria impecav\u00e9l do mestre Getro para uma galeria de personagens essenciais para qualquer f\u00e3 de HOOOORRRORRRRR! Malha em 100% algod\u00e3o na cor preta com estampa em silk de alta qualidade. [&#8230;]\n","protected":false},"featured_media":98495,"comment_status":"open","ping_status":"closed","template":"","meta":[],"product_brand":[],"product_cat":[83],"product_tag":[934,1323,1852,980,1845,1978,1979,1849,1365,882,1848,1837,967,1842,1844,933,1836,1840,1851,1843,1846,1841,536,874,1847,1838,1197,1834,643,1835,1839],"class_list":{"0":"post-98442","1":"product","2":"type-product","3":"status-publish","4":"has-post-thumbnail","6":"product_cat-camiseta-reta","7":"product_tag-cage","8":"product_tag-canal","9":"product_tag-candyman","10":"product_tag-carpenter","11":"product_tag-chucky","12":"product_tag-getro","13":"product_tag-guimaraes","14":"product_tag-halloween","15":"product_tag-horror","16":"product_tag-jogos","17":"product_tag-john","18":"product_tag-karina","19":"product_tag-lobisomem","20":"product_tag-londres","21":"product_tag-mortais","22":"product_tag-nicolas","23":"product_tag-oswaldo","24":"product_tag-palhacos","25":"product_tag-presas","26":"product_tag-saw","27":"product_tag-slasher","28":"product_tag-terrifier","29":"product_tag-terror","30":"product_tag-the","31":"product_tag-thing","32":"product_tag-traseira","33":"product_tag-trash","34":"product_tag-trasheira","35":"product_tag-tubarao","36":"product_tag-violenta","37":"product_tag-violento","38":"pa_artista-getro","39":"pa_artista-marcoscaldas","40":"pa_cor-preto","41":"pa_tamanho-2g","42":"pa_tamanho-3g","43":"pa_tamanho-4g","44":"pa_tamanho-5g","45":"pa_tamanho-g","46":"pa_tamanho-m","47":"pa_tamanho-p","48":"pa_tamanho-pp","49":"pa_tema-arte","50":"pa_tema-Cinema","51":"pa_tema-Mashup","52":"pa_tema-oficial","53":"pa_tema-Parodia","54":"pa_tema-Televisao","55":"product_type-variable","106":"first","107":"instock","108":"shipping-taxable","109":"purchasable","110":"product-type-variable","111":"has-default-attributes"},"_links":{"self":[{"href":"https:\/\/asbaratas.com.br\/loja\/wp-json\/wp\/v2\/product\/98442","targetHints":{"allow":["GET"]}}],"collection":[{"href":"https:\/\/asbaratas.com.br\/loja\/wp-json\/wp\/v2\/product"}],"about":[{"href":"https:\/\/asbaratas.com.br\/loja\/wp-json\/wp\/v2\/types\/product"}],"replies":[{"embeddable":true,"href":"https:\/\/asbaratas.com.br\/loja\/wp-json\/wp\/v2\/comments?post=98442"}],"wp:featuredmedia":[{"embeddable":true,"href":"https:\/\/asbaratas.com.br\/loja\/wp-json\/wp\/v2\/media\/98495"}],"wp:attachment":[{"href":"https:\/\/asbaratas.com.br\/loja\/wp-json\/wp\/v2\/media?parent=98442"}],"wp:term":[{"taxonomy":"product_brand","embeddable":true,"href":"https:\/\/asbaratas.com.br\/loja\/wp-json\/wp\/v2\/product_brand?post=98442"},{"taxonomy":"product_cat","embeddable":true,"href":"https:\/\/asbaratas.com.br\/loja\/wp-json\/wp\/v2\/product_cat?post=98442"},{"taxonomy":"product_tag","embeddable":true,"href":"https:\/\/asbaratas.com.br\/loja\/wp-json\/wp\/v2\/product_tag?post=98442"}],"curies":[{"name":"wp","href":"https:\/\/api.w.org\/{rel}","templated":true}]}}