{"id":98433,"date":"2025-10-09T17:02:20","date_gmt":"2025-10-09T20:02:20","guid":{"rendered":"https:\/\/asbaratas.com.br\/loja\/?post_type=product&#038;p=98433"},"modified":"2026-03-22T17:17:15","modified_gmt":"2026-03-22T20:17:15","slug":"paura","status":"publish","type":"product","link":"https:\/\/asbaratas.com.br\/loja\/produto\/paura\/","title":{"rendered":"L&#8217;URLO DI PAURA AL TELEFONO"},"content":{"rendered":"<p>Um cl\u00e1ssico do slasher americano com profundas influ\u00eancias no giallo italiano? Temos!<\/p>\n<p>Prepare-se para GRITAR DE P\u00c2NICO NO TELEFONE nessa estampa chique culta e repleta de refer\u00eancias que s\u00f3 a galera mais cult do cinema vai pegar!<\/p>\n<p>&nbsp;<\/p>\n<p>Malha em 100% algod\u00e3o na preta com estampa em silk de alta qualidade!<\/p>\n<p>A taxa de encolhimento \u00e9 em m\u00e9dia 3% variando dos m\u00e9todos de lavagem.<\/p>\n<p>DICAS PARA SUA CAMISETA DURAR MUITO:<br \/>\n\u2022 LAVE COM \u00c1GUA FRIA<br \/>\n\u2022 PASSE ELA DO AVESSO<br \/>\n\u2022 N\u00c3O COLOQUE NA M\u00c1QUINA DE SECAR<br \/>\n\u2022 N\u00c3O DEIXE DE MOLHO<br \/>\n\u2022 SEMPRE SEQUE \u00c0 SOMBRA<\/p>\n<p>Arte por Abel<\/p>\n<p>As camisetas s\u00e3o despachadas em at\u00e9 3 dias \u00fateis.<\/p>\n","protected":false},"excerpt":{"rendered":"<p>Um cl\u00e1ssico do slasher americano com profundas influ\u00eancias no giallo italiano? Temos! Prepare-se para GRITAR DE P\u00c2NICO NO TELEFONE nessa estampa chique culta e repleta de refer\u00eancias que s\u00f3 a galera mais cult do cinema vai pegar! &nbsp; Malha em 100% algod\u00e3o na preta com estampa em silk de alta qualidade! A taxa de encolhimento [&#8230;]\n","protected":false},"featured_media":98498,"comment_status":"open","ping_status":"closed","template":"","meta":[],"product_brand":[],"product_cat":[83],"product_tag":[512,1240,2012,182,194,2006,505,2011,510,183,507,2007,195,191,190,184,506,198,511,502,2008,205,2009,509,1242,436,193,192,199,2013,508,504,503,2010,2005],"class_list":{"0":"post-98433","1":"product","2":"type-product","3":"status-publish","4":"has-post-thumbnail","6":"product_cat-camiseta-reta","7":"product_tag-amiseta","8":"product_tag-antifa","9":"product_tag-barrymore","10":"product_tag-camisa","11":"product_tag-comics","12":"product_tag-cravem","13":"product_tag-dead","14":"product_tag-drew","15":"product_tag-einsturzende","16":"product_tag-estampa","17":"product_tag-exploited","18":"product_tag-giallo","19":"product_tag-gibi","20":"product_tag-historia-em-quadrinhos","21":"product_tag-hq","22":"product_tag-ilustracao","23":"product_tag-kenndys","24":"product_tag-musica","25":"product_tag-neubauten","26":"product_tag-ororo","27":"product_tag-panico","28":"product_tag-parodia","29":"product_tag-paura","30":"product_tag-pistols","31":"product_tag-politic","32":"product_tag-punk","33":"product_tag-quadrinhos","34":"product_tag-revista","35":"product_tag-rock","36":"product_tag-scream","37":"product_tag-sex","38":"product_tag-storm","39":"product_tag-tempestade","40":"product_tag-urlo","41":"product_tag-wes","42":"pa_artista-abel","43":"pa_cor-azul-escuro","44":"pa_tamanho-2g","45":"pa_tamanho-3g","46":"pa_tamanho-4g","47":"pa_tamanho-5g","48":"pa_tamanho-g","49":"pa_tamanho-m","50":"pa_tamanho-p","51":"pa_tamanho-pp","52":"pa_tema-arte","53":"pa_tema-Cinema","54":"pa_tema-Mashup","55":"pa_tema-Parodia","56":"product_type-variable","108":"first","109":"instock","110":"shipping-taxable","111":"purchasable","112":"product-type-variable"},"_links":{"self":[{"href":"https:\/\/asbaratas.com.br\/loja\/wp-json\/wp\/v2\/product\/98433","targetHints":{"allow":["GET"]}}],"collection":[{"href":"https:\/\/asbaratas.com.br\/loja\/wp-json\/wp\/v2\/product"}],"about":[{"href":"https:\/\/asbaratas.com.br\/loja\/wp-json\/wp\/v2\/types\/product"}],"replies":[{"embeddable":true,"href":"https:\/\/asbaratas.com.br\/loja\/wp-json\/wp\/v2\/comments?post=98433"}],"wp:featuredmedia":[{"embeddable":true,"href":"https:\/\/asbaratas.com.br\/loja\/wp-json\/wp\/v2\/media\/98498"}],"wp:attachment":[{"href":"https:\/\/asbaratas.com.br\/loja\/wp-json\/wp\/v2\/media?parent=98433"}],"wp:term":[{"taxonomy":"product_brand","embeddable":true,"href":"https:\/\/asbaratas.com.br\/loja\/wp-json\/wp\/v2\/product_brand?post=98433"},{"taxonomy":"product_cat","embeddable":true,"href":"https:\/\/asbaratas.com.br\/loja\/wp-json\/wp\/v2\/product_cat?post=98433"},{"taxonomy":"product_tag","embeddable":true,"href":"https:\/\/asbaratas.com.br\/loja\/wp-json\/wp\/v2\/product_tag?post=98433"}],"curies":[{"name":"wp","href":"https:\/\/api.w.org\/{rel}","templated":true}]}}