{"id":98424,"date":"2025-10-09T17:01:37","date_gmt":"2025-10-09T20:01:37","guid":{"rendered":"https:\/\/asbaratas.com.br\/loja\/?post_type=product&#038;p=98424"},"modified":"2026-02-26T11:18:04","modified_gmt":"2026-02-26T14:18:04","slug":"toxic","status":"publish","type":"product","link":"https:\/\/asbaratas.com.br\/loja\/produto\/toxic\/","title":{"rendered":"TOXIC"},"content":{"rendered":"<p>T\u00d3XICO? \u00a0Isso e mais um pouco no mashup mais maluco poss\u00edvel onde uma capa de revista que nunca aconteceu vira estampa s\u00f3 pra quem se garante no vizu e na doidera!<\/p>\n<p>Malha em 100% algod\u00e3o na cor preta com estampa em silk de alta qualidade e detalhes rosa radiotivo nas mangas e gola.<\/p>\n<p>A taxa de encolhimento \u00e9 em m\u00e9dia 3% variando dos m\u00e9todos de lavagem.<\/p>\n<p>DICAS PARA SUA CAMISETA DURAR MUITO:<br \/>\n\u2022 LAVE COM \u00c1GUA FRIA<br \/>\n\u2022 PASSE ELA DO AVESSO<br \/>\n\u2022 N\u00c3O COLOQUE NA M\u00c1QUINA DE SECAR<br \/>\n\u2022 N\u00c3O DEIXE DE MOLHO<br \/>\n\u2022 SEMPRE SEQUE \u00c0 SOMBRA<\/p>\n<p>Arte por Matias Streb<\/p>\n<p>As camisetas s\u00e3o despachadas em at\u00e9 3 dias \u00fateis.<\/p>\n","protected":false},"excerpt":{"rendered":"<p>T\u00d3XICO? \u00a0Isso e mais um pouco no mashup mais maluco poss\u00edvel onde uma capa de revista que nunca aconteceu vira estampa s\u00f3 pra quem se garante no vizu e na doidera! Malha em 100% algod\u00e3o na cor preta com estampa em silk de alta qualidade e detalhes rosa radiotivo nas mangas e gola. A taxa [&#8230;]\n","protected":false},"featured_media":98500,"comment_status":"open","ping_status":"closed","template":"","meta":[],"product_brand":[],"product_cat":[83],"product_tag":[2019,1057,181,1632,1633,194,1571,183,195,2015,191,190,184,1068,2018,547,234,2014,192,1055,2017,1197,1834,1058,236,2016],"class_list":{"0":"post-98424","1":"product","2":"type-product","3":"status-publish","4":"has-post-thumbnail","6":"product_cat-camiseta-reta","7":"product_tag-alfred","8":"product_tag-avenger","9":"product_tag-camiseta","10":"product_tag-canhota","11":"product_tag-canhoto","12":"product_tag-comics","13":"product_tag-esquerda","14":"product_tag-estampa","15":"product_tag-gibi","16":"product_tag-hero","17":"product_tag-historia-em-quadrinhos","18":"product_tag-hq","19":"product_tag-ilustracao","20":"product_tag-kaufman","21":"product_tag-llyoyd","22":"product_tag-mad","23":"product_tag-mago","24":"product_tag-newman","25":"product_tag-revista","26":"product_tag-toxic","27":"product_tag-toxico","28":"product_tag-trash","29":"product_tag-trasheira","30":"product_tag-troma","31":"product_tag-v","32":"product_tag-vingador","33":"pa_artista-matias","34":"pa_cor-preto","35":"pa_tamanho-2g","36":"pa_tamanho-3g","37":"pa_tamanho-4g","38":"pa_tamanho-5g","39":"pa_tamanho-g","40":"pa_tamanho-m","41":"pa_tamanho-p","42":"pa_tamanho-pp","43":"pa_tema-arte","44":"pa_tema-Cinema","45":"pa_tema-DesenhoAnimado","46":"pa_tema-Games","47":"pa_tema-HQ","48":"pa_tema-Humor","49":"pa_tema-Mashup","50":"pa_tema-Parodia","51":"product_type-variable","91":"pa_tema-Desenho Animado","98":"first","99":"instock","100":"shipping-taxable","101":"purchasable","102":"product-type-variable"},"_links":{"self":[{"href":"https:\/\/asbaratas.com.br\/loja\/wp-json\/wp\/v2\/product\/98424","targetHints":{"allow":["GET"]}}],"collection":[{"href":"https:\/\/asbaratas.com.br\/loja\/wp-json\/wp\/v2\/product"}],"about":[{"href":"https:\/\/asbaratas.com.br\/loja\/wp-json\/wp\/v2\/types\/product"}],"replies":[{"embeddable":true,"href":"https:\/\/asbaratas.com.br\/loja\/wp-json\/wp\/v2\/comments?post=98424"}],"wp:featuredmedia":[{"embeddable":true,"href":"https:\/\/asbaratas.com.br\/loja\/wp-json\/wp\/v2\/media\/98500"}],"wp:attachment":[{"href":"https:\/\/asbaratas.com.br\/loja\/wp-json\/wp\/v2\/media?parent=98424"}],"wp:term":[{"taxonomy":"product_brand","embeddable":true,"href":"https:\/\/asbaratas.com.br\/loja\/wp-json\/wp\/v2\/product_brand?post=98424"},{"taxonomy":"product_cat","embeddable":true,"href":"https:\/\/asbaratas.com.br\/loja\/wp-json\/wp\/v2\/product_cat?post=98424"},{"taxonomy":"product_tag","embeddable":true,"href":"https:\/\/asbaratas.com.br\/loja\/wp-json\/wp\/v2\/product_tag?post=98424"}],"curies":[{"name":"wp","href":"https:\/\/api.w.org\/{rel}","templated":true}]}}