{"id":98405,"date":"2025-10-09T16:56:32","date_gmt":"2025-10-09T19:56:32","guid":{"rendered":"https:\/\/asbaratas.com.br\/loja\/?post_type=product&#038;p=98405"},"modified":"2026-04-04T13:03:26","modified_gmt":"2026-04-04T16:03:26","slug":"bone-never-sleep","status":"publish","type":"product","link":"https:\/\/asbaratas.com.br\/loja\/produto\/bone-never-sleep\/","title":{"rendered":"BON\u00c9 \u2022 NEVER SLEEP Again"},"content":{"rendered":"<p>Nunca mais voc\u00ea vai dormir de novo depois de ter na cabe\u00e7a esse bon\u00e9 que vai povoar seus pesadelos a toda hora!<\/p>\n<p>&nbsp;<\/p>\n<p>Bon\u00e9 baseball com aba curva em couro sint\u00e9tico e frente em bordado de alta qualidade.<\/p>\n<p>Tamanho \u00fanico com regulagem.<\/p>\n","protected":false},"excerpt":{"rendered":"<p>Nunca mais voc\u00ea vai dormir de novo depois de ter na cabe\u00e7a esse bon\u00e9 que vai povoar seus pesadelos a toda hora! &nbsp; Bon\u00e9 baseball com aba curva em couro sint\u00e9tico e frente em bordado de alta qualidade. Tamanho \u00fanico com regulagem.<\/p>\n","protected":false},"featured_media":98551,"comment_status":"closed","ping_status":"closed","template":"","meta":[],"product_brand":[],"product_cat":[1521,1488],"product_tag":[2034,1662,1356,1352,2032,1873,2033,887],"class_list":{"0":"post-98405","1":"product","2":"type-product","3":"status-publish","4":"has-post-thumbnail","6":"product_cat-baseball-aba-curva","7":"product_cat-bone","8":"product_tag-again","9":"product_tag-bone","10":"product_tag-elm","11":"product_tag-freddy","12":"product_tag-never","13":"product_tag-pesadelo","14":"product_tag-sleep","15":"product_tag-street","16":"pa_artista-barata","17":"pa_tema-arte","18":"pa_tema-Parodia","19":"product_type-simple","34":"first","35":"instock","36":"shipping-taxable","37":"purchasable","38":"product-type-simple"},"_links":{"self":[{"href":"https:\/\/asbaratas.com.br\/loja\/wp-json\/wp\/v2\/product\/98405","targetHints":{"allow":["GET"]}}],"collection":[{"href":"https:\/\/asbaratas.com.br\/loja\/wp-json\/wp\/v2\/product"}],"about":[{"href":"https:\/\/asbaratas.com.br\/loja\/wp-json\/wp\/v2\/types\/product"}],"replies":[{"embeddable":true,"href":"https:\/\/asbaratas.com.br\/loja\/wp-json\/wp\/v2\/comments?post=98405"}],"wp:featuredmedia":[{"embeddable":true,"href":"https:\/\/asbaratas.com.br\/loja\/wp-json\/wp\/v2\/media\/98551"}],"wp:attachment":[{"href":"https:\/\/asbaratas.com.br\/loja\/wp-json\/wp\/v2\/media?parent=98405"}],"wp:term":[{"taxonomy":"product_brand","embeddable":true,"href":"https:\/\/asbaratas.com.br\/loja\/wp-json\/wp\/v2\/product_brand?post=98405"},{"taxonomy":"product_cat","embeddable":true,"href":"https:\/\/asbaratas.com.br\/loja\/wp-json\/wp\/v2\/product_cat?post=98405"},{"taxonomy":"product_tag","embeddable":true,"href":"https:\/\/asbaratas.com.br\/loja\/wp-json\/wp\/v2\/product_tag?post=98405"}],"curies":[{"name":"wp","href":"https:\/\/api.w.org\/{rel}","templated":true}]}}