{"id":98404,"date":"2025-10-09T16:51:39","date_gmt":"2025-10-09T19:51:39","guid":{"rendered":"https:\/\/asbaratas.com.br\/loja\/?post_type=product&#038;p=98404"},"modified":"2026-01-21T23:22:55","modified_gmt":"2026-01-22T02:22:55","slug":"bone-crystal-lake","status":"publish","type":"product","link":"https:\/\/asbaratas.com.br\/loja\/produto\/bone-crystal-lake\/","title":{"rendered":"BON\u00c9 \u2022 CRYSTAL LAKE"},"content":{"rendered":"<p>O time de hockey favorito da galera que curte um slasher 80s agora al\u00e9m de camiseta tem um bon\u00e9 pra fechar o outfit<\/p>\n<p>&nbsp;<\/p>\n<p>Bon\u00e9 baseball aba reta fechado com aba azul fluor com silk embaixo e frente em relevo e bordado de alta qualidade.<\/p>\n<p>Tamanho \u00fanico com regulagem.<\/p>\n","protected":false},"excerpt":{"rendered":"<p>O time de hockey favorito da galera que curte um slasher 80s agora al\u00e9m de camiseta tem um bon\u00e9 pra fechar o outfit &nbsp; Bon\u00e9 baseball aba reta fechado com aba azul fluor com silk embaixo e frente em relevo e bordado de alta qualidade. Tamanho \u00fanico com regulagem.<\/p>\n","protected":false},"featured_media":98536,"comment_status":"closed","ping_status":"closed","template":"","meta":[],"product_brand":[],"product_cat":[1491,1488],"product_tag":[1234,1662,2036,1578,1211,1213,1210,1206,1212,1846,1869,2035],"class_list":{"0":"post-98404","1":"product","2":"type-product","3":"status-publish","4":"has-post-thumbnail","6":"product_cat-baseball-aba-reta","7":"product_cat-bone","8":"product_tag-1234","9":"product_tag-bone","10":"product_tag-camp","11":"product_tag-class","12":"product_tag-cristal","13":"product_tag-crystal","14":"product_tag-hockey","15":"product_tag-jason","16":"product_tag-lake","17":"product_tag-slasher","18":"product_tag-slashers","19":"product_tag-voorhes","20":"pa_artista-barata","21":"pa_tema-arte","22":"pa_tema-Cinema","23":"pa_tema-Parodia","24":"product_type-simple","27":"product_tag-80","44":"first","45":"instock","46":"shipping-taxable","47":"purchasable","48":"product-type-simple"},"_links":{"self":[{"href":"https:\/\/asbaratas.com.br\/loja\/wp-json\/wp\/v2\/product\/98404","targetHints":{"allow":["GET"]}}],"collection":[{"href":"https:\/\/asbaratas.com.br\/loja\/wp-json\/wp\/v2\/product"}],"about":[{"href":"https:\/\/asbaratas.com.br\/loja\/wp-json\/wp\/v2\/types\/product"}],"replies":[{"embeddable":true,"href":"https:\/\/asbaratas.com.br\/loja\/wp-json\/wp\/v2\/comments?post=98404"}],"wp:featuredmedia":[{"embeddable":true,"href":"https:\/\/asbaratas.com.br\/loja\/wp-json\/wp\/v2\/media\/98536"}],"wp:attachment":[{"href":"https:\/\/asbaratas.com.br\/loja\/wp-json\/wp\/v2\/media?parent=98404"}],"wp:term":[{"taxonomy":"product_brand","embeddable":true,"href":"https:\/\/asbaratas.com.br\/loja\/wp-json\/wp\/v2\/product_brand?post=98404"},{"taxonomy":"product_cat","embeddable":true,"href":"https:\/\/asbaratas.com.br\/loja\/wp-json\/wp\/v2\/product_cat?post=98404"},{"taxonomy":"product_tag","embeddable":true,"href":"https:\/\/asbaratas.com.br\/loja\/wp-json\/wp\/v2\/product_tag?post=98404"}],"curies":[{"name":"wp","href":"https:\/\/api.w.org\/{rel}","templated":true}]}}