{"id":98403,"date":"2025-10-09T16:50:17","date_gmt":"2025-10-09T19:50:17","guid":{"rendered":"https:\/\/asbaratas.com.br\/loja\/?post_type=product&#038;p=98403"},"modified":"2026-03-29T22:59:07","modified_gmt":"2026-03-30T01:59:07","slug":"bone-moon","status":"publish","type":"product","link":"https:\/\/asbaratas.com.br\/loja\/produto\/bone-moon\/","title":{"rendered":"BON\u00c9 \u2022 BEWARE THE MOON"},"content":{"rendered":"<p>Se estiver em Londres cuidado com a Lua!<\/p>\n<p>Bon\u00e9 Baseball 6 gomos aba reta com patch ordado de alta qualidade e impress\u00e3o em baixo da aba.<\/p>\n<p>Tamanho \u00fanico com regulagem.<\/p>\n","protected":false},"excerpt":{"rendered":"<p>Se estiver em Londres cuidado com a Lua! Bon\u00e9 Baseball 6 gomos aba reta com patch ordado de alta qualidade e impress\u00e3o em baixo da aba. Tamanho \u00fanico com regulagem.<\/p>\n","protected":false},"featured_media":98557,"comment_status":"closed","ping_status":"closed","template":"","meta":[],"product_brand":[],"product_cat":[1491,1488],"product_tag":[],"class_list":{"0":"post-98403","1":"product","2":"type-product","3":"status-publish","4":"has-post-thumbnail","6":"product_cat-baseball-aba-reta","7":"product_cat-bone","8":"pa_artista-kiko-garcia","9":"pa_tema-arte","10":"pa_tema-Cinema","11":"pa_tema-Parodia","12":"product_type-simple","20":"first","21":"instock","22":"shipping-taxable","23":"purchasable","24":"product-type-simple"},"_links":{"self":[{"href":"https:\/\/asbaratas.com.br\/loja\/wp-json\/wp\/v2\/product\/98403","targetHints":{"allow":["GET"]}}],"collection":[{"href":"https:\/\/asbaratas.com.br\/loja\/wp-json\/wp\/v2\/product"}],"about":[{"href":"https:\/\/asbaratas.com.br\/loja\/wp-json\/wp\/v2\/types\/product"}],"replies":[{"embeddable":true,"href":"https:\/\/asbaratas.com.br\/loja\/wp-json\/wp\/v2\/comments?post=98403"}],"wp:featuredmedia":[{"embeddable":true,"href":"https:\/\/asbaratas.com.br\/loja\/wp-json\/wp\/v2\/media\/98557"}],"wp:attachment":[{"href":"https:\/\/asbaratas.com.br\/loja\/wp-json\/wp\/v2\/media?parent=98403"}],"wp:term":[{"taxonomy":"product_brand","embeddable":true,"href":"https:\/\/asbaratas.com.br\/loja\/wp-json\/wp\/v2\/product_brand?post=98403"},{"taxonomy":"product_cat","embeddable":true,"href":"https:\/\/asbaratas.com.br\/loja\/wp-json\/wp\/v2\/product_cat?post=98403"},{"taxonomy":"product_tag","embeddable":true,"href":"https:\/\/asbaratas.com.br\/loja\/wp-json\/wp\/v2\/product_tag?post=98403"}],"curies":[{"name":"wp","href":"https:\/\/api.w.org\/{rel}","templated":true}]}}