{"id":98398,"date":"2025-10-09T16:44:26","date_gmt":"2025-10-09T19:44:26","guid":{"rendered":"https:\/\/asbaratas.com.br\/loja\/?post_type=product&#038;p=98398"},"modified":"2026-02-05T22:18:20","modified_gmt":"2026-02-06T01:18:20","slug":"shoulder-bag-badguys","status":"publish","type":"product","link":"https:\/\/asbaratas.com.br\/loja\/produto\/shoulder-bag-badguys\/","title":{"rendered":"SHOULDER BAG \u2022 BAD GUYS"},"content":{"rendered":"<p>Bag tem\u00e1tica pra quem banca um vizu slasher colorido com refer\u00eancias \u00fanicas de quem n\u00e3o est\u00e1 pra brincadeira.<\/p>\n<p>Bolsa de ombro com al\u00e7a refor\u00e7ada e aplica\u00e7\u00f5es em bordado na frente e atr\u00e1s.<\/p>\n<p>&nbsp;<\/p>\n<p>Tamanho:<\/p>\n<p>ALTURA 20cm<br \/>\nLARGURA 16cm<br \/>\nPROFUNDIDADE 6cm<\/p>\n<p>&nbsp;<\/p>\n","protected":false},"excerpt":{"rendered":"<p>Bag tem\u00e1tica pra quem banca um vizu slasher colorido com refer\u00eancias \u00fanicas de quem n\u00e3o est\u00e1 pra brincadeira. Bolsa de ombro com al\u00e7a refor\u00e7ada e aplica\u00e7\u00f5es em bordado na frente e atr\u00e1s. &nbsp; Tamanho: ALTURA 20cm LARGURA 16cm PROFUNDIDADE 6cm &nbsp;<\/p>\n","protected":false},"featured_media":98556,"comment_status":"closed","ping_status":"closed","template":"","meta":[],"product_brand":[],"product_cat":[1729,1743],"product_tag":[2047,415,2048,2049,2046,2045,1845,2044,2050,1846,2051],"class_list":{"0":"post-98398","1":"product","2":"type-product","3":"status-publish","4":"has-post-thumbnail","6":"product_cat-bags","7":"product_cat-shoulderbag","8":"product_tag-assassino","9":"product_tag-bad","10":"product_tag-bag","11":"product_tag-boneco","12":"product_tag-brinquedo","13":"product_tag-chuck","14":"product_tag-chucky","15":"product_tag-guys","16":"product_tag-ruivo","17":"product_tag-slasher","18":"product_tag-tiffany","19":"pa_artista-barata","20":"pa_tema-arte","21":"pa_tema-Cinema","22":"pa_tema-Humor","23":"pa_tema-Mashup","24":"pa_tema-Parodia","25":"product_type-simple","46":"first","47":"instock","48":"shipping-taxable","49":"purchasable","50":"product-type-simple"},"_links":{"self":[{"href":"https:\/\/asbaratas.com.br\/loja\/wp-json\/wp\/v2\/product\/98398","targetHints":{"allow":["GET"]}}],"collection":[{"href":"https:\/\/asbaratas.com.br\/loja\/wp-json\/wp\/v2\/product"}],"about":[{"href":"https:\/\/asbaratas.com.br\/loja\/wp-json\/wp\/v2\/types\/product"}],"replies":[{"embeddable":true,"href":"https:\/\/asbaratas.com.br\/loja\/wp-json\/wp\/v2\/comments?post=98398"}],"wp:featuredmedia":[{"embeddable":true,"href":"https:\/\/asbaratas.com.br\/loja\/wp-json\/wp\/v2\/media\/98556"}],"wp:attachment":[{"href":"https:\/\/asbaratas.com.br\/loja\/wp-json\/wp\/v2\/media?parent=98398"}],"wp:term":[{"taxonomy":"product_brand","embeddable":true,"href":"https:\/\/asbaratas.com.br\/loja\/wp-json\/wp\/v2\/product_brand?post=98398"},{"taxonomy":"product_cat","embeddable":true,"href":"https:\/\/asbaratas.com.br\/loja\/wp-json\/wp\/v2\/product_cat?post=98398"},{"taxonomy":"product_tag","embeddable":true,"href":"https:\/\/asbaratas.com.br\/loja\/wp-json\/wp\/v2\/product_tag?post=98398"}],"curies":[{"name":"wp","href":"https:\/\/api.w.org\/{rel}","templated":true}]}}