{"id":97998,"date":"2025-07-29T20:31:00","date_gmt":"2025-07-29T23:31:00","guid":{"rendered":"https:\/\/asbaratas.com.br\/loja\/?post_type=product&#038;p=97998"},"modified":"2025-12-10T19:42:50","modified_gmt":"2025-12-10T22:42:50","slug":"bone-retrocon","status":"publish","type":"product","link":"https:\/\/asbaratas.com.br\/loja\/produto\/bone-retrocon\/","title":{"rendered":"BON\u00c9 \u2022 RETROCON"},"content":{"rendered":"<p>Bon\u00e9 oficial da RETROCON com um formato retr\u00f4 repleto de detalhes para qualquer ocasi\u00e3o nost\u00e1lgica ou atual!<\/p>\n<p>&nbsp;<\/p>\n<p>Bon\u00e9 6 Panel Trucker fechado com a frente em relevo bordado de alta qualidade e silk em baixo da aba!<\/p>\n<p>Tamanho \u00fanico com regulagem.<\/p>\n","protected":false},"excerpt":{"rendered":"<p>Bon\u00e9 oficial da RETROCON com um formato retr\u00f4 repleto de detalhes para qualquer ocasi\u00e3o nost\u00e1lgica ou atual! &nbsp; Bon\u00e9 6 Panel Trucker fechado com a frente em relevo bordado de alta qualidade e silk em baixo da aba! Tamanho \u00fanico com regulagem.<\/p>\n","protected":false},"featured_media":97989,"comment_status":"closed","ping_status":"closed","template":"","meta":[],"product_brand":[],"product_cat":[1488,1489],"product_tag":[1974,1970,1971,1965,471,866,1973,1975,1966,1309,1964,1972,1830,1968,1967,1969],"class_list":{"0":"post-97998","1":"product","2":"type-product","3":"status-publish","4":"has-post-thumbnail","6":"product_cat-bone","7":"product_cat-trucker","8":"product_tag-casa","9":"product_tag-clebao","10":"product_tag-cleber","11":"product_tag-con","12":"product_tag-editora","13":"product_tag-games","14":"product_tag-gilao","15":"product_tag-mr","16":"product_tag-nostaliga","17":"product_tag-retro","18":"product_tag-retrocon","19":"product_tag-tiozao","20":"product_tag-videogames","21":"product_tag-warp","22":"product_tag-warpzone","23":"product_tag-zone","24":"pa_artista-retrocon","25":"pa_tema-oficial","26":"pa_tema-Videogame","27":"product_type-simple","50":"first","51":"instock","52":"shipping-taxable","53":"purchasable","54":"product-type-simple"},"_links":{"self":[{"href":"https:\/\/asbaratas.com.br\/loja\/wp-json\/wp\/v2\/product\/97998","targetHints":{"allow":["GET"]}}],"collection":[{"href":"https:\/\/asbaratas.com.br\/loja\/wp-json\/wp\/v2\/product"}],"about":[{"href":"https:\/\/asbaratas.com.br\/loja\/wp-json\/wp\/v2\/types\/product"}],"replies":[{"embeddable":true,"href":"https:\/\/asbaratas.com.br\/loja\/wp-json\/wp\/v2\/comments?post=97998"}],"wp:featuredmedia":[{"embeddable":true,"href":"https:\/\/asbaratas.com.br\/loja\/wp-json\/wp\/v2\/media\/97989"}],"wp:attachment":[{"href":"https:\/\/asbaratas.com.br\/loja\/wp-json\/wp\/v2\/media?parent=97998"}],"wp:term":[{"taxonomy":"product_brand","embeddable":true,"href":"https:\/\/asbaratas.com.br\/loja\/wp-json\/wp\/v2\/product_brand?post=97998"},{"taxonomy":"product_cat","embeddable":true,"href":"https:\/\/asbaratas.com.br\/loja\/wp-json\/wp\/v2\/product_cat?post=97998"},{"taxonomy":"product_tag","embeddable":true,"href":"https:\/\/asbaratas.com.br\/loja\/wp-json\/wp\/v2\/product_tag?post=97998"}],"curies":[{"name":"wp","href":"https:\/\/api.w.org\/{rel}","templated":true}]}}