{"id":97962,"date":"2025-07-29T18:06:36","date_gmt":"2025-07-29T21:06:36","guid":{"rendered":"https:\/\/asbaratas.com.br\/loja\/?post_type=product&#038;p=97962"},"modified":"2026-04-17T19:32:01","modified_gmt":"2026-04-17T22:32:01","slug":"jogosbr","status":"publish","type":"product","link":"https:\/\/asbaratas.com.br\/loja\/produto\/jogosbr\/","title":{"rendered":"JOGUINHOS BRASILEIROS"},"content":{"rendered":"<p>Em uma collab \u00fanica na hist\u00f3ria dos games brasileiros o pessoal do @controlesvoadores juntou a galera dos j\u00e1 consagrados MULLET MAD JACK e UNSIGHTED para mandar a real sobre a cena de games produzidos aqui no Brasil! GOSTOSO DEMAIS! Bora apoiar o corre?<\/p>\n<p>Malha em 100% algod\u00e3o na cor azul escuro com estampa em silk de alta qualidade.<\/p>\n<p>A taxa de encolhimento \u00e9 em m\u00e9dia 3% variando dos m\u00e9todos de lavagem.<\/p>\n<p>DICAS PARA SUA CAMISETA DURAR MUITO:<br \/>\n\u2022 LAVE COM \u00c1GUA FRIA<br \/>\n\u2022 PASSE ELA DO AVESSO<br \/>\n\u2022 N\u00c3O COLOQUE NA M\u00c1QUINA DE SECAR<br \/>\n\u2022 N\u00c3O DEIXE DE MOLHO<br \/>\n\u2022 SEMPRE SEQUE \u00c0 SOMBRA<\/p>\n<p>As camisetas s\u00e3o despachadas em at\u00e9 3 dias \u00fateis.<\/p>\n","protected":false},"excerpt":{"rendered":"<p>Em uma collab \u00fanica na hist\u00f3ria dos games brasileiros o pessoal do @controlesvoadores juntou a galera dos j\u00e1 consagrados MULLET MAD JACK e UNSIGHTED para mandar a real sobre a cena de games produzidos aqui no Brasil! GOSTOSO DEMAIS! Bora apoiar o corre? Malha em 100% algod\u00e3o na cor azul escuro com estampa em silk [&#8230;]\n","protected":false},"featured_media":97980,"comment_status":"open","ping_status":"closed","template":"","meta":[],"product_brand":[],"product_cat":[83],"product_tag":[1951,1946,1942,181,1939,1944,1640,183,1950,866,1650,1943,1945,1036,1955,1941,547,1913,1674,436,1949,1953,1954,1947,1948,1830,1940,1952],"class_list":{"0":"post-97962","1":"product","2":"type-product","3":"status-publish","4":"has-post-thumbnail","6":"product_cat-camiseta-reta","7":"product_tag-abyss","8":"product_tag-br","9":"product_tag-brasileiros","10":"product_tag-camiseta","11":"product_tag-controles","12":"product_tag-demais","13":"product_tag-dias","14":"product_tag-estampa","15":"product_tag-fernanda","16":"product_tag-games","17":"product_tag-gostoso","18":"product_tag-gostosos","19":"product_tag-indie","20":"product_tag-jack","21":"product_tag-jogatorio","22":"product_tag-joguinhos","23":"product_tag-mad","24":"product_tag-mullet","25":"product_tag-pixel","26":"product_tag-punk","27":"product_tag-tiani","28":"product_tag-toso","29":"product_tag-tozo","30":"product_tag-unsighted","31":"product_tag-unsigted","32":"product_tag-videogames","33":"product_tag-voadores","34":"product_tag-zero","35":"pa_artista-controlesvoadores","36":"pa_artista-capelo","37":"pa_artista-hammer95","38":"pa_artista-pixelpunk","39":"pa_cor-azul-escuro","40":"pa_tamanho-2g","41":"pa_tamanho-3g","42":"pa_tamanho-4g","43":"pa_tamanho-5g","44":"pa_tamanho-g","45":"pa_tamanho-m","46":"pa_tamanho-p","47":"pa_tamanho-pp","48":"pa_tema-Games","49":"pa_tema-Mashup","50":"pa_tema-oficial","51":"product_type-variable","98":"first","99":"instock","100":"shipping-taxable","101":"purchasable","102":"product-type-variable"},"_links":{"self":[{"href":"https:\/\/asbaratas.com.br\/loja\/wp-json\/wp\/v2\/product\/97962","targetHints":{"allow":["GET"]}}],"collection":[{"href":"https:\/\/asbaratas.com.br\/loja\/wp-json\/wp\/v2\/product"}],"about":[{"href":"https:\/\/asbaratas.com.br\/loja\/wp-json\/wp\/v2\/types\/product"}],"replies":[{"embeddable":true,"href":"https:\/\/asbaratas.com.br\/loja\/wp-json\/wp\/v2\/comments?post=97962"}],"wp:featuredmedia":[{"embeddable":true,"href":"https:\/\/asbaratas.com.br\/loja\/wp-json\/wp\/v2\/media\/97980"}],"wp:attachment":[{"href":"https:\/\/asbaratas.com.br\/loja\/wp-json\/wp\/v2\/media?parent=97962"}],"wp:term":[{"taxonomy":"product_brand","embeddable":true,"href":"https:\/\/asbaratas.com.br\/loja\/wp-json\/wp\/v2\/product_brand?post=97962"},{"taxonomy":"product_cat","embeddable":true,"href":"https:\/\/asbaratas.com.br\/loja\/wp-json\/wp\/v2\/product_cat?post=97962"},{"taxonomy":"product_tag","embeddable":true,"href":"https:\/\/asbaratas.com.br\/loja\/wp-json\/wp\/v2\/product_tag?post=97962"}],"curies":[{"name":"wp","href":"https:\/\/api.w.org\/{rel}","templated":true}]}}