{"id":97696,"date":"2025-06-09T13:12:31","date_gmt":"2025-06-09T16:12:31","guid":{"rendered":"https:\/\/asbaratas.com.br\/loja\/?post_type=product&#038;p=97696"},"modified":"2026-04-17T19:32:06","modified_gmt":"2026-04-17T22:32:06","slug":"villain","status":"publish","type":"product","link":"https:\/\/asbaratas.com.br\/loja\/produto\/villain\/","title":{"rendered":"MAD VILLAIN"},"content":{"rendered":"<p>O Vil\u00e3o mais emba\u00e7ado do corre vem para somar na sua cole\u00e7\u00e3o de camisetas \u00fanicas de mashups de m\u00fasicas com quadrinhos por Wagner Loud!<\/p>\n<p>Malha em 100% algod\u00e3o na cor branca com estampa em silk de alta qualidade.<\/p>\n<p>A taxa de encolhimento \u00e9 em m\u00e9dia 3% variando dos m\u00e9todos de lavagem.<\/p>\n<p>DICAS PARA SUA CAMISETA DURAR MUITO:<br \/>\n\u2022 LAVE COM \u00c1GUA FRIA<br \/>\n\u2022 PASSE ELA DO AVESSO<br \/>\n\u2022 N\u00c3O COLOQUE NA M\u00c1QUINA DE SECAR<br \/>\n\u2022 N\u00c3O DEIXE DE MOLHO<br \/>\n\u2022 SEMPRE SEQUE \u00c0 SOMBRA<\/p>\n<p>Arte por Loud!<\/p>\n<p>As camisetas s\u00e3o despachadas em at\u00e9 3 dias \u00fateis.<\/p>\n","protected":false},"excerpt":{"rendered":"<p>O Vil\u00e3o mais emba\u00e7ado do corre vem para somar na sua cole\u00e7\u00e3o de camisetas \u00fanicas de mashups de m\u00fasicas com quadrinhos por Wagner Loud! Malha em 100% algod\u00e3o na cor branca com estampa em silk de alta qualidade. A taxa de encolhimento \u00e9 em m\u00e9dia 3% variando dos m\u00e9todos de lavagem. DICAS PARA SUA CAMISETA [&#8230;]\n","protected":false},"featured_media":97892,"comment_status":"open","ping_status":"closed","template":"","meta":[],"product_brand":[],"product_cat":[83],"product_tag":[1225,1471,1301,790,751,184,1267,1271,1205,1473,976,1474,654,1475,1472,199,1268],"class_list":{"0":"post-97696","1":"product","2":"type-product","3":"status-publish","4":"has-post-thumbnail","6":"product_cat-camiseta-reta","7":"product_tag-ad","8":"product_tag-beastie","9":"product_tag-boys","10":"product_tag-d","11":"product_tag-fight","12":"product_tag-ilustracao","13":"product_tag-loud","14":"product_tag-mashuo","15":"product_tag-mashup","16":"product_tag-mca","17":"product_tag-mike","18":"product_tag-miked","19":"product_tag-movie","20":"product_tag-party","21":"product_tag-right","22":"product_tag-rock","23":"product_tag-wagner","24":"pa_artista-loud","25":"pa_cor-branco","26":"pa_tamanho-2g","27":"pa_tamanho-3g","28":"pa_tamanho-4g","29":"pa_tamanho-5g","30":"pa_tamanho-g","31":"pa_tamanho-m","32":"pa_tamanho-p","33":"pa_tamanho-pp","34":"pa_tema-arte","35":"pa_tema-DesenhoAnimado","36":"pa_tema-HQ","37":"pa_tema-Humor","38":"pa_tema-Mashup","39":"pa_tema-Musica","40":"pa_tema-Parodia","41":"product_type-variable","71":"pa_tema-Desenho Animado","78":"first","79":"instock","80":"shipping-taxable","81":"purchasable","82":"product-type-variable","83":"has-default-attributes"},"_links":{"self":[{"href":"https:\/\/asbaratas.com.br\/loja\/wp-json\/wp\/v2\/product\/97696","targetHints":{"allow":["GET"]}}],"collection":[{"href":"https:\/\/asbaratas.com.br\/loja\/wp-json\/wp\/v2\/product"}],"about":[{"href":"https:\/\/asbaratas.com.br\/loja\/wp-json\/wp\/v2\/types\/product"}],"replies":[{"embeddable":true,"href":"https:\/\/asbaratas.com.br\/loja\/wp-json\/wp\/v2\/comments?post=97696"}],"wp:featuredmedia":[{"embeddable":true,"href":"https:\/\/asbaratas.com.br\/loja\/wp-json\/wp\/v2\/media\/97892"}],"wp:attachment":[{"href":"https:\/\/asbaratas.com.br\/loja\/wp-json\/wp\/v2\/media?parent=97696"}],"wp:term":[{"taxonomy":"product_brand","embeddable":true,"href":"https:\/\/asbaratas.com.br\/loja\/wp-json\/wp\/v2\/product_brand?post=97696"},{"taxonomy":"product_cat","embeddable":true,"href":"https:\/\/asbaratas.com.br\/loja\/wp-json\/wp\/v2\/product_cat?post=97696"},{"taxonomy":"product_tag","embeddable":true,"href":"https:\/\/asbaratas.com.br\/loja\/wp-json\/wp\/v2\/product_tag?post=97696"}],"curies":[{"name":"wp","href":"https:\/\/api.w.org\/{rel}","templated":true}]}}