{"id":97598,"date":"2025-06-06T16:06:49","date_gmt":"2025-06-06T19:06:49","guid":{"rendered":"https:\/\/asbaratas.com.br\/loja\/?post_type=product&#038;p=97598"},"modified":"2026-04-17T19:31:58","modified_gmt":"2026-04-17T22:31:58","slug":"jogabilidade-crt","status":"publish","type":"product","link":"https:\/\/asbaratas.com.br\/loja\/produto\/jogabilidade-crt\/","title":{"rendered":"JOGABILIDADE CRT"},"content":{"rendered":"<p>DEMAKE da primeira camiseta do pessoal do Jogabilidade agora em poucos pixels no monitor CRT com estampa com um efeito \u00fanico e nost\u00e1lgico pra galera das antigas.<\/p>\n<h5>* cores e tons podem sofrer pequenas varia\u00e7\u00f5es no produto final<\/h5>\n<p>&nbsp;<\/p>\n<p><strong>Aten\u00e7\u00e3o essas s\u00e3o as \u00faltimas pe\u00e7as da camiseta exclusiva do Overnautibilidade 2025, <\/strong><\/p>\n<p><strong>fizemos um pequeno execente para poder atender as pr\u00e9-vendas e resolver qualquer conflito de troca ou envio,<\/strong><\/p>\n<p><strong>essas camisetas n\u00e3o ser\u00e3o mais produzidas!<\/strong><\/p>\n<p>&nbsp;<\/p>\n<p>Malha em 100% algod\u00e3o verde escuro. Estampa em silk de alta qualidade.<\/p>\n<p>DICAS PARA SUA CAMISETA DURAR MUITO:<br \/>\n\u2022 LAVE COM \u00c1GUA FRIA<br \/>\n\u2022 PASSE ELA DO AVESSO<br \/>\n\u2022 N\u00c3O COLOQUE NA M\u00c1QUINA DE SECAR<br \/>\n\u2022 N\u00c3O DEIXE DE MOLHO<br \/>\n\u2022 SEMPRE SEQUE \u00c0 SOMBRA<\/p>\n<p>A taxa de encolhimento \u00e9 em m\u00e9dia 3% variando dos m\u00e9todos de lavagem.<\/p>\n<p>As camisetas s\u00e3o despachadas em at\u00e9 3 dias \u00fateis.<\/p>\n","protected":false},"excerpt":{"rendered":"<p>DEMAKE da primeira camiseta do pessoal do Jogabilidade agora em poucos pixels no monitor CRT com estampa com um efeito \u00fanico e nost\u00e1lgico pra galera das antigas. * cores e tons podem sofrer pequenas varia\u00e7\u00f5es no produto final &nbsp; Aten\u00e7\u00e3o essas s\u00e3o as \u00faltimas pe\u00e7as da camiseta exclusiva do Overnautibilidade 2025, fizemos um pequeno execente [&#8230;]\n","protected":false},"featured_media":98065,"comment_status":"open","ping_status":"closed","template":"","meta":[],"product_brand":[],"product_cat":[83],"product_tag":[1598,1600,866,1596,1599,1597,867],"class_list":{"0":"post-97598","1":"product","2":"type-product","3":"status-publish","4":"has-post-thumbnail","6":"product_cat-camiseta-reta","7":"product_tag-bilid","8":"product_tag-de","9":"product_tag-games","10":"product_tag-joga","11":"product_tag-jogabilida","12":"product_tag-jogabilidade","13":"product_tag-podcast","14":"pa_artista-daamile","15":"pa_artista-jogabilidade","16":"pa_cor-verde","17":"pa_malha-verao","18":"pa_tamanho-2g","19":"pa_tamanho-3g","20":"pa_tamanho-4g","21":"pa_tamanho-5g","22":"pa_tamanho-g","23":"pa_tamanho-m","24":"pa_tamanho-p","25":"pa_tamanho-pp","26":"pa_tema-Games","27":"pa_tema-oficial","28":"pa_tema-Podcast","29":"product_type-variable","54":"first","55":"instock","56":"shipping-taxable","57":"purchasable","58":"product-type-variable"},"_links":{"self":[{"href":"https:\/\/asbaratas.com.br\/loja\/wp-json\/wp\/v2\/product\/97598","targetHints":{"allow":["GET"]}}],"collection":[{"href":"https:\/\/asbaratas.com.br\/loja\/wp-json\/wp\/v2\/product"}],"about":[{"href":"https:\/\/asbaratas.com.br\/loja\/wp-json\/wp\/v2\/types\/product"}],"replies":[{"embeddable":true,"href":"https:\/\/asbaratas.com.br\/loja\/wp-json\/wp\/v2\/comments?post=97598"}],"wp:featuredmedia":[{"embeddable":true,"href":"https:\/\/asbaratas.com.br\/loja\/wp-json\/wp\/v2\/media\/98065"}],"wp:attachment":[{"href":"https:\/\/asbaratas.com.br\/loja\/wp-json\/wp\/v2\/media?parent=97598"}],"wp:term":[{"taxonomy":"product_brand","embeddable":true,"href":"https:\/\/asbaratas.com.br\/loja\/wp-json\/wp\/v2\/product_brand?post=97598"},{"taxonomy":"product_cat","embeddable":true,"href":"https:\/\/asbaratas.com.br\/loja\/wp-json\/wp\/v2\/product_cat?post=97598"},{"taxonomy":"product_tag","embeddable":true,"href":"https:\/\/asbaratas.com.br\/loja\/wp-json\/wp\/v2\/product_tag?post=97598"}],"curies":[{"name":"wp","href":"https:\/\/api.w.org\/{rel}","templated":true}]}}