{"id":97588,"date":"2025-06-06T16:02:46","date_gmt":"2025-06-06T19:02:46","guid":{"rendered":"https:\/\/asbaratas.com.br\/loja\/?post_type=product&#038;p=97588"},"modified":"2026-04-17T19:32:15","modified_gmt":"2026-04-17T22:32:15","slug":"nautilus","status":"publish","type":"product","link":"https:\/\/asbaratas.com.br\/loja\/produto\/nautilus\/","title":{"rendered":"NAUTILUS"},"content":{"rendered":"<p>Os joguinhos est\u00e3o a salvo com o pessoal do Nautilus que traz \u00e0 superf\u00edcie o melhor em indica\u00e7\u00f5es e an\u00e1lises tratando games com o respeito que merecem!<\/p>\n<p>&nbsp;<\/p>\n<p>* A estampa possui marca de desgaste propositais que fazem parte do design para dar a vibe &#8220;vintage&#8221;<\/p>\n<h5>* cores e tons podem sofrer pequenas varia\u00e7\u00f5es no produto final<\/h5>\n<p>&nbsp;<\/p>\n<p><strong>Aten\u00e7\u00e3o essas s\u00e3o as \u00faltimas pe\u00e7as da camiseta exclusiva do Overnautibilidade 2025, <\/strong><\/p>\n<p><strong>fizemos um pequeno execente para poder atender as pr\u00e9-vendas e resolver qualquer conflito de troca ou envio,<\/strong><\/p>\n<p><strong>essas camisetas n\u00e3o ser\u00e3o mais produzidas<\/strong><\/p>\n<p>&nbsp;<\/p>\n<p>Malha em mescla cinza. Estampa em silk de alta qualidade.<\/p>\n<p>A taxa de encolhimento \u00e9 em m\u00e9dia 3% variando dos m\u00e9todos de lavagem.<\/p>\n<p>DICAS PARA SUA CAMISETA DURAR MUITO:<br \/>\n\u2022 LAVE COM \u00c1GUA FRIA<br \/>\n\u2022 PASSE ELA DO AVESSO<br \/>\n\u2022 N\u00c3O COLOQUE NA M\u00c1QUINA DE SECAR<br \/>\n\u2022 N\u00c3O DEIXE DE MOLHO<br \/>\n\u2022 SEMPRE SEQUE \u00c0 SOMBRA<\/p>\n<p>&nbsp;<\/p>\n","protected":false},"excerpt":{"rendered":"<p>Os joguinhos est\u00e3o a salvo com o pessoal do Nautilus que traz \u00e0 superf\u00edcie o melhor em indica\u00e7\u00f5es e an\u00e1lises tratando games com o respeito que merecem! &nbsp; * A estampa possui marca de desgaste propositais que fazem parte do design para dar a vibe &#8220;vintage&#8221; * cores e tons podem sofrer pequenas varia\u00e7\u00f5es no [&#8230;]\n","protected":false},"featured_media":97578,"comment_status":"open","ping_status":"closed","template":"","meta":[],"product_brand":[],"product_cat":[83],"product_tag":[868,872,226,182,181,880,268,866,870,882,869,879,873,865,864,877,867,871,875,876,881,878,874,832,706],"class_list":{"0":"post-97588","1":"product","2":"type-product","3":"status-publish","4":"has-post-thumbnail","6":"product_cat-camiseta-reta","7":"product_tag-bilheteria","8":"product_tag-boteco","9":"product_tag-caio","10":"product_tag-camisa","11":"product_tag-camiseta","12":"product_tag-gabriel","13":"product_tag-game","14":"product_tag-games","15":"product_tag-heitor","16":"product_tag-jogos","17":"product_tag-motherchip","18":"product_tag-mothership","19":"product_tag-on","20":"product_tag-overload","21":"product_tag-overloadr","22":"product_tag-paola","23":"product_tag-podcast","24":"product_tag-rique","25":"product_tag-rocks","26":"product_tag-sampaio","27":"product_tag-silveira","28":"product_tag-teixeira","29":"product_tag-the","30":"product_tag-video","31":"product_tag-videogame","32":"pa_artista-leandrocruzes","33":"pa_artista-nautilus","34":"pa_cor-cinza","35":"pa_tamanho-2g","36":"pa_tamanho-3g","37":"pa_tamanho-4g","38":"pa_tamanho-5g","39":"pa_tamanho-g","40":"pa_tamanho-m","41":"pa_tamanho-p","42":"pa_tamanho-pp","43":"pa_tema-Games","44":"pa_tema-oficial","45":"pa_tema-Podcast","46":"product_type-variable","88":"first","89":"instock","90":"shipping-taxable","91":"purchasable","92":"product-type-variable","93":"has-default-attributes"},"_links":{"self":[{"href":"https:\/\/asbaratas.com.br\/loja\/wp-json\/wp\/v2\/product\/97588","targetHints":{"allow":["GET"]}}],"collection":[{"href":"https:\/\/asbaratas.com.br\/loja\/wp-json\/wp\/v2\/product"}],"about":[{"href":"https:\/\/asbaratas.com.br\/loja\/wp-json\/wp\/v2\/types\/product"}],"replies":[{"embeddable":true,"href":"https:\/\/asbaratas.com.br\/loja\/wp-json\/wp\/v2\/comments?post=97588"}],"wp:featuredmedia":[{"embeddable":true,"href":"https:\/\/asbaratas.com.br\/loja\/wp-json\/wp\/v2\/media\/97578"}],"wp:attachment":[{"href":"https:\/\/asbaratas.com.br\/loja\/wp-json\/wp\/v2\/media?parent=97588"}],"wp:term":[{"taxonomy":"product_brand","embeddable":true,"href":"https:\/\/asbaratas.com.br\/loja\/wp-json\/wp\/v2\/product_brand?post=97588"},{"taxonomy":"product_cat","embeddable":true,"href":"https:\/\/asbaratas.com.br\/loja\/wp-json\/wp\/v2\/product_cat?post=97588"},{"taxonomy":"product_tag","embeddable":true,"href":"https:\/\/asbaratas.com.br\/loja\/wp-json\/wp\/v2\/product_tag?post=97588"}],"curies":[{"name":"wp","href":"https:\/\/api.w.org\/{rel}","templated":true}]}}