{"id":97492,"date":"2025-05-22T12:34:23","date_gmt":"2025-05-22T15:34:23","guid":{"rendered":"https:\/\/asbaratas.com.br\/loja\/?post_type=product&#038;p=97492"},"modified":"2026-04-28T10:54:57","modified_gmt":"2026-04-28T13:54:57","slug":"bone-test-amarelo","status":"publish","type":"product","link":"https:\/\/asbaratas.com.br\/loja\/produto\/bone-test-amarelo\/","title":{"rendered":"BON\u00c9 \u2022 TEST Amarelo"},"content":{"rendered":"<p>Esse bon\u00e9 \u00e9 uma collab com o TEST, banda mais correria do Grind\/Death Metal BR, parte do valor das vendas \u00e9 revertido diretamente para o corre da banda!<\/p>\n<p>Vers\u00e3o 2025 amarelo KOMBI<\/p>\n<p>&nbsp;<\/p>\n<p><center><br \/>\n<iframe loading=\"lazy\" title=\"YouTube video player\" src=\"https:\/\/www.youtube.com\/embed\/G4ZGfIaQoMM\" width=\"800\" height=\"480\" frameborder=\"0\" allowfullscreen=\"allowfullscreen\"><\/iframe><\/center>Bon\u00e9 Americano Trucker com a frente em relevo bordado de alta qualidade e estampa embaixo da aba.<\/p>\n<p>Tamanho \u00fanico com regulagem.<\/p>\n<p>&nbsp;<\/p>\n<p>&nbsp;<\/p>\n","protected":false},"excerpt":{"rendered":"<p>Esse bon\u00e9 \u00e9 uma collab com o TEST, banda mais correria do Grind\/Death Metal BR, parte do valor das vendas \u00e9 revertido diretamente para o corre da banda! Vers\u00e3o 2025 amarelo KOMBI &nbsp; Bon\u00e9 Americano Trucker com a frente em relevo bordado de alta qualidade e estampa embaixo da aba. Tamanho \u00fanico com regulagem. &nbsp; [&#8230;]\n","protected":false},"featured_media":97526,"comment_status":"closed","ping_status":"closed","template":"","meta":[],"product_brand":[],"product_cat":[1488,1489],"product_tag":[],"class_list":{"0":"post-97492","1":"product","2":"type-product","3":"status-publish","4":"has-post-thumbnail","6":"product_cat-bone","7":"product_cat-trucker","8":"pa_artista-test","9":"pa_tema-oficial","10":"product_type-simple","16":"first","17":"instock","18":"shipping-taxable","19":"purchasable","20":"product-type-simple"},"_links":{"self":[{"href":"https:\/\/asbaratas.com.br\/loja\/wp-json\/wp\/v2\/product\/97492","targetHints":{"allow":["GET"]}}],"collection":[{"href":"https:\/\/asbaratas.com.br\/loja\/wp-json\/wp\/v2\/product"}],"about":[{"href":"https:\/\/asbaratas.com.br\/loja\/wp-json\/wp\/v2\/types\/product"}],"replies":[{"embeddable":true,"href":"https:\/\/asbaratas.com.br\/loja\/wp-json\/wp\/v2\/comments?post=97492"}],"wp:featuredmedia":[{"embeddable":true,"href":"https:\/\/asbaratas.com.br\/loja\/wp-json\/wp\/v2\/media\/97526"}],"wp:attachment":[{"href":"https:\/\/asbaratas.com.br\/loja\/wp-json\/wp\/v2\/media?parent=97492"}],"wp:term":[{"taxonomy":"product_brand","embeddable":true,"href":"https:\/\/asbaratas.com.br\/loja\/wp-json\/wp\/v2\/product_brand?post=97492"},{"taxonomy":"product_cat","embeddable":true,"href":"https:\/\/asbaratas.com.br\/loja\/wp-json\/wp\/v2\/product_cat?post=97492"},{"taxonomy":"product_tag","embeddable":true,"href":"https:\/\/asbaratas.com.br\/loja\/wp-json\/wp\/v2\/product_tag?post=97492"}],"curies":[{"name":"wp","href":"https:\/\/api.w.org\/{rel}","templated":true}]}}