{"id":97482,"date":"2025-05-22T01:11:19","date_gmt":"2025-05-22T04:11:19","guid":{"rendered":"https:\/\/asbaratas.com.br\/loja\/?post_type=product&#038;p=97482"},"modified":"2026-04-28T10:35:46","modified_gmt":"2026-04-28T13:35:46","slug":"metal-espadinha","status":"publish","type":"product","link":"https:\/\/asbaratas.com.br\/loja\/produto\/metal-espadinha\/","title":{"rendered":"METAL ESPADINHA"},"content":{"rendered":"<p>O universo em fantasia e todo o peso de solos de guitarra ilustram essa arte virtuosa repleta de refer\u00eancias que s\u00f3 os TRUZ\u00c3O v\u00e3o conseguir apreciar ao ritmo do METAL!<\/p>\n<p>Malha em 100% algod\u00e3o na cor preta com estampa em silk de alta qualidade.<\/p>\n<p>A taxa de encolhimento \u00e9 em m\u00e9dia 3% variando dos m\u00e9todos de lavagem.<\/p>\n<p>DICAS PARA SUA CAMISETA DURAR MUITO:<br \/>\n\u2022 LAVE COM \u00c1GUA FRIA<br \/>\n\u2022 PASSE ELA DO AVESSO<br \/>\n\u2022 N\u00c3O COLOQUE NA M\u00c1QUINA DE SECAR<br \/>\n\u2022 N\u00c3O DEIXE DE MOLHO<br \/>\n\u2022 SEMPRE SEQUE \u00c0 SOMBRA<\/p>\n<p>Arte por Marcos Caldas<\/p>\n<p>As camisetas s\u00e3o despachadas em at\u00e9 3 dias \u00fateis.<\/p>\n","protected":false},"excerpt":{"rendered":"<p>O universo em fantasia e todo o peso de solos de guitarra ilustram essa arte virtuosa repleta de refer\u00eancias que s\u00f3 os TRUZ\u00c3O v\u00e3o conseguir apreciar ao ritmo do METAL! Malha em 100% algod\u00e3o na cor preta com estampa em silk de alta qualidade. A taxa de encolhimento \u00e9 em m\u00e9dia 3% variando dos m\u00e9todos [&#8230;]\n","protected":false},"featured_media":97479,"comment_status":"open","ping_status":"closed","template":"","meta":[],"product_brand":[],"product_cat":[83],"product_tag":[1399,1166,1396,1394,182,181,213,1397,1358,1395,1392,183,1393,1398,866,1161,882,1400,1165,1164,1163,953,1401,1094],"class_list":{"0":"post-97482","1":"product","2":"type-product","3":"status-publish","4":"has-post-thumbnail","6":"product_cat-camiseta-reta","7":"product_tag-beholder","8":"product_tag-borges","9":"product_tag-cacademon","10":"product_tag-cacodemon","11":"product_tag-camisa","12":"product_tag-camiseta","13":"product_tag-cinema","14":"product_tag-cocademon","15":"product_tag-danzig","16":"product_tag-demon","17":"product_tag-doom","18":"product_tag-estampa","19":"product_tag-eternal","20":"product_tag-final","21":"product_tag-games","22":"product_tag-god","23":"product_tag-jogos","24":"product_tag-meatball","25":"product_tag-michel","26":"product_tag-playstation","27":"product_tag-ps4","28":"product_tag-rpg","29":"product_tag-shareware","30":"product_tag-war","31":"pa_artista-marcoscaldas","32":"pa_cor-preto","33":"pa_tamanho-2g","34":"pa_tamanho-3g","35":"pa_tamanho-4g","36":"pa_tamanho-5g","37":"pa_tamanho-g","38":"pa_tamanho-m","39":"pa_tamanho-p","40":"pa_tamanho-pp","41":"pa_tema-arte","42":"pa_tema-Humor","43":"pa_tema-Mashup","44":"pa_tema-Musica","45":"product_type-variable","86":"first","87":"instock","88":"shipping-taxable","89":"purchasable","90":"product-type-variable"},"_links":{"self":[{"href":"https:\/\/asbaratas.com.br\/loja\/wp-json\/wp\/v2\/product\/97482","targetHints":{"allow":["GET"]}}],"collection":[{"href":"https:\/\/asbaratas.com.br\/loja\/wp-json\/wp\/v2\/product"}],"about":[{"href":"https:\/\/asbaratas.com.br\/loja\/wp-json\/wp\/v2\/types\/product"}],"replies":[{"embeddable":true,"href":"https:\/\/asbaratas.com.br\/loja\/wp-json\/wp\/v2\/comments?post=97482"}],"wp:featuredmedia":[{"embeddable":true,"href":"https:\/\/asbaratas.com.br\/loja\/wp-json\/wp\/v2\/media\/97479"}],"wp:attachment":[{"href":"https:\/\/asbaratas.com.br\/loja\/wp-json\/wp\/v2\/media?parent=97482"}],"wp:term":[{"taxonomy":"product_brand","embeddable":true,"href":"https:\/\/asbaratas.com.br\/loja\/wp-json\/wp\/v2\/product_brand?post=97482"},{"taxonomy":"product_cat","embeddable":true,"href":"https:\/\/asbaratas.com.br\/loja\/wp-json\/wp\/v2\/product_cat?post=97482"},{"taxonomy":"product_tag","embeddable":true,"href":"https:\/\/asbaratas.com.br\/loja\/wp-json\/wp\/v2\/product_tag?post=97482"}],"curies":[{"name":"wp","href":"https:\/\/api.w.org\/{rel}","templated":true}]}}