{"id":97309,"date":"2025-03-29T13:00:07","date_gmt":"2025-03-29T16:00:07","guid":{"rendered":"https:\/\/asbaratas.com.br\/loja\/?post_type=product&#038;p=97309"},"modified":"2026-05-06T22:26:06","modified_gmt":"2026-05-07T01:26:06","slug":"rdp_punkmetal","status":"publish","type":"product","link":"https:\/\/asbaratas.com.br\/loja\/produto\/rdp_punkmetal\/","title":{"rendered":"BON\u00c9 \u2022 RDP &#8211; PUNK METAL"},"content":{"rendered":"<p>Esse bon\u00e9 \u00e9 uma collab com o RATOS DE POR\u00c3O, banda punk mais sangue no olho do peda\u00e7o!<\/p>\n<p>Bon\u00e9 americano com impress\u00e3o em silk em baixo da aba e frente em relevo e emborrachado de alta qualidade repleto de detalhes bordado nas laterais e forro personalizado!<\/p>\n<p>&nbsp;<\/p>\n<p>Tamanho \u00fanico com regulagem.<\/p>\n","protected":false},"excerpt":{"rendered":"<p>Esse bon\u00e9 \u00e9 uma collab com o RATOS DE POR\u00c3O, banda punk mais sangue no olho do peda\u00e7o! Bon\u00e9 americano com impress\u00e3o em silk em baixo da aba e frente em relevo e emborrachado de alta qualidade repleto de detalhes bordado nas laterais e forro personalizado! &nbsp; Tamanho \u00fanico com regulagem.<\/p>\n","protected":false},"featured_media":97311,"comment_status":"closed","ping_status":"closed","template":"","meta":[],"product_brand":[],"product_cat":[1490,1488],"product_tag":[1924,545,848,1478,467,1925,200,1477,436,1476,1926],"class_list":{"0":"post-97309","1":"product","2":"type-product","3":"status-publish","4":"has-post-thumbnail","6":"product_cat-americano-fechado","7":"product_cat-bone","8":"product_tag-boca","9":"product_tag-crossover","10":"product_tag-gordo","11":"product_tag-jao","12":"product_tag-joao","13":"product_tag-juninho","14":"product_tag-metal","15":"product_tag-porao","16":"product_tag-punk","17":"product_tag-ratos","18":"product_tag-satanismo","19":"pa_artista-loud","20":"pa_artista-rdp","21":"pa_tema-Musica","22":"pa_tema-oficial","23":"product_type-simple","42":"first","43":"instock","44":"shipping-taxable","45":"purchasable","46":"product-type-simple"},"_links":{"self":[{"href":"https:\/\/asbaratas.com.br\/loja\/wp-json\/wp\/v2\/product\/97309","targetHints":{"allow":["GET"]}}],"collection":[{"href":"https:\/\/asbaratas.com.br\/loja\/wp-json\/wp\/v2\/product"}],"about":[{"href":"https:\/\/asbaratas.com.br\/loja\/wp-json\/wp\/v2\/types\/product"}],"replies":[{"embeddable":true,"href":"https:\/\/asbaratas.com.br\/loja\/wp-json\/wp\/v2\/comments?post=97309"}],"wp:featuredmedia":[{"embeddable":true,"href":"https:\/\/asbaratas.com.br\/loja\/wp-json\/wp\/v2\/media\/97311"}],"wp:attachment":[{"href":"https:\/\/asbaratas.com.br\/loja\/wp-json\/wp\/v2\/media?parent=97309"}],"wp:term":[{"taxonomy":"product_brand","embeddable":true,"href":"https:\/\/asbaratas.com.br\/loja\/wp-json\/wp\/v2\/product_brand?post=97309"},{"taxonomy":"product_cat","embeddable":true,"href":"https:\/\/asbaratas.com.br\/loja\/wp-json\/wp\/v2\/product_cat?post=97309"},{"taxonomy":"product_tag","embeddable":true,"href":"https:\/\/asbaratas.com.br\/loja\/wp-json\/wp\/v2\/product_tag?post=97309"}],"curies":[{"name":"wp","href":"https:\/\/api.w.org\/{rel}","templated":true}]}}