{"id":96513,"date":"2024-12-12T01:25:30","date_gmt":"2024-12-12T04:25:30","guid":{"rendered":"https:\/\/asbaratas.com.br\/loja\/?post_type=product&#038;p=96513"},"modified":"2025-12-10T19:42:50","modified_gmt":"2025-12-10T22:42:50","slug":"bone-samyraidoggy","status":"publish","type":"product","link":"https:\/\/asbaratas.com.br\/loja\/produto\/bone-samyraidoggy\/","title":{"rendered":"BON\u00c9 \u2022 SAMURAI DOGGY"},"content":{"rendered":"<p>Bon\u00e9 oficial da obra SAMURAI DOGGY<\/p>\n<p>Junte-se ao time e torne-se tamb\u00e9m um Ronin destemido! Proteja sua cabe\u00e7a dos perigos l\u00e1 de cima \u2014 sejam flechas voadoras ou a perigosa luz solar no cocoruto. Com arte por toda parte, dentro e fora do bon\u00e9, essa pe\u00e7a \u00e9 uma verdadeira obra-prima que voc\u00ea n\u00e3o vai querer perder.<\/p>\n<p>Bon\u00e9 Americano Fechado aba curva com a frente em relevo bordado de alta qualidade.<\/p>\n<p>Tamanho \u00fanico com regulagem.<\/p>\n","protected":false},"excerpt":{"rendered":"<p>Bon\u00e9 oficial da obra SAMURAI DOGGY Junte-se ao time e torne-se tamb\u00e9m um Ronin destemido! Proteja sua cabe\u00e7a dos perigos l\u00e1 de cima \u2014 sejam flechas voadoras ou a perigosa luz solar no cocoruto. Com arte por toda parte, dentro e fora do bon\u00e9, essa pe\u00e7a \u00e9 uma verdadeira obra-prima que voc\u00ea n\u00e3o vai querer [&#8230;]\n","protected":false},"featured_media":96501,"comment_status":"closed","ping_status":"closed","template":"","meta":[],"product_brand":[],"product_cat":[1490,1488],"product_tag":[],"class_list":{"0":"post-96513","1":"product","2":"type-product","3":"status-publish","4":"has-post-thumbnail","6":"product_cat-americano-fechado","7":"product_cat-bone","8":"pa_artista-santtos","9":"pa_tema-arte","10":"pa_tema-HQ","11":"pa_tema-oficial","12":"product_type-simple","13":"product_visibility-outofstock","21":"first","22":"outofstock","23":"shipping-taxable","24":"purchasable","25":"product-type-simple"},"_links":{"self":[{"href":"https:\/\/asbaratas.com.br\/loja\/wp-json\/wp\/v2\/product\/96513","targetHints":{"allow":["GET"]}}],"collection":[{"href":"https:\/\/asbaratas.com.br\/loja\/wp-json\/wp\/v2\/product"}],"about":[{"href":"https:\/\/asbaratas.com.br\/loja\/wp-json\/wp\/v2\/types\/product"}],"replies":[{"embeddable":true,"href":"https:\/\/asbaratas.com.br\/loja\/wp-json\/wp\/v2\/comments?post=96513"}],"wp:featuredmedia":[{"embeddable":true,"href":"https:\/\/asbaratas.com.br\/loja\/wp-json\/wp\/v2\/media\/96501"}],"wp:attachment":[{"href":"https:\/\/asbaratas.com.br\/loja\/wp-json\/wp\/v2\/media?parent=96513"}],"wp:term":[{"taxonomy":"product_brand","embeddable":true,"href":"https:\/\/asbaratas.com.br\/loja\/wp-json\/wp\/v2\/product_brand?post=96513"},{"taxonomy":"product_cat","embeddable":true,"href":"https:\/\/asbaratas.com.br\/loja\/wp-json\/wp\/v2\/product_cat?post=96513"},{"taxonomy":"product_tag","embeddable":true,"href":"https:\/\/asbaratas.com.br\/loja\/wp-json\/wp\/v2\/product_tag?post=96513"}],"curies":[{"name":"wp","href":"https:\/\/api.w.org\/{rel}","templated":true}]}}