{"id":96460,"date":"2024-12-11T20:30:56","date_gmt":"2024-12-11T23:30:56","guid":{"rendered":"https:\/\/asbaratas.com.br\/loja\/?post_type=product&#038;p=96460"},"modified":"2026-04-23T20:14:55","modified_gmt":"2026-04-23T23:14:55","slug":"aguardela","status":"publish","type":"product","link":"https:\/\/asbaratas.com.br\/loja\/produto\/aguardela\/","title":{"rendered":"AGUARDELA 1979"},"content":{"rendered":"<p>A camiseta oficial da HQ \u201c100 DISCOS PARA CONHECER AGUARDELA\u201d, de Raphael Salimena e Daniel Lopes, lan\u00e7ada pelo selo Original Pipoca &amp; Nanquim!<\/p>\n<p>&nbsp;<\/p>\n<p>Malha em 100% algod\u00e3o na cor azul escuro com estampa em silkde alta qualidade.<\/p>\n<p>A taxa de encolhimento \u00e9 em m\u00e9dia 3% variando dos m\u00e9todos de lavagem.<\/p>\n<p>DICAS PARA SUA CAMISETA DURAR MUITO:<br \/>\n\u2022 LAVE COM \u00c1GUA FRIA<br \/>\n\u2022 PASSE ELA DO AVESSO<br \/>\n\u2022 N\u00c3O COLOQUE NA M\u00c1QUINA DE SECAR<br \/>\n\u2022 N\u00c3O DEIXE DE MOLHO<br \/>\n\u2022 SEMPRE SEQUE \u00c0 SOMBRA<\/p>\n<p>&nbsp;<\/p>\n<p>As camisetas s\u00e3o despachadas em at\u00e9 3 dias \u00fateis.<\/p>\n","protected":false},"excerpt":{"rendered":"<p>A camiseta oficial da HQ \u201c100 DISCOS PARA CONHECER AGUARDELA\u201d, de Raphael Salimena e Daniel Lopes, lan\u00e7ada pelo selo Original Pipoca &amp; Nanquim! &nbsp; Malha em 100% algod\u00e3o na cor azul escuro com estampa em silkde alta qualidade. A taxa de encolhimento \u00e9 em m\u00e9dia 3% variando dos m\u00e9todos de lavagem. DICAS PARA SUA CAMISETA [&#8230;]\n","protected":false},"featured_media":96444,"comment_status":"open","ping_status":"closed","template":"","meta":[],"product_brand":[],"product_cat":[83],"product_tag":[1893,1109,182,181,194,1106,1894,183,1895,195,683,191,190,184,1107,1101,688,1100,193,339,228,340,1181,1896,1105],"class_list":{"0":"post-96460","1":"product","2":"type-product","3":"status-publish","4":"has-post-thumbnail","6":"product_cat-camiseta-reta","7":"product_tag-aguardela","8":"product_tag-alexandre","9":"product_tag-camisa","10":"product_tag-camiseta","11":"product_tag-comics","12":"product_tag-daniel","13":"product_tag-discos","14":"product_tag-estampa","15":"product_tag-festival","16":"product_tag-gibi","17":"product_tag-grupo","18":"product_tag-historia-em-quadrinhos","19":"product_tag-hq","20":"product_tag-ilustracao","21":"product_tag-lopes","22":"product_tag-nanquim","23":"product_tag-nerd","24":"product_tag-pipoca","25":"product_tag-quadrinhos","26":"product_tag-raphael","27":"product_tag-revista-em-quadrinhos","28":"product_tag-salimena","29":"product_tag-universo","30":"product_tag-virada","31":"product_tag-zago","32":"pa_artista-pn","33":"pa_artista-salimena","34":"pa_cor-azul-escuro","35":"pa_tamanho-2g","36":"pa_tamanho-3g","37":"pa_tamanho-4g","38":"pa_tamanho-5g","39":"pa_tamanho-g","40":"pa_tamanho-m","41":"pa_tamanho-p","42":"pa_tema-arte","43":"pa_tema-HQ","44":"pa_tema-oficial","45":"product_type-variable","86":"first","87":"instock","88":"shipping-taxable","89":"purchasable","90":"product-type-variable"},"_links":{"self":[{"href":"https:\/\/asbaratas.com.br\/loja\/wp-json\/wp\/v2\/product\/96460","targetHints":{"allow":["GET"]}}],"collection":[{"href":"https:\/\/asbaratas.com.br\/loja\/wp-json\/wp\/v2\/product"}],"about":[{"href":"https:\/\/asbaratas.com.br\/loja\/wp-json\/wp\/v2\/types\/product"}],"replies":[{"embeddable":true,"href":"https:\/\/asbaratas.com.br\/loja\/wp-json\/wp\/v2\/comments?post=96460"}],"wp:featuredmedia":[{"embeddable":true,"href":"https:\/\/asbaratas.com.br\/loja\/wp-json\/wp\/v2\/media\/96444"}],"wp:attachment":[{"href":"https:\/\/asbaratas.com.br\/loja\/wp-json\/wp\/v2\/media?parent=96460"}],"wp:term":[{"taxonomy":"product_brand","embeddable":true,"href":"https:\/\/asbaratas.com.br\/loja\/wp-json\/wp\/v2\/product_brand?post=96460"},{"taxonomy":"product_cat","embeddable":true,"href":"https:\/\/asbaratas.com.br\/loja\/wp-json\/wp\/v2\/product_cat?post=96460"},{"taxonomy":"product_tag","embeddable":true,"href":"https:\/\/asbaratas.com.br\/loja\/wp-json\/wp\/v2\/product_tag?post=96460"}],"curies":[{"name":"wp","href":"https:\/\/api.w.org\/{rel}","templated":true}]}}