{"id":96425,"date":"2024-12-11T20:14:56","date_gmt":"2024-12-11T23:14:56","guid":{"rendered":"https:\/\/asbaratas.com.br\/loja\/?post_type=product&#038;p=96425"},"modified":"2026-03-10T20:09:42","modified_gmt":"2026-03-10T23:09:42","slug":"punkito","status":"publish","type":"product","link":"https:\/\/asbaratas.com.br\/loja\/produto\/punkito\/","title":{"rendered":"PUNKITO"},"content":{"rendered":"<p>PUNKITO chegou pogando na roda com muito estilo e essa camiseta que une todo mundo que teve seu caminho entortado pelo PUNK ROCK!<\/p>\n<p>Malha em 100% algod\u00e3o na cor creme com estampa em silk de alta qualidade e detalhes vermelhos nas pontas das mangas.<\/p>\n<p>A taxa de encolhimento \u00e9 em m\u00e9dia 3% variando dos m\u00e9todos de lavagem.<\/p>\n<p>DICAS PARA SUA CAMISETA DURAR MUITO:<br \/>\n\u2022 LAVE COM \u00c1GUA FRIA<br \/>\n\u2022 PASSE ELA DO AVESSO<br \/>\n\u2022 N\u00c3O COLOQUE NA M\u00c1QUINA DE SECAR<br \/>\n<strong>\u2022 N\u00c3O DEIXE DE MOLHO<\/strong><br \/>\n\u2022 SEMPRE SEQUE \u00c0 SOMBRA<\/p>\n<p>Arte por LOUD!<\/p>\n<p>As camisetas s\u00e3o despachadas em at\u00e9 3 dias \u00fateis.<\/p>\n","protected":false},"excerpt":{"rendered":"<p>PUNKITO chegou pogando na roda com muito estilo e essa camiseta que une todo mundo que teve seu caminho entortado pelo PUNK ROCK! Malha em 100% algod\u00e3o na cor creme com estampa em silk de alta qualidade e detalhes vermelhos nas pontas das mangas. A taxa de encolhimento \u00e9 em m\u00e9dia 3% variando dos m\u00e9todos [&#8230;]\n","protected":false},"featured_media":96446,"comment_status":"open","ping_status":"closed","template":"","meta":[],"product_brand":[],"product_cat":[83],"product_tag":[182,181,656,213,929,500,1706,1192,1090,1709,1710,1465,1267,1707,436,1886,1887,1704,1705,1708,1888],"class_list":{"0":"post-96425","1":"product","2":"type-product","3":"status-publish","4":"has-post-thumbnail","6":"product_cat-camiseta-reta","7":"product_tag-camisa","8":"product_tag-camiseta","9":"product_tag-capa","10":"product_tag-cinema","11":"product_tag-comix","12":"product_tag-dark","13":"product_tag-darksouls","14":"product_tag-die","15":"product_tag-doidera","16":"product_tag-from","17":"product_tag-japan","18":"product_tag-like","19":"product_tag-loud","20":"product_tag-macacos","21":"product_tag-punk","22":"product_tag-punkinho","23":"product_tag-punkito","24":"product_tag-sekiro","25":"product_tag-souls","26":"product_tag-tenchu","27":"product_tag-wloud","28":"pa_artista-loud","29":"pa_cor-creme","30":"pa_sexo-reta","31":"pa_tamanho-2g","32":"pa_tamanho-3g","33":"pa_tamanho-4g","34":"pa_tamanho-5g","35":"pa_tamanho-g","36":"pa_tamanho-m","37":"pa_tamanho-p","38":"pa_tamanho-pp","39":"pa_tema-arte","40":"pa_tema-oficial","41":"product_type-variable","78":"first","79":"instock","80":"shipping-taxable","81":"purchasable","82":"product-type-variable"},"_links":{"self":[{"href":"https:\/\/asbaratas.com.br\/loja\/wp-json\/wp\/v2\/product\/96425","targetHints":{"allow":["GET"]}}],"collection":[{"href":"https:\/\/asbaratas.com.br\/loja\/wp-json\/wp\/v2\/product"}],"about":[{"href":"https:\/\/asbaratas.com.br\/loja\/wp-json\/wp\/v2\/types\/product"}],"replies":[{"embeddable":true,"href":"https:\/\/asbaratas.com.br\/loja\/wp-json\/wp\/v2\/comments?post=96425"}],"wp:featuredmedia":[{"embeddable":true,"href":"https:\/\/asbaratas.com.br\/loja\/wp-json\/wp\/v2\/media\/96446"}],"wp:attachment":[{"href":"https:\/\/asbaratas.com.br\/loja\/wp-json\/wp\/v2\/media?parent=96425"}],"wp:term":[{"taxonomy":"product_brand","embeddable":true,"href":"https:\/\/asbaratas.com.br\/loja\/wp-json\/wp\/v2\/product_brand?post=96425"},{"taxonomy":"product_cat","embeddable":true,"href":"https:\/\/asbaratas.com.br\/loja\/wp-json\/wp\/v2\/product_cat?post=96425"},{"taxonomy":"product_tag","embeddable":true,"href":"https:\/\/asbaratas.com.br\/loja\/wp-json\/wp\/v2\/product_tag?post=96425"}],"curies":[{"name":"wp","href":"https:\/\/api.w.org\/{rel}","templated":true}]}}