{"id":96393,"date":"2024-12-09T23:46:09","date_gmt":"2024-12-10T02:46:09","guid":{"rendered":"https:\/\/asbaratas.com.br\/loja\/?post_type=product&#038;p=96393"},"modified":"2026-04-17T19:31:58","modified_gmt":"2026-04-17T22:31:58","slug":"jogabilisplit","status":"publish","type":"product","link":"https:\/\/asbaratas.com.br\/loja\/produto\/jogabilisplit\/","title":{"rendered":"JOGABILISPLIT"},"content":{"rendered":"<p>Os rumores eram verdade! Vem a\u00ed o novo console que desafiar\u00e1 as regras estabelecidas da ind\u00fastria, sem falar do bom senso e da geometria euclidiana! Abrace o futuro, vista o caos!<\/p>\n<p>Estampa com muitos teraflops de estilo e eleg\u00e2ncia onde toda a fanbase do MELHOR PODCAST DE CULTURA POP DO BRASIL em 2024 se encontra!<\/p>\n<p>&nbsp;<\/p>\n<p>DICAS PARA SUA CAMISETA DURAR MUITO:<br \/>\n\u2022 LAVE COM \u00c1GUA FRIA<br \/>\n\u2022 PASSE ELA DO AVESSO<br \/>\n\u2022 N\u00c3O COLOQUE NA M\u00c1QUINA DE SECAR<br \/>\n\u2022 N\u00c3O DEIXE DE MOLHO<br \/>\n\u2022 SEMPRE SEQUE \u00c0 SOMBRA<\/p>\n<p>A taxa de encolhimento \u00e9 em m\u00e9dia 3% variando dos m\u00e9todos de lavagem.<\/p>\n<p>&nbsp;<\/p>\n","protected":false},"excerpt":{"rendered":"<p>Os rumores eram verdade! Vem a\u00ed o novo console que desafiar\u00e1 as regras estabelecidas da ind\u00fastria, sem falar do bom senso e da geometria euclidiana! Abrace o futuro, vista o caos! Estampa com muitos teraflops de estilo e eleg\u00e2ncia onde toda a fanbase do MELHOR PODCAST DE CULTURA POP DO BRASIL em 2024 se encontra! [&#8230;]\n","protected":false},"featured_media":96535,"comment_status":"open","ping_status":"closed","template":"","meta":[],"product_brand":[],"product_cat":[83],"product_tag":[1598,1600,866,1596,1599,1597,1878,867,1877],"class_list":{"0":"post-96393","1":"product","2":"type-product","3":"status-publish","4":"has-post-thumbnail","6":"product_cat-camiseta-reta","7":"product_tag-bilid","8":"product_tag-de","9":"product_tag-games","10":"product_tag-joga","11":"product_tag-jogabilida","12":"product_tag-jogabilidade","13":"product_tag-jogabilisplit","14":"product_tag-podcast","15":"product_tag-split","16":"pa_artista-gabrielsilveira","17":"pa_artista-jogabilidade","18":"pa_cor-preto","19":"pa_malha-verao","20":"pa_tamanho-2g","21":"pa_tamanho-3g","22":"pa_tamanho-4g","23":"pa_tamanho-5g","24":"pa_tamanho-g","25":"pa_tamanho-m","26":"pa_tamanho-p","27":"pa_tamanho-pp","28":"pa_tema-Games","29":"pa_tema-Parodia","30":"pa_tema-Podcast","31":"product_type-variable","32":"product_visibility-featured","59":"first","60":"instock","61":"featured","62":"shipping-taxable","63":"purchasable","64":"product-type-variable"},"_links":{"self":[{"href":"https:\/\/asbaratas.com.br\/loja\/wp-json\/wp\/v2\/product\/96393","targetHints":{"allow":["GET"]}}],"collection":[{"href":"https:\/\/asbaratas.com.br\/loja\/wp-json\/wp\/v2\/product"}],"about":[{"href":"https:\/\/asbaratas.com.br\/loja\/wp-json\/wp\/v2\/types\/product"}],"replies":[{"embeddable":true,"href":"https:\/\/asbaratas.com.br\/loja\/wp-json\/wp\/v2\/comments?post=96393"}],"wp:featuredmedia":[{"embeddable":true,"href":"https:\/\/asbaratas.com.br\/loja\/wp-json\/wp\/v2\/media\/96535"}],"wp:attachment":[{"href":"https:\/\/asbaratas.com.br\/loja\/wp-json\/wp\/v2\/media?parent=96393"}],"wp:term":[{"taxonomy":"product_brand","embeddable":true,"href":"https:\/\/asbaratas.com.br\/loja\/wp-json\/wp\/v2\/product_brand?post=96393"},{"taxonomy":"product_cat","embeddable":true,"href":"https:\/\/asbaratas.com.br\/loja\/wp-json\/wp\/v2\/product_cat?post=96393"},{"taxonomy":"product_tag","embeddable":true,"href":"https:\/\/asbaratas.com.br\/loja\/wp-json\/wp\/v2\/product_tag?post=96393"}],"curies":[{"name":"wp","href":"https:\/\/api.w.org\/{rel}","templated":true}]}}