{"id":96084,"date":"2024-11-12T15:48:26","date_gmt":"2024-11-12T18:48:26","guid":{"rendered":"https:\/\/asbaratas.com.br\/loja\/?post_type=product&#038;p=96084"},"modified":"2026-02-03T16:29:02","modified_gmt":"2026-02-03T19:29:02","slug":"bone-escape","status":"publish","type":"product","link":"https:\/\/asbaratas.com.br\/loja\/produto\/bone-escape\/","title":{"rendered":"BON\u00c9 \u2022 ESCAPE FROM EARTH"},"content":{"rendered":"<p>A ordem 666 foi dada e nem a terra \u00e9 mais segura, leve na cabe\u00e7a essa utopia do filme que embora n\u00e3o exista fecha a trilogia no nosso cora\u00e7\u00e3o amargurado assim como do Snake!<\/p>\n<p>&nbsp;<\/p>\n<p>Bon\u00e9 Americano trucker com patch emborrachado de alta qualidade na frente, forro personalizado e bordado na lateral e atr\u00e1s.<\/p>\n<p>Tamanho \u00fanico com regulagem.<\/p>\n","protected":false},"excerpt":{"rendered":"<p>A ordem 666 foi dada e nem a terra \u00e9 mais segura, leve na cabe\u00e7a essa utopia do filme que embora n\u00e3o exista fecha a trilogia no nosso cora\u00e7\u00e3o amargurado assim como do Snake! &nbsp; Bon\u00e9 Americano trucker com patch emborrachado de alta qualidade na frente, forro personalizado e bordado na lateral e atr\u00e1s. Tamanho [&#8230;]\n","protected":false},"featured_media":96475,"comment_status":"closed","ping_status":"closed","template":"","meta":[],"product_brand":[],"product_cat":[1488,1489],"product_tag":[1908,980,1907,1901,1848,1457,1919,522,1912,1902,1911,1537,1920],"class_list":{"0":"post-96084","1":"product","2":"type-product","3":"status-publish","4":"has-post-thumbnail","6":"product_cat-bone","7":"product_cat-trucker","8":"product_tag-angeles","9":"product_tag-carpenter","10":"product_tag-earth","11":"product_tag-escape","12":"product_tag-john","13":"product_tag-kurt","14":"product_tag-las","15":"product_tag-los","16":"product_tag-plisken","17":"product_tag-russel","18":"product_tag-snake","19":"product_tag-thobias","20":"product_tag-vegas","21":"pa_artista-thobias","22":"pa_tema-arte","23":"pa_tema-Cinema","24":"pa_tema-HQ","25":"pa_tema-Parodia","26":"product_type-simple","48":"first","49":"instock","50":"shipping-taxable","51":"purchasable","52":"product-type-simple"},"_links":{"self":[{"href":"https:\/\/asbaratas.com.br\/loja\/wp-json\/wp\/v2\/product\/96084","targetHints":{"allow":["GET"]}}],"collection":[{"href":"https:\/\/asbaratas.com.br\/loja\/wp-json\/wp\/v2\/product"}],"about":[{"href":"https:\/\/asbaratas.com.br\/loja\/wp-json\/wp\/v2\/types\/product"}],"replies":[{"embeddable":true,"href":"https:\/\/asbaratas.com.br\/loja\/wp-json\/wp\/v2\/comments?post=96084"}],"wp:featuredmedia":[{"embeddable":true,"href":"https:\/\/asbaratas.com.br\/loja\/wp-json\/wp\/v2\/media\/96475"}],"wp:attachment":[{"href":"https:\/\/asbaratas.com.br\/loja\/wp-json\/wp\/v2\/media?parent=96084"}],"wp:term":[{"taxonomy":"product_brand","embeddable":true,"href":"https:\/\/asbaratas.com.br\/loja\/wp-json\/wp\/v2\/product_brand?post=96084"},{"taxonomy":"product_cat","embeddable":true,"href":"https:\/\/asbaratas.com.br\/loja\/wp-json\/wp\/v2\/product_cat?post=96084"},{"taxonomy":"product_tag","embeddable":true,"href":"https:\/\/asbaratas.com.br\/loja\/wp-json\/wp\/v2\/product_tag?post=96084"}],"curies":[{"name":"wp","href":"https:\/\/api.w.org\/{rel}","templated":true}]}}