{"id":96083,"date":"2024-11-12T15:47:31","date_gmt":"2024-11-12T18:47:31","guid":{"rendered":"https:\/\/asbaratas.com.br\/loja\/?post_type=product&#038;p=96083"},"modified":"2026-04-16T10:14:05","modified_gmt":"2026-04-16T13:14:05","slug":"bone-mullet","status":"publish","type":"product","link":"https:\/\/asbaratas.com.br\/loja\/produto\/bone-mullet\/","title":{"rendered":"BON\u00c9 \u2022 MULLET MAD JACK"},"content":{"rendered":"<p>CONSUMA essa item \u00fanico de colecionador nessa colab \u00fanica com o est\u00fadio Hammer95!<\/p>\n<p>Sim MULLET MADJACK um dos jogos mais bem avaliados do ano tem aqui seu bon\u00e9 oficial repleto de detalhes e com acabamento \u00fanico nesse futuro colorida\u00e7o e dist\u00f3pico que ele foi forjado!<\/p>\n<p>Bon\u00e9 6 Panel aba curva com aba em couros sint\u00e9tico em cima e impress\u00e3o em silk embaixo, e frente em relevo emborrachado e fura\u00e7\u00e3o laser!<\/p>\n<p>&nbsp;<\/p>\n<p>Tamanho \u00fanico com regulagem.<\/p>\n<p>&nbsp;<\/p>\n","protected":false},"excerpt":{"rendered":"<p>CONSUMA essa item \u00fanico de colecionador nessa colab \u00fanica com o est\u00fadio Hammer95! Sim MULLET MADJACK um dos jogos mais bem avaliados do ano tem aqui seu bon\u00e9 oficial repleto de detalhes e com acabamento \u00fanico nesse futuro colorida\u00e7o e dist\u00f3pico que ele foi forjado! Bon\u00e9 6 Panel aba curva com aba em couros sint\u00e9tico [&#8230;]\n","protected":false},"featured_media":96487,"comment_status":"closed","ping_status":"closed","template":"","meta":[],"product_brand":[],"product_cat":[1488,1526],"product_tag":[1917,980,1916,1392,268,1915,1036,1848,1465,547,1914,1913,1918],"class_list":{"0":"post-96083","1":"product","2":"type-product","3":"status-publish","4":"has-post-thumbnail","6":"product_cat-bone","7":"product_cat-six-panel-aba-curva","8":"product_tag-boomer","9":"product_tag-carpenter","10":"product_tag-consume","11":"product_tag-doom","12":"product_tag-game","13":"product_tag-hammer95","14":"product_tag-jack","15":"product_tag-john","16":"product_tag-like","17":"product_tag-mad","18":"product_tag-madjack","19":"product_tag-mullet","20":"product_tag-shooter","21":"pa_artista-hammer95","22":"pa_tema-DesenhoAnimado","23":"pa_tema-Games","24":"pa_tema-oficial","25":"product_type-simple","42":"pa_tema-Desenho Animado","46":"first","47":"instock","48":"shipping-taxable","49":"purchasable","50":"product-type-simple"},"_links":{"self":[{"href":"https:\/\/asbaratas.com.br\/loja\/wp-json\/wp\/v2\/product\/96083","targetHints":{"allow":["GET"]}}],"collection":[{"href":"https:\/\/asbaratas.com.br\/loja\/wp-json\/wp\/v2\/product"}],"about":[{"href":"https:\/\/asbaratas.com.br\/loja\/wp-json\/wp\/v2\/types\/product"}],"replies":[{"embeddable":true,"href":"https:\/\/asbaratas.com.br\/loja\/wp-json\/wp\/v2\/comments?post=96083"}],"wp:featuredmedia":[{"embeddable":true,"href":"https:\/\/asbaratas.com.br\/loja\/wp-json\/wp\/v2\/media\/96487"}],"wp:attachment":[{"href":"https:\/\/asbaratas.com.br\/loja\/wp-json\/wp\/v2\/media?parent=96083"}],"wp:term":[{"taxonomy":"product_brand","embeddable":true,"href":"https:\/\/asbaratas.com.br\/loja\/wp-json\/wp\/v2\/product_brand?post=96083"},{"taxonomy":"product_cat","embeddable":true,"href":"https:\/\/asbaratas.com.br\/loja\/wp-json\/wp\/v2\/product_cat?post=96083"},{"taxonomy":"product_tag","embeddable":true,"href":"https:\/\/asbaratas.com.br\/loja\/wp-json\/wp\/v2\/product_tag?post=96083"}],"curies":[{"name":"wp","href":"https:\/\/api.w.org\/{rel}","templated":true}]}}