{"id":96065,"date":"2024-11-12T15:44:03","date_gmt":"2024-11-12T18:44:03","guid":{"rendered":"https:\/\/asbaratas.com.br\/loja\/?post_type=product&#038;p=96065"},"modified":"2026-02-07T12:59:02","modified_gmt":"2026-02-07T15:59:02","slug":"loml","status":"publish","type":"product","link":"https:\/\/asbaratas.com.br\/loja\/produto\/loml\/","title":{"rendered":"LOML"},"content":{"rendered":"<p>Aqui swifties tamb\u00e9m tem seu espa\u00e7o com essa estampa exclusiva para o Brasil pelas m\u00e3os de Butcher Billy!<\/p>\n<p>Malha em 100% algod\u00e3o na cor preta com estampa em silk de alta qualidade<\/p>\n<p>A taxa de encolhimento \u00e9 em m\u00e9dia 3% variando dos m\u00e9todos de lavagem.<\/p>\n<p>DICAS PARA SUA CAMISETA DURAR MUITO:<br \/>\n\u2022 LAVE COM \u00c1GUA FRIA<br \/>\n\u2022 PASSE ELA DO AVESSO<br \/>\n\u2022 N\u00c3O COLOQUE NA M\u00c1QUINA DE SECAR<br \/>\n\u2022 N\u00c3O DEIXE DE MOLHO<br \/>\n\u2022 SEMPRE SEQUE \u00c0 SOMBRA<\/p>\n<p>As camisetas s\u00e3o despachadas em at\u00e9 3 dias \u00fateis.<\/p>\n","protected":false},"excerpt":{"rendered":"<p>Aqui swifties tamb\u00e9m tem seu espa\u00e7o com essa estampa exclusiva para o Brasil pelas m\u00e3os de Butcher Billy! Malha em 100% algod\u00e3o na cor preta com estampa em silk de alta qualidade A taxa de encolhimento \u00e9 em m\u00e9dia 3% variando dos m\u00e9todos de lavagem. DICAS PARA SUA CAMISETA DURAR MUITO: \u2022 LAVE COM \u00c1GUA [&#8230;]\n","protected":false},"featured_media":96094,"comment_status":"open","ping_status":"closed","template":"","meta":[],"product_brand":[],"product_cat":[83],"product_tag":[1866,935,1556,1860,1415,1864,1409,1865,1425,1862,1863,1861],"class_list":{"0":"post-96065","1":"product","2":"type-product","3":"status-publish","4":"has-post-thumbnail","6":"product_cat-camiseta-reta","7":"product_tag-diva","8":"product_tag-king","9":"product_tag-life","10":"product_tag-loml","11":"product_tag-love","12":"product_tag-my","13":"product_tag-pop","14":"product_tag-stalker","15":"product_tag-stephen","16":"product_tag-swifit","17":"product_tag-swifties","18":"product_tag-taylor","19":"pa_artista-butcher_billy","20":"pa_cor-preto","21":"pa_tamanho-pp","22":"pa_tamanho-p","23":"pa_tamanho-m","24":"pa_tamanho-g","25":"pa_tamanho-2g","26":"pa_tamanho-3g","27":"pa_tamanho-4g","28":"pa_tamanho-5g","29":"pa_tema-Humor","30":"pa_tema-Mashup","31":"pa_tema-Musica","32":"pa_tema-Parodia","33":"product_type-variable","62":"first","63":"instock","64":"shipping-taxable","65":"purchasable","66":"product-type-variable","67":"has-default-attributes"},"_links":{"self":[{"href":"https:\/\/asbaratas.com.br\/loja\/wp-json\/wp\/v2\/product\/96065","targetHints":{"allow":["GET"]}}],"collection":[{"href":"https:\/\/asbaratas.com.br\/loja\/wp-json\/wp\/v2\/product"}],"about":[{"href":"https:\/\/asbaratas.com.br\/loja\/wp-json\/wp\/v2\/types\/product"}],"replies":[{"embeddable":true,"href":"https:\/\/asbaratas.com.br\/loja\/wp-json\/wp\/v2\/comments?post=96065"}],"wp:featuredmedia":[{"embeddable":true,"href":"https:\/\/asbaratas.com.br\/loja\/wp-json\/wp\/v2\/media\/96094"}],"wp:attachment":[{"href":"https:\/\/asbaratas.com.br\/loja\/wp-json\/wp\/v2\/media?parent=96065"}],"wp:term":[{"taxonomy":"product_brand","embeddable":true,"href":"https:\/\/asbaratas.com.br\/loja\/wp-json\/wp\/v2\/product_brand?post=96065"},{"taxonomy":"product_cat","embeddable":true,"href":"https:\/\/asbaratas.com.br\/loja\/wp-json\/wp\/v2\/product_cat?post=96065"},{"taxonomy":"product_tag","embeddable":true,"href":"https:\/\/asbaratas.com.br\/loja\/wp-json\/wp\/v2\/product_tag?post=96065"}],"curies":[{"name":"wp","href":"https:\/\/api.w.org\/{rel}","templated":true}]}}