{"id":96057,"date":"2024-11-12T15:42:44","date_gmt":"2024-11-12T18:42:44","guid":{"rendered":"https:\/\/asbaratas.com.br\/loja\/?post_type=product&#038;p=96057"},"modified":"2026-05-15T02:39:17","modified_gmt":"2026-05-15T05:39:17","slug":"slashers","status":"publish","type":"product","link":"https:\/\/asbaratas.com.br\/loja\/produto\/slashers\/","title":{"rendered":"SLASHERS"},"content":{"rendered":"<p>O grupo mais querido do cinema da matan\u00e7a sem freio tem aqui sua homenagem definitiva com aquela refer\u00eancia experta que s\u00f3 quem curte um cortes profundos vai sacar!<\/p>\n<p>Malha em 100% algod\u00e3o na cor preta com estampa em silk de alta qualidade com cores fluorescentes.<\/p>\n<p>A taxa de encolhimento \u00e9 em m\u00e9dia 3% variando dos m\u00e9todos de lavagem.<\/p>\n<p>DICAS PARA SUA CAMISETA DURAR MUITO:<br \/>\n\u2022 LAVE COM \u00c1GUA FRIA<br \/>\n\u2022 PASSE ELA DO AVESSO<br \/>\n\u2022 N\u00c3O COLOQUE NA M\u00c1QUINA DE SECAR<br \/>\n\u2022 N\u00c3O DEIXE DE MOLHO<br \/>\n\u2022 SEMPRE SEQUE \u00c0 SOMBRA<\/p>\n<p>Arte por <span class=\"x1lliihq x1plvlek xryxfnj x1n2onr6 x193iq5w xeuugli x1fj9vlw x13faqbe x1vvkbs x1s928wv xhkezso x1gmr53x x1cpjm7i x1fgarty x1943h6x x1i0vuye xvs91rp x1s688f x5n08af x10wh9bi x1wdrske x8viiok x18hxmgj\" dir=\"auto\">Marcos Caldas<br \/>\n<\/span><\/p>\n<p>As camisetas s\u00e3o despachadas em at\u00e9 3 dias \u00fateis.<\/p>\n","protected":false},"excerpt":{"rendered":"<p>O grupo mais querido do cinema da matan\u00e7a sem freio tem aqui sua homenagem definitiva com aquela refer\u00eancia experta que s\u00f3 quem curte um cortes profundos vai sacar! Malha em 100% algod\u00e3o na cor preta com estampa em silk de alta qualidade com cores fluorescentes. A taxa de encolhimento \u00e9 em m\u00e9dia 3% variando dos [&#8230;]\n","protected":false},"featured_media":96095,"comment_status":"open","ping_status":"closed","template":"","meta":[],"product_brand":[],"product_cat":[83],"product_tag":[1867,1380,1875,736,1363,1417,766,1352,1414,1849,1874,1206,1870,1361,1872,1871,976,1873,1362,1416,1846,1869,1287,1868],"class_list":{"0":"post-96057","1":"product","2":"type-product","3":"status-publish","4":"has-post-thumbnail","6":"product_cat-camiseta-reta","7":"product_tag-beatles","8":"product_tag-butcher","9":"product_tag-cheira","10":"product_tag-cover","11":"product_tag-eletrica","12":"product_tag-feira","13":"product_tag-fred","14":"product_tag-freddy","15":"product_tag-friday","16":"product_tag-halloween","17":"product_tag-hora","18":"product_tag-jason","19":"product_tag-letherface","20":"product_tag-massacre","21":"product_tag-mayers","22":"product_tag-michael","23":"product_tag-mike","24":"product_tag-pesadelo","25":"product_tag-serra","26":"product_tag-sexta","27":"product_tag-slasher","28":"product_tag-slashers","29":"product_tag-today","30":"product_tag-yesterday","31":"pa_artista-marcoscaldas","32":"pa_cor-preto","33":"pa_tamanho-2g","34":"pa_tamanho-3g","35":"pa_tamanho-4g","36":"pa_tamanho-5g","37":"pa_tamanho-g","38":"pa_tamanho-m","39":"pa_tamanho-p","40":"pa_tamanho-pp","41":"pa_tema-Cinema","42":"pa_tema-Mashup","43":"pa_tema-Musica","44":"pa_tema-Parodia","45":"product_type-variable","86":"first","87":"instock","88":"shipping-taxable","89":"purchasable","90":"product-type-variable","91":"has-default-attributes"},"_links":{"self":[{"href":"https:\/\/asbaratas.com.br\/loja\/wp-json\/wp\/v2\/product\/96057","targetHints":{"allow":["GET"]}}],"collection":[{"href":"https:\/\/asbaratas.com.br\/loja\/wp-json\/wp\/v2\/product"}],"about":[{"href":"https:\/\/asbaratas.com.br\/loja\/wp-json\/wp\/v2\/types\/product"}],"replies":[{"embeddable":true,"href":"https:\/\/asbaratas.com.br\/loja\/wp-json\/wp\/v2\/comments?post=96057"}],"wp:featuredmedia":[{"embeddable":true,"href":"https:\/\/asbaratas.com.br\/loja\/wp-json\/wp\/v2\/media\/96095"}],"wp:attachment":[{"href":"https:\/\/asbaratas.com.br\/loja\/wp-json\/wp\/v2\/media?parent=96057"}],"wp:term":[{"taxonomy":"product_brand","embeddable":true,"href":"https:\/\/asbaratas.com.br\/loja\/wp-json\/wp\/v2\/product_brand?post=96057"},{"taxonomy":"product_cat","embeddable":true,"href":"https:\/\/asbaratas.com.br\/loja\/wp-json\/wp\/v2\/product_cat?post=96057"},{"taxonomy":"product_tag","embeddable":true,"href":"https:\/\/asbaratas.com.br\/loja\/wp-json\/wp\/v2\/product_tag?post=96057"}],"curies":[{"name":"wp","href":"https:\/\/api.w.org\/{rel}","templated":true}]}}