{"id":96049,"date":"2024-11-12T15:41:25","date_gmt":"2024-11-12T18:41:25","guid":{"rendered":"https:\/\/asbaratas.com.br\/loja\/?post_type=product&#038;p=96049"},"modified":"2026-04-17T19:31:39","modified_gmt":"2026-04-17T22:31:39","slug":"terrifier","status":"publish","type":"product","link":"https:\/\/asbaratas.com.br\/loja\/produto\/terrifier\/","title":{"rendered":"Follow your heART"},"content":{"rendered":"<p>O Pierrot mais querido da galera que curte uma divertida sanguinol\u00eancia estampa essa camiseta com um toque de desenho animado e uma bela frase motivacional (cont\u00e9m ironia)<\/p>\n<p>Malha em 100% algod\u00e3o na cor preta com estampa em silk de alta qualidade.<\/p>\n<p>A taxa de encolhimento \u00e9 em m\u00e9dia 3% variando dos m\u00e9todos de lavagem.<\/p>\n<p>DICAS PARA SUA CAMISETA DURAR MUITO:<br \/>\n\u2022 LAVE COM \u00c1GUA FRIA<br \/>\n\u2022 PASSE ELA DO AVESSO<br \/>\n\u2022 N\u00c3O COLOQUE NA M\u00c1QUINA DE SECAR<br \/>\n\u2022 N\u00c3O DEIXE DE MOLHO<br \/>\n\u2022 SEMPRE SEQUE \u00c0 SOMBRA<\/p>\n<p>As camisetas s\u00e3o despachadas em at\u00e9 3 dias \u00fateis.<\/p>\n","protected":false},"excerpt":{"rendered":"<p>O Pierrot mais querido da galera que curte uma divertida sanguinol\u00eancia estampa essa camiseta com um toque de desenho animado e uma bela frase motivacional (cont\u00e9m ironia) Malha em 100% algod\u00e3o na cor preta com estampa em silk de alta qualidade. A taxa de encolhimento \u00e9 em m\u00e9dia 3% variando dos m\u00e9todos de lavagem. DICAS [&#8230;]\n","protected":false},"featured_media":96096,"comment_status":"open","ping_status":"closed","template":"","meta":[],"product_brand":[],"product_cat":[83],"product_tag":[1410,1853,1856,1855,1857,1854,1846,1841,1858,1859],"class_list":{"0":"post-96049","1":"product","2":"type-product","3":"status-publish","4":"has-post-thumbnail","6":"product_cat-camiseta-reta","7":"product_tag-art","8":"product_tag-clown","9":"product_tag-mimico","10":"product_tag-mudo","11":"product_tag-pcd","12":"product_tag-pierrot","13":"product_tag-slasher","14":"product_tag-terrifier","15":"product_tag-terrifier2","16":"product_tag-terrifier3","17":"pa_artista-pedrodapremont","18":"pa_cor-preto","19":"pa_tamanho-2g","20":"pa_tamanho-3g","21":"pa_tamanho-4g","22":"pa_tamanho-5g","23":"pa_tamanho-g","24":"pa_tamanho-m","25":"pa_tamanho-p","26":"pa_tema-Cinema","27":"pa_tema-Parodia","28":"pa_tema-Televisao","29":"product_type-variable","54":"first","55":"instock","56":"shipping-taxable","57":"purchasable","58":"product-type-variable"},"_links":{"self":[{"href":"https:\/\/asbaratas.com.br\/loja\/wp-json\/wp\/v2\/product\/96049","targetHints":{"allow":["GET"]}}],"collection":[{"href":"https:\/\/asbaratas.com.br\/loja\/wp-json\/wp\/v2\/product"}],"about":[{"href":"https:\/\/asbaratas.com.br\/loja\/wp-json\/wp\/v2\/types\/product"}],"replies":[{"embeddable":true,"href":"https:\/\/asbaratas.com.br\/loja\/wp-json\/wp\/v2\/comments?post=96049"}],"wp:featuredmedia":[{"embeddable":true,"href":"https:\/\/asbaratas.com.br\/loja\/wp-json\/wp\/v2\/media\/96096"}],"wp:attachment":[{"href":"https:\/\/asbaratas.com.br\/loja\/wp-json\/wp\/v2\/media?parent=96049"}],"wp:term":[{"taxonomy":"product_brand","embeddable":true,"href":"https:\/\/asbaratas.com.br\/loja\/wp-json\/wp\/v2\/product_brand?post=96049"},{"taxonomy":"product_cat","embeddable":true,"href":"https:\/\/asbaratas.com.br\/loja\/wp-json\/wp\/v2\/product_cat?post=96049"},{"taxonomy":"product_tag","embeddable":true,"href":"https:\/\/asbaratas.com.br\/loja\/wp-json\/wp\/v2\/product_tag?post=96049"}],"curies":[{"name":"wp","href":"https:\/\/api.w.org\/{rel}","templated":true}]}}