{"id":96041,"date":"2024-11-12T15:39:01","date_gmt":"2024-11-12T18:39:01","guid":{"rendered":"https:\/\/asbaratas.com.br\/loja\/?post_type=product&#038;p=96041"},"modified":"2026-04-19T20:03:16","modified_gmt":"2026-04-19T23:03:16","slug":"trasheira","status":"publish","type":"product","link":"https:\/\/asbaratas.com.br\/loja\/produto\/trasheira\/","title":{"rendered":"TRASHEIRA VIOLENTA"},"content":{"rendered":"<p>O Canal da dupla mais TRASHEIRA dos cantos mais sanguin\u00e1rios do Youtube agora tem sua camiseta para a alegria de todos f\u00e3s e cenobichas!<\/p>\n<p>Malha em 100% algod\u00e3o na cor preta com estampa em silk de alta qualidade.<\/p>\n<p>A taxa de encolhimento \u00e9 em m\u00e9dia 3% variando dos m\u00e9todos de lavagem.<\/p>\n<p>DICAS PARA SUA CAMISETA DURAR MUITO:<br \/>\n\u2022 LAVE COM \u00c1GUA FRIA<br \/>\n\u2022 PASSE ELA DO AVESSO<br \/>\n\u2022 N\u00c3O COLOQUE NA M\u00c1QUINA DE SECAR<br \/>\n\u2022 N\u00c3O DEIXE DE MOLHO<br \/>\n\u2022 SEMPRE SEQUE \u00c0 SOMBRA<\/p>\n<p>Arte por <span class=\"x1lliihq x1plvlek xryxfnj x1n2onr6 x193iq5w xeuugli x1fj9vlw x13faqbe x1vvkbs x1s928wv xhkezso x1gmr53x x1cpjm7i x1fgarty x1943h6x x1i0vuye xvs91rp x1s688f x5n08af x10wh9bi x1wdrske x8viiok x18hxmgj\" dir=\"auto\">Marcos Caldas.<br \/>\n<\/span><\/p>\n<p>As camisetas s\u00e3o despachadas em at\u00e9 3 dias \u00fateis.<\/p>\n","protected":false},"excerpt":{"rendered":"<p>O Canal da dupla mais TRASHEIRA dos cantos mais sanguin\u00e1rios do Youtube agora tem sua camiseta para a alegria de todos f\u00e3s e cenobichas! Malha em 100% algod\u00e3o na cor preta com estampa em silk de alta qualidade. A taxa de encolhimento \u00e9 em m\u00e9dia 3% variando dos m\u00e9todos de lavagem. DICAS PARA SUA CAMISETA [&#8230;]\n","protected":false},"featured_media":96097,"comment_status":"open","ping_status":"closed","template":"","meta":[],"product_brand":[],"product_cat":[83],"product_tag":[934,1852,980,1850,1845,1849,1365,882,1848,1837,967,1842,1844,933,1836,1840,1851,1843,1846,1841,536,874,1847,1838,1197,1834,643,1835,1839],"class_list":{"0":"post-96041","1":"product","2":"type-product","3":"status-publish","4":"has-post-thumbnail","6":"product_cat-camiseta-reta","7":"product_tag-cage","8":"product_tag-candyman","9":"product_tag-carpenter","10":"product_tag-cenobicha","11":"product_tag-chucky","12":"product_tag-halloween","13":"product_tag-horror","14":"product_tag-jogos","15":"product_tag-john","16":"product_tag-karina","17":"product_tag-lobisomem","18":"product_tag-londres","19":"product_tag-mortais","20":"product_tag-nicolas","21":"product_tag-oswaldo","22":"product_tag-palhacos","23":"product_tag-presas","24":"product_tag-saw","25":"product_tag-slasher","26":"product_tag-terrifier","27":"product_tag-terror","28":"product_tag-the","29":"product_tag-thing","30":"product_tag-traseira","31":"product_tag-trash","32":"product_tag-trasheira","33":"product_tag-tubarao","34":"product_tag-violenta","35":"product_tag-violento","36":"pa_artista-marcoscaldas","37":"pa_artista-trasheira","38":"pa_cor-preto","39":"pa_tamanho-2g","40":"pa_tamanho-3g","41":"pa_tamanho-4g","42":"pa_tamanho-5g","43":"pa_tamanho-g","44":"pa_tamanho-m","45":"pa_tamanho-p","46":"pa_tema-arte","47":"pa_tema-Cinema","48":"pa_tema-Humor","49":"pa_tema-oficial","50":"pa_tema-Podcast","51":"product_type-variable","98":"first","99":"instock","100":"shipping-taxable","101":"purchasable","102":"product-type-variable"},"_links":{"self":[{"href":"https:\/\/asbaratas.com.br\/loja\/wp-json\/wp\/v2\/product\/96041","targetHints":{"allow":["GET"]}}],"collection":[{"href":"https:\/\/asbaratas.com.br\/loja\/wp-json\/wp\/v2\/product"}],"about":[{"href":"https:\/\/asbaratas.com.br\/loja\/wp-json\/wp\/v2\/types\/product"}],"replies":[{"embeddable":true,"href":"https:\/\/asbaratas.com.br\/loja\/wp-json\/wp\/v2\/comments?post=96041"}],"wp:featuredmedia":[{"embeddable":true,"href":"https:\/\/asbaratas.com.br\/loja\/wp-json\/wp\/v2\/media\/96097"}],"wp:attachment":[{"href":"https:\/\/asbaratas.com.br\/loja\/wp-json\/wp\/v2\/media?parent=96041"}],"wp:term":[{"taxonomy":"product_brand","embeddable":true,"href":"https:\/\/asbaratas.com.br\/loja\/wp-json\/wp\/v2\/product_brand?post=96041"},{"taxonomy":"product_cat","embeddable":true,"href":"https:\/\/asbaratas.com.br\/loja\/wp-json\/wp\/v2\/product_cat?post=96041"},{"taxonomy":"product_tag","embeddable":true,"href":"https:\/\/asbaratas.com.br\/loja\/wp-json\/wp\/v2\/product_tag?post=96041"}],"curies":[{"name":"wp","href":"https:\/\/api.w.org\/{rel}","templated":true}]}}