{"id":95765,"date":"2024-09-15T23:34:00","date_gmt":"2024-09-16T02:34:00","guid":{"rendered":"https:\/\/asbaratas.com.br\/loja\/?post_type=product&#038;p=95765"},"modified":"2026-03-18T21:52:33","modified_gmt":"2026-03-19T00:52:33","slug":"bone-surra","status":"publish","type":"product","link":"https:\/\/asbaratas.com.br\/loja\/produto\/bone-surra\/","title":{"rendered":"BON\u00c9 \u2022 SURRA"},"content":{"rendered":"<p>Esse bon\u00e9 \u00e9 uma collab com o SURRA, banda trash punk mais sangue no olho do peda\u00e7o!<\/p>\n<p>Bon\u00e9 exclusivo para o lan\u00e7amento do seu disco FALHA CR\u00cdTICA.<\/p>\n<p>Bon\u00e9 aba reta com impress\u00e3o em silk em baixo da aba e frente em relevo e emborrachado de alta qualidade repleto de detalhes nas laterais e forro!<\/p>\n<p>&nbsp;<\/p>\n<p>Tamanho \u00fanico com regulagem.<\/p>\n<p><iframe loading=\"lazy\" title=\"YouTube video player\" src=\"https:\/\/www.youtube.com\/embed\/1Q6aWrLrNpM?si=pb-e0JnnL6NzNEh4\" width=\"560\" height=\"315\" frameborder=\"0\" allowfullscreen=\"allowfullscreen\"><\/iframe><\/p>\n","protected":false},"excerpt":{"rendered":"<p>Esse bon\u00e9 \u00e9 uma collab com o SURRA, banda trash punk mais sangue no olho do peda\u00e7o! Bon\u00e9 exclusivo para o lan\u00e7amento do seu disco FALHA CR\u00cdTICA. Bon\u00e9 aba reta com impress\u00e3o em silk em baixo da aba e frente em relevo e emborrachado de alta qualidade repleto de detalhes nas laterais e forro! &nbsp; [&#8230;]\n","protected":false},"featured_media":95757,"comment_status":"closed","ping_status":"closed","template":"","meta":[],"product_brand":[],"product_cat":[1488,1591],"product_tag":[],"class_list":{"0":"post-95765","1":"product","2":"type-product","3":"status-publish","4":"has-post-thumbnail","6":"product_cat-bone","7":"product_cat-five-panel-aba-reta","8":"pa_artista-surra","9":"pa_tema-Musica","10":"pa_tema-oficial","11":"product_type-simple","18":"first","19":"instock","20":"shipping-taxable","21":"purchasable","22":"product-type-simple"},"_links":{"self":[{"href":"https:\/\/asbaratas.com.br\/loja\/wp-json\/wp\/v2\/product\/95765","targetHints":{"allow":["GET"]}}],"collection":[{"href":"https:\/\/asbaratas.com.br\/loja\/wp-json\/wp\/v2\/product"}],"about":[{"href":"https:\/\/asbaratas.com.br\/loja\/wp-json\/wp\/v2\/types\/product"}],"replies":[{"embeddable":true,"href":"https:\/\/asbaratas.com.br\/loja\/wp-json\/wp\/v2\/comments?post=95765"}],"wp:featuredmedia":[{"embeddable":true,"href":"https:\/\/asbaratas.com.br\/loja\/wp-json\/wp\/v2\/media\/95757"}],"wp:attachment":[{"href":"https:\/\/asbaratas.com.br\/loja\/wp-json\/wp\/v2\/media?parent=95765"}],"wp:term":[{"taxonomy":"product_brand","embeddable":true,"href":"https:\/\/asbaratas.com.br\/loja\/wp-json\/wp\/v2\/product_brand?post=95765"},{"taxonomy":"product_cat","embeddable":true,"href":"https:\/\/asbaratas.com.br\/loja\/wp-json\/wp\/v2\/product_cat?post=95765"},{"taxonomy":"product_tag","embeddable":true,"href":"https:\/\/asbaratas.com.br\/loja\/wp-json\/wp\/v2\/product_tag?post=95765"}],"curies":[{"name":"wp","href":"https:\/\/api.w.org\/{rel}","templated":true}]}}