{"id":95764,"date":"2024-09-15T23:29:55","date_gmt":"2024-09-16T02:29:55","guid":{"rendered":"https:\/\/asbaratas.com.br\/loja\/?post_type=product&#038;p=95764"},"modified":"2026-03-08T08:09:16","modified_gmt":"2026-03-08T11:09:16","slug":"bone-lixo","status":"publish","type":"product","link":"https:\/\/asbaratas.com.br\/loja\/produto\/bone-lixo\/","title":{"rendered":"BON\u00c9 \u2022 TS LIXO"},"content":{"rendered":"<p>Bon\u00e9 feito em colabora\u00e7\u00e3o com o mestre Tiago Santilei para seus LIXO!<\/p>\n<p>Bon\u00e9 baseball aba reta com impress\u00e3o em silk em baixo da aba e frente em relevo e bordado de alta qualidade.<\/p>\n<p>Tamanho \u00fanico com regulagem.<\/p>\n","protected":false},"excerpt":{"rendered":"<p>Bon\u00e9 feito em colabora\u00e7\u00e3o com o mestre Tiago Santilei para seus LIXO! Bon\u00e9 baseball aba reta com impress\u00e3o em silk em baixo da aba e frente em relevo e bordado de alta qualidade. Tamanho \u00fanico com regulagem.<\/p>\n","protected":false},"featured_media":95751,"comment_status":"closed","ping_status":"closed","template":"","meta":[],"product_brand":[],"product_cat":[1491,1488],"product_tag":[1662,1632,1633,1571,1820,1795,1570,1794],"class_list":{"0":"post-95764","1":"product","2":"type-product","3":"status-publish","4":"has-post-thumbnail","6":"product_cat-baseball-aba-reta","7":"product_cat-bone","8":"product_tag-bone","9":"product_tag-canhota","10":"product_tag-canhoto","11":"product_tag-esquerda","12":"product_tag-lixo","13":"product_tag-santineli","14":"product_tag-soberana","15":"product_tag-tiago","16":"pa_artista-santineli","17":"pa_tema-arte","18":"pa_tema-Humor","19":"pa_tema-oficial","20":"product_type-simple","36":"first","37":"instock","38":"shipping-taxable","39":"purchasable","40":"product-type-simple"},"_links":{"self":[{"href":"https:\/\/asbaratas.com.br\/loja\/wp-json\/wp\/v2\/product\/95764","targetHints":{"allow":["GET"]}}],"collection":[{"href":"https:\/\/asbaratas.com.br\/loja\/wp-json\/wp\/v2\/product"}],"about":[{"href":"https:\/\/asbaratas.com.br\/loja\/wp-json\/wp\/v2\/types\/product"}],"replies":[{"embeddable":true,"href":"https:\/\/asbaratas.com.br\/loja\/wp-json\/wp\/v2\/comments?post=95764"}],"wp:featuredmedia":[{"embeddable":true,"href":"https:\/\/asbaratas.com.br\/loja\/wp-json\/wp\/v2\/media\/95751"}],"wp:attachment":[{"href":"https:\/\/asbaratas.com.br\/loja\/wp-json\/wp\/v2\/media?parent=95764"}],"wp:term":[{"taxonomy":"product_brand","embeddable":true,"href":"https:\/\/asbaratas.com.br\/loja\/wp-json\/wp\/v2\/product_brand?post=95764"},{"taxonomy":"product_cat","embeddable":true,"href":"https:\/\/asbaratas.com.br\/loja\/wp-json\/wp\/v2\/product_cat?post=95764"},{"taxonomy":"product_tag","embeddable":true,"href":"https:\/\/asbaratas.com.br\/loja\/wp-json\/wp\/v2\/product_tag?post=95764"}],"curies":[{"name":"wp","href":"https:\/\/api.w.org\/{rel}","templated":true}]}}