{"id":94833,"date":"2024-07-08T03:11:44","date_gmt":"2024-07-08T06:11:44","guid":{"rendered":"https:\/\/asbaratas.com.br\/loja\/?post_type=product&#038;p=94833"},"modified":"2026-04-17T19:32:02","modified_gmt":"2026-04-17T22:32:02","slug":"defeat","status":"publish","type":"product","link":"https:\/\/asbaratas.com.br\/loja\/produto\/defeat\/","title":{"rendered":"KNOW DEFEAT"},"content":{"rendered":"<p>Ele nunca conheceu a derrota, e mesmo oponentes muito loucos indo de bandidos a dinossauros a luta \u00e9 sempre surpreendente!<\/p>\n<p>Camiseta feita com nossa malha tradicional. Composi\u00e7\u00e3o 100% algod\u00e3o na cor cremea e estampa com silk em cromia + cor especial pink fluor de alta qualidade.<\/p>\n<p>A taxa de encolhimento \u00e9 em m\u00e9dia 3% variando dos m\u00e9todos de lavagem.<\/p>\n<p>DICAS PARA SUA CAMISETA DURAR MUITO:<br \/>\n\u2022 LAVE COM \u00c1GUA FRIA<br \/>\n\u2022 PASSE ELA DO AVESSO<br \/>\n\u2022 N\u00c3O COLOQUE NA M\u00c1QUINA DE SECAR<br \/>\n\u2022 N\u00c3O DEIXE DE MOLHO<br \/>\n\u2022 SEMPRE SEQUE \u00c0 SOMBRA<\/p>\n<p>Arte por BENSON CHIN<\/p>\n<p>As camisetas s\u00e3o despachadas em at\u00e9 3 dias \u00fateis.<\/p>\n","protected":false},"excerpt":{"rendered":"<p>Ele nunca conheceu a derrota, e mesmo oponentes muito loucos indo de bandidos a dinossauros a luta \u00e9 sempre surpreendente! Camiseta feita com nossa malha tradicional. Composi\u00e7\u00e3o 100% algod\u00e3o na cor cremea e estampa com silk em cromia + cor especial pink fluor de alta qualidade. A taxa de encolhimento \u00e9 em m\u00e9dia 3% variando [&#8230;]\n","protected":false},"featured_media":95170,"comment_status":"open","ping_status":"closed","template":"","meta":[],"product_brand":[],"product_cat":[83],"product_tag":[1780,1778,182,181,1360,1779,1787,505,1786,1785,1192,1783,1792,1755,1757,183,1782,1791,1788,376,1784,1790,1789,1781],"class_list":{"0":"post-94833","1":"product","2":"type-product","3":"status-publish","4":"has-post-thumbnail","6":"product_cat-camiseta-reta","7":"product_tag-baki","8":"product_tag-benson","9":"product_tag-camisa","10":"product_tag-camiseta","11":"product_tag-chainsaw","12":"product_tag-chin","13":"product_tag-conhecer","14":"product_tag-dead","15":"product_tag-defeat","16":"product_tag-derrota","17":"product_tag-die","18":"product_tag-dinossauro","19":"product_tag-doppo","20":"product_tag-drogas","21":"product_tag-dye","22":"product_tag-estampa","23":"product_tag-hanma","24":"product_tag-karate","25":"product_tag-know","26":"product_tag-luta","27":"product_tag-picle","28":"product_tag-porrada","29":"product_tag-shonen","30":"product_tag-yujiro","31":"pa_artista-bensonchin","32":"pa_cor-creme","33":"pa_tamanho-2g","34":"pa_tamanho-3g","35":"pa_tamanho-4g","36":"pa_tamanho-5g","37":"pa_tamanho-g","38":"pa_tamanho-m","39":"pa_tamanho-p","40":"pa_tamanho-pp","41":"pa_tema-arte","42":"pa_tema-DesenhoAnimado","43":"pa_tema-Games","44":"pa_tema-HQ","45":"pa_tema-Humor","46":"pa_tema-Mashup","47":"pa_tema-Parodia","48":"pa_tema-Videogame","49":"product_type-variable","86":"pa_tema-Desenho Animado","94":"first","95":"instock","96":"shipping-taxable","97":"purchasable","98":"product-type-variable"},"_links":{"self":[{"href":"https:\/\/asbaratas.com.br\/loja\/wp-json\/wp\/v2\/product\/94833","targetHints":{"allow":["GET"]}}],"collection":[{"href":"https:\/\/asbaratas.com.br\/loja\/wp-json\/wp\/v2\/product"}],"about":[{"href":"https:\/\/asbaratas.com.br\/loja\/wp-json\/wp\/v2\/types\/product"}],"replies":[{"embeddable":true,"href":"https:\/\/asbaratas.com.br\/loja\/wp-json\/wp\/v2\/comments?post=94833"}],"wp:featuredmedia":[{"embeddable":true,"href":"https:\/\/asbaratas.com.br\/loja\/wp-json\/wp\/v2\/media\/95170"}],"wp:attachment":[{"href":"https:\/\/asbaratas.com.br\/loja\/wp-json\/wp\/v2\/media?parent=94833"}],"wp:term":[{"taxonomy":"product_brand","embeddable":true,"href":"https:\/\/asbaratas.com.br\/loja\/wp-json\/wp\/v2\/product_brand?post=94833"},{"taxonomy":"product_cat","embeddable":true,"href":"https:\/\/asbaratas.com.br\/loja\/wp-json\/wp\/v2\/product_cat?post=94833"},{"taxonomy":"product_tag","embeddable":true,"href":"https:\/\/asbaratas.com.br\/loja\/wp-json\/wp\/v2\/product_tag?post=94833"}],"curies":[{"name":"wp","href":"https:\/\/api.w.org\/{rel}","templated":true}]}}