{"id":94024,"date":"2024-06-10T01:37:29","date_gmt":"2024-06-10T04:37:29","guid":{"rendered":"https:\/\/asbaratas.com.br\/loja\/?post_type=product&#038;p=94024"},"modified":"2025-12-10T19:42:50","modified_gmt":"2025-12-10T22:42:50","slug":"bone-pdc","status":"publish","type":"product","link":"https:\/\/asbaratas.com.br\/loja\/produto\/bone-pdc\/","title":{"rendered":"BON\u00c9 \u2022 P\u00c9 DE CABRA"},"content":{"rendered":"<p>Surge a parceria mais esperada desde Xmen vs Street Fighter: a Revista P\u00e9 de Cabra se alia com As Baratas num estrat\u00e9gico plano para esconder a sua calvice com uma BOMBETA IRADA DA PDC!!!!<\/p>\n<p>Bon\u00e9 Baseball 6 gomos aba reta com patch ordado de alta qualidade e impress\u00e3o em baixo da aba em silk.<\/p>\n<p>Tamanho \u00fanico com regulagem.<\/p>\n","protected":false},"excerpt":{"rendered":"<p>Surge a parceria mais esperada desde Xmen vs Street Fighter: a Revista P\u00e9 de Cabra se alia com As Baratas num estrat\u00e9gico plano para esconder a sua calvice com uma BOMBETA IRADA DA PDC!!!! Bon\u00e9 Baseball 6 gomos aba reta com patch ordado de alta qualidade e impress\u00e3o em baixo da aba em silk. Tamanho [&#8230;]\n","protected":false},"featured_media":94264,"comment_status":"closed","ping_status":"closed","template":"","meta":[],"product_brand":[],"product_cat":[1491,1488],"product_tag":[1773,1289,1774,1090,1777,1775,1772,193,192,1776],"class_list":{"0":"post-94024","1":"product","2":"type-product","3":"status-publish","4":"has-post-thumbnail","6":"product_cat-baseball-aba-reta","7":"product_cat-bone","8":"product_tag-bode","9":"product_tag-capeta","10":"product_tag-diabo","11":"product_tag-doidera","12":"product_tag-locura","13":"product_tag-panhoca","14":"product_tag-pedecabra","15":"product_tag-quadrinhos","16":"product_tag-revista","17":"product_tag-underground","18":"pa_artista-pdc","19":"pa_tema-arte","20":"pa_tema-HQ","21":"pa_tema-oficial","22":"pa_tema-Parodia","23":"product_type-simple","24":"product_visibility-outofstock","43":"first","44":"outofstock","45":"shipping-taxable","46":"purchasable","47":"product-type-simple"},"_links":{"self":[{"href":"https:\/\/asbaratas.com.br\/loja\/wp-json\/wp\/v2\/product\/94024","targetHints":{"allow":["GET"]}}],"collection":[{"href":"https:\/\/asbaratas.com.br\/loja\/wp-json\/wp\/v2\/product"}],"about":[{"href":"https:\/\/asbaratas.com.br\/loja\/wp-json\/wp\/v2\/types\/product"}],"replies":[{"embeddable":true,"href":"https:\/\/asbaratas.com.br\/loja\/wp-json\/wp\/v2\/comments?post=94024"}],"wp:featuredmedia":[{"embeddable":true,"href":"https:\/\/asbaratas.com.br\/loja\/wp-json\/wp\/v2\/media\/94264"}],"wp:attachment":[{"href":"https:\/\/asbaratas.com.br\/loja\/wp-json\/wp\/v2\/media?parent=94024"}],"wp:term":[{"taxonomy":"product_brand","embeddable":true,"href":"https:\/\/asbaratas.com.br\/loja\/wp-json\/wp\/v2\/product_brand?post=94024"},{"taxonomy":"product_cat","embeddable":true,"href":"https:\/\/asbaratas.com.br\/loja\/wp-json\/wp\/v2\/product_cat?post=94024"},{"taxonomy":"product_tag","embeddable":true,"href":"https:\/\/asbaratas.com.br\/loja\/wp-json\/wp\/v2\/product_tag?post=94024"}],"curies":[{"name":"wp","href":"https:\/\/api.w.org\/{rel}","templated":true}]}}