{"id":93943,"date":"2024-06-06T12:46:49","date_gmt":"2024-06-06T15:46:49","guid":{"rendered":"https:\/\/asbaratas.com.br\/loja\/?post_type=product&#038;p=93943"},"modified":"2026-04-17T19:32:08","modified_gmt":"2026-04-17T22:32:08","slug":"magneto","status":"publish","type":"product","link":"https:\/\/asbaratas.com.br\/loja\/produto\/magneto\/","title":{"rendered":"MAGNETO WAS RIGHT"},"content":{"rendered":"<p>Nessa guerra pela exist\u00eancia cheia de por\u00e9ns s\u00f3 tem uma certeza&#8230; o cara t\u00e1 certo!<\/p>\n<p>Malha em 100% algod\u00e3o na cor preta com estampa em silk de alta qualidade.<\/p>\n<p>A taxa de encolhimento \u00e9 em m\u00e9dia 3% variando dos m\u00e9todos de lavagem.<\/p>\n<p>DICAS PARA SUA CAMISETA DURAR MUITO:<br \/>\n\u2022 LAVE COM \u00c1GUA FRIA<br \/>\n\u2022 PASSE ELA DO AVESSO<br \/>\n\u2022 N\u00c3O COLOQUE NA M\u00c1QUINA DE SECAR<br \/>\n\u2022 N\u00c3O DEIXE DE MOLHO<br \/>\n\u2022 SEMPRE SEQUE \u00c0 SOMBRA<\/p>\n<p>As camisetas s\u00e3o despachadas em at\u00e9 3 dias \u00fateis.<\/p>\n","protected":false},"excerpt":{"rendered":"<p>Nessa guerra pela exist\u00eancia cheia de por\u00e9ns s\u00f3 tem uma certeza&#8230; o cara t\u00e1 certo! Malha em 100% algod\u00e3o na cor preta com estampa em silk de alta qualidade. A taxa de encolhimento \u00e9 em m\u00e9dia 3% variando dos m\u00e9todos de lavagem. DICAS PARA SUA CAMISETA DURAR MUITO: \u2022 LAVE COM \u00c1GUA FRIA \u2022 PASSE [&#8230;]\n","protected":false},"featured_media":94015,"comment_status":"open","ping_status":"closed","template":"","meta":[],"product_brand":[],"product_cat":[83],"product_tag":[512,1240,182,1761,194,505,183,195,1763,191,190,184,1432,1037,1263,1760,1762,198,502,205,1764,509,1242,436,193,192,1472,199,508,503,1759],"class_list":{"0":"post-93943","1":"product","2":"type-product","3":"status-publish","4":"has-post-thumbnail","6":"product_cat-camiseta-reta","7":"product_tag-amiseta","8":"product_tag-antifa","9":"product_tag-camisa","10":"product_tag-claremont","11":"product_tag-comics","12":"product_tag-dead","13":"product_tag-estampa","14":"product_tag-gibi","15":"product_tag-hermeto","16":"product_tag-historia-em-quadrinhos","17":"product_tag-hq","18":"product_tag-ilustracao","19":"product_tag-jim","20":"product_tag-kirby","21":"product_tag-lee","22":"product_tag-magneto","23":"product_tag-men","24":"product_tag-musica","25":"product_tag-ororo","26":"product_tag-parodia","27":"product_tag-pascoal","28":"product_tag-pistols","29":"product_tag-politic","30":"product_tag-punk","31":"product_tag-quadrinhos","32":"product_tag-revista","33":"product_tag-right","34":"product_tag-rock","35":"product_tag-sex","36":"product_tag-tempestade","37":"product_tag-was","38":"pa_artista-butcher_billy","39":"pa_cor-azul-escuro","40":"pa_tamanho-2g","41":"pa_tamanho-3g","42":"pa_tamanho-4g","43":"pa_tamanho-5g","44":"pa_tamanho-g","45":"pa_tamanho-m","46":"pa_tamanho-p","47":"pa_tamanho-pp","48":"pa_tema-arte","49":"pa_tema-Cinema","50":"pa_tema-DesenhoAnimado","51":"pa_tema-HQ","52":"pa_tema-Mashup","53":"pa_tema-Parodia","54":"product_type-variable","55":"product_visibility-outofstock","100":"pa_tema-Desenho Animado","105":"first","106":"outofstock","107":"shipping-taxable","108":"purchasable","109":"product-type-variable"},"_links":{"self":[{"href":"https:\/\/asbaratas.com.br\/loja\/wp-json\/wp\/v2\/product\/93943","targetHints":{"allow":["GET"]}}],"collection":[{"href":"https:\/\/asbaratas.com.br\/loja\/wp-json\/wp\/v2\/product"}],"about":[{"href":"https:\/\/asbaratas.com.br\/loja\/wp-json\/wp\/v2\/types\/product"}],"replies":[{"embeddable":true,"href":"https:\/\/asbaratas.com.br\/loja\/wp-json\/wp\/v2\/comments?post=93943"}],"wp:featuredmedia":[{"embeddable":true,"href":"https:\/\/asbaratas.com.br\/loja\/wp-json\/wp\/v2\/media\/94015"}],"wp:attachment":[{"href":"https:\/\/asbaratas.com.br\/loja\/wp-json\/wp\/v2\/media?parent=93943"}],"wp:term":[{"taxonomy":"product_brand","embeddable":true,"href":"https:\/\/asbaratas.com.br\/loja\/wp-json\/wp\/v2\/product_brand?post=93943"},{"taxonomy":"product_cat","embeddable":true,"href":"https:\/\/asbaratas.com.br\/loja\/wp-json\/wp\/v2\/product_cat?post=93943"},{"taxonomy":"product_tag","embeddable":true,"href":"https:\/\/asbaratas.com.br\/loja\/wp-json\/wp\/v2\/product_tag?post=93943"}],"curies":[{"name":"wp","href":"https:\/\/api.w.org\/{rel}","templated":true}]}}