{"id":92183,"date":"2024-04-29T15:18:28","date_gmt":"2024-04-29T18:18:28","guid":{"rendered":"https:\/\/asbaratas.com.br\/loja\/?post_type=product&#038;p=92183"},"modified":"2026-04-17T19:32:43","modified_gmt":"2026-04-17T22:32:43","slug":"summer_texas","status":"publish","type":"product","link":"https:\/\/asbaratas.com.br\/loja\/produto\/summer_texas\/","title":{"rendered":"TEXAS SUMMER"},"content":{"rendered":"<p>O ver\u00e3o de 1974 foi inesqueciv\u00e9l por v\u00e1rios acontecimentos, e aqui a gente junta as drogas e rock psicod\u00e9lico do Greadtful Dead com a galera do matadouro mais querido do Texas.<\/p>\n<p>Camiseta feita com nossa malha tradicional. Composi\u00e7\u00e3o 100% algod\u00e3o na cor cremea e estampa com silk de alta qualidade.<\/p>\n<p>A taxa de encolhimento \u00e9 em m\u00e9dia 3% variando dos m\u00e9todos de lavagem.<\/p>\n<p>DICAS PARA SUA CAMISETA DURAR MUITO:<br \/>\n\u2022 LAVE COM \u00c1GUA FRIA<br \/>\n\u2022 PASSE ELA DO AVESSO<br \/>\n\u2022 N\u00c3O COLOQUE NA M\u00c1QUINA DE SECAR<br \/>\n\u2022 N\u00c3O DEIXE DE MOLHO<br \/>\n\u2022 SEMPRE SEQUE \u00c0 SOMBRA<\/p>\n<p>Arte por\u00a0Juscelino Neco<\/p>\n<p>As camisetas s\u00e3o despachadas em at\u00e9 3 dias \u00fateis.<\/p>\n","protected":false},"excerpt":{"rendered":"<p>O ver\u00e3o de 1974 foi inesqueciv\u00e9l por v\u00e1rios acontecimentos, e aqui a gente junta as drogas e rock psicod\u00e9lico do Greadtful Dead com a galera do matadouro mais querido do Texas. Camiseta feita com nossa malha tradicional. Composi\u00e7\u00e3o 100% algod\u00e3o na cor cremea e estampa com silk de alta qualidade. A taxa de encolhimento \u00e9 [&#8230;]\n","protected":false},"featured_media":92308,"comment_status":"open","ping_status":"closed","template":"","meta":[],"product_brand":[],"product_cat":[83],"product_tag":[182,181,1360,505,1192,1755,1757,183,394,1758,1754,399,386,1364,398,1361,402,388,1359,1756],"class_list":{"0":"post-92183","1":"product","2":"type-product","3":"status-publish","4":"has-post-thumbnail","6":"product_cat-camiseta-reta","7":"product_tag-camisa","8":"product_tag-camiseta","9":"product_tag-chainsaw","10":"product_tag-dead","11":"product_tag-die","12":"product_tag-drogas","13":"product_tag-dye","14":"product_tag-estampa","15":"product_tag-ferias","16":"product_tag-garcia","17":"product_tag-greatful","18":"product_tag-hp-lovecraft","19":"product_tag-juscelino-neco","20":"product_tag-leatherface","21":"product_tag-lenda","22":"product_tag-massacre","23":"product_tag-mito","24":"product_tag-neco","25":"product_tag-texas","26":"product_tag-tie","27":"pa_artista-neco","28":"pa_cor-creme","29":"pa_tamanho-2g","30":"pa_tamanho-3g","31":"pa_tamanho-4g","32":"pa_tamanho-5g","33":"pa_tamanho-g","34":"pa_tamanho-m","35":"pa_tamanho-p","36":"pa_tema-arte","37":"pa_tema-Cinema","38":"pa_tema-Humor","39":"pa_tema-Mashup","40":"pa_tema-Musica","41":"pa_tema-Parodia","42":"product_type-variable","80":"first","81":"instock","82":"shipping-taxable","83":"purchasable","84":"product-type-variable"},"_links":{"self":[{"href":"https:\/\/asbaratas.com.br\/loja\/wp-json\/wp\/v2\/product\/92183","targetHints":{"allow":["GET"]}}],"collection":[{"href":"https:\/\/asbaratas.com.br\/loja\/wp-json\/wp\/v2\/product"}],"about":[{"href":"https:\/\/asbaratas.com.br\/loja\/wp-json\/wp\/v2\/types\/product"}],"replies":[{"embeddable":true,"href":"https:\/\/asbaratas.com.br\/loja\/wp-json\/wp\/v2\/comments?post=92183"}],"wp:featuredmedia":[{"embeddable":true,"href":"https:\/\/asbaratas.com.br\/loja\/wp-json\/wp\/v2\/media\/92308"}],"wp:attachment":[{"href":"https:\/\/asbaratas.com.br\/loja\/wp-json\/wp\/v2\/media?parent=92183"}],"wp:term":[{"taxonomy":"product_brand","embeddable":true,"href":"https:\/\/asbaratas.com.br\/loja\/wp-json\/wp\/v2\/product_brand?post=92183"},{"taxonomy":"product_cat","embeddable":true,"href":"https:\/\/asbaratas.com.br\/loja\/wp-json\/wp\/v2\/product_cat?post=92183"},{"taxonomy":"product_tag","embeddable":true,"href":"https:\/\/asbaratas.com.br\/loja\/wp-json\/wp\/v2\/product_tag?post=92183"}],"curies":[{"name":"wp","href":"https:\/\/api.w.org\/{rel}","templated":true}]}}