{"id":92175,"date":"2024-04-29T15:17:20","date_gmt":"2024-04-29T18:17:20","guid":{"rendered":"https:\/\/asbaratas.com.br\/loja\/?post_type=product&#038;p=92175"},"modified":"2026-04-19T23:27:53","modified_gmt":"2026-04-20T02:27:53","slug":"iommi","status":"publish","type":"product","link":"https:\/\/asbaratas.com.br\/loja\/produto\/iommi\/","title":{"rendered":"IOMMI"},"content":{"rendered":"<p>Nosso tributo ao mestre dos riffs inventor do METAL \\m\/<\/p>\n<p>Malha em 100% algod\u00e3o na cor preta com estampa em silk de alta qualidade com cores fluorescentes.<\/p>\n<p>A taxa de encolhimento \u00e9 em m\u00e9dia 3% variando dos m\u00e9todos de lavagem.<\/p>\n<p>DICAS PARA SUA CAMISETA DURAR MUITO:<br \/>\n\u2022 LAVE COM \u00c1GUA FRIA<br \/>\n\u2022 PASSE ELA DO AVESSO<br \/>\n\u2022 N\u00c3O COLOQUE NA M\u00c1QUINA DE SECAR<br \/>\n\u2022 N\u00c3O DEIXE DE MOLHO<br \/>\n\u2022 SEMPRE SEQUE \u00c0 SOMBRA<\/p>\n<p>Arte por <span class=\"x1lliihq x1plvlek xryxfnj x1n2onr6 x193iq5w xeuugli x1fj9vlw x13faqbe x1vvkbs x1s928wv xhkezso x1gmr53x x1cpjm7i x1fgarty x1943h6x x1i0vuye xvs91rp x1s688f x5n08af x10wh9bi x1wdrske x8viiok x18hxmgj\" dir=\"auto\">Marcelo DoD!<\/span><\/p>\n<p>As camisetas s\u00e3o despachadas em at\u00e9 3 dias \u00fateis.<\/p>\n","protected":false},"excerpt":{"rendered":"<p>Nosso tributo ao mestre dos riffs inventor do METAL \\m\/ Malha em 100% algod\u00e3o na cor preta com estampa em silk de alta qualidade com cores fluorescentes. A taxa de encolhimento \u00e9 em m\u00e9dia 3% variando dos m\u00e9todos de lavagem. DICAS PARA SUA CAMISETA DURAR MUITO: \u2022 LAVE COM \u00c1GUA FRIA \u2022 PASSE ELA DO [&#8230;]\n","protected":false},"featured_media":92307,"comment_status":"open","ping_status":"closed","template":"","meta":[],"product_brand":[],"product_cat":[83],"product_tag":[362,182,181,213,969,968,1238,505,1392,183,1393,212,1752,1214,1753,1751,200],"class_list":{"0":"post-92175","1":"product","2":"type-product","3":"status-publish","4":"has-post-thumbnail","6":"product_cat-camiseta-reta","7":"product_tag-black","8":"product_tag-camisa","9":"product_tag-camiseta","10":"product_tag-cinema","11":"product_tag-classico","12":"product_tag-classicos","13":"product_tag-coisa","14":"product_tag-dead","15":"product_tag-doom","16":"product_tag-estampa","17":"product_tag-eternal","18":"product_tag-filme","19":"product_tag-hand","20":"product_tag-heavy","21":"product_tag-idol","22":"product_tag-iommi","23":"product_tag-metal","24":"pa_artista-dod","25":"pa_cor-preto","26":"pa_tamanho-2g","27":"pa_tamanho-3g","28":"pa_tamanho-4g","29":"pa_tamanho-5g","30":"pa_tamanho-g","31":"pa_tamanho-m","32":"pa_tamanho-p","33":"pa_tema-arte","34":"pa_tema-HQ","35":"pa_tema-Mashup","36":"pa_tema-Musica","37":"pa_tema-Parodia","38":"product_type-variable","72":"first","73":"instock","74":"shipping-taxable","75":"purchasable","76":"product-type-variable"},"_links":{"self":[{"href":"https:\/\/asbaratas.com.br\/loja\/wp-json\/wp\/v2\/product\/92175","targetHints":{"allow":["GET"]}}],"collection":[{"href":"https:\/\/asbaratas.com.br\/loja\/wp-json\/wp\/v2\/product"}],"about":[{"href":"https:\/\/asbaratas.com.br\/loja\/wp-json\/wp\/v2\/types\/product"}],"replies":[{"embeddable":true,"href":"https:\/\/asbaratas.com.br\/loja\/wp-json\/wp\/v2\/comments?post=92175"}],"wp:featuredmedia":[{"embeddable":true,"href":"https:\/\/asbaratas.com.br\/loja\/wp-json\/wp\/v2\/media\/92307"}],"wp:attachment":[{"href":"https:\/\/asbaratas.com.br\/loja\/wp-json\/wp\/v2\/media?parent=92175"}],"wp:term":[{"taxonomy":"product_brand","embeddable":true,"href":"https:\/\/asbaratas.com.br\/loja\/wp-json\/wp\/v2\/product_brand?post=92175"},{"taxonomy":"product_cat","embeddable":true,"href":"https:\/\/asbaratas.com.br\/loja\/wp-json\/wp\/v2\/product_cat?post=92175"},{"taxonomy":"product_tag","embeddable":true,"href":"https:\/\/asbaratas.com.br\/loja\/wp-json\/wp\/v2\/product_tag?post=92175"}],"curies":[{"name":"wp","href":"https:\/\/api.w.org\/{rel}","templated":true}]}}