{"id":91553,"date":"2024-04-12T19:13:30","date_gmt":"2024-04-12T22:13:30","guid":{"rendered":"https:\/\/asbaratas.com.br\/loja\/?post_type=product&#038;p=91553"},"modified":"2025-12-10T19:42:51","modified_gmt":"2025-12-10T22:42:51","slug":"pochete-vivendo-loko","status":"publish","type":"product","link":"https:\/\/asbaratas.com.br\/loja\/produto\/pochete-vivendo-loko\/","title":{"rendered":"POCHETE \u2022 VIVENDO LOKO"},"content":{"rendered":"<p>Em uma collab lis\u00e9rgica chega a uni\u00e3o profana com o coletivo desenheiro OMIOLOFRITO\u00ae rendeu essa bela pochete para quem v\u00ea ginomos e curte uma bela ruminada.<\/p>\n<p>Pochete em material hidrof\u00f3bico com 3 compartimentos e al\u00e7a refor\u00e7ada e aplica\u00e7\u00f5es em relevo emborrachado na frente e silk atr\u00e1s.<\/p>\n<p>&nbsp;<\/p>\n<p>&nbsp;<\/p>\n","protected":false},"excerpt":{"rendered":"<p>Em uma collab lis\u00e9rgica chega a uni\u00e3o profana com o coletivo desenheiro OMIOLOFRITO\u00ae rendeu essa bela pochete para quem v\u00ea ginomos e curte uma bela ruminada. Pochete em material hidrof\u00f3bico com 3 compartimentos e al\u00e7a refor\u00e7ada e aplica\u00e7\u00f5es em relevo emborrachado na frente e silk atr\u00e1s. &nbsp; &nbsp;<\/p>\n","protected":false},"featured_media":91227,"comment_status":"closed","ping_status":"closed","template":"","meta":[],"product_brand":[],"product_cat":[1729,1744],"product_tag":[],"class_list":{"0":"post-91553","1":"product","2":"type-product","3":"status-publish","4":"has-post-thumbnail","6":"product_cat-bags","7":"product_cat-pochete","8":"pa_artista-omiolofrito","9":"pa_tema-arte","10":"pa_tema-Humor","11":"pa_tema-oficial","12":"product_type-simple","13":"product_visibility-outofstock","21":"first","22":"outofstock","23":"shipping-taxable","24":"purchasable","25":"product-type-simple"},"_links":{"self":[{"href":"https:\/\/asbaratas.com.br\/loja\/wp-json\/wp\/v2\/product\/91553","targetHints":{"allow":["GET"]}}],"collection":[{"href":"https:\/\/asbaratas.com.br\/loja\/wp-json\/wp\/v2\/product"}],"about":[{"href":"https:\/\/asbaratas.com.br\/loja\/wp-json\/wp\/v2\/types\/product"}],"replies":[{"embeddable":true,"href":"https:\/\/asbaratas.com.br\/loja\/wp-json\/wp\/v2\/comments?post=91553"}],"wp:featuredmedia":[{"embeddable":true,"href":"https:\/\/asbaratas.com.br\/loja\/wp-json\/wp\/v2\/media\/91227"}],"wp:attachment":[{"href":"https:\/\/asbaratas.com.br\/loja\/wp-json\/wp\/v2\/media?parent=91553"}],"wp:term":[{"taxonomy":"product_brand","embeddable":true,"href":"https:\/\/asbaratas.com.br\/loja\/wp-json\/wp\/v2\/product_brand?post=91553"},{"taxonomy":"product_cat","embeddable":true,"href":"https:\/\/asbaratas.com.br\/loja\/wp-json\/wp\/v2\/product_cat?post=91553"},{"taxonomy":"product_tag","embeddable":true,"href":"https:\/\/asbaratas.com.br\/loja\/wp-json\/wp\/v2\/product_tag?post=91553"}],"curies":[{"name":"wp","href":"https:\/\/api.w.org\/{rel}","templated":true}]}}