{"id":91551,"date":"2024-04-12T19:00:22","date_gmt":"2024-04-12T22:00:22","guid":{"rendered":"https:\/\/asbaratas.com.br\/loja\/?post_type=product&#038;p=91551"},"modified":"2025-12-10T19:42:51","modified_gmt":"2025-12-10T22:42:51","slug":"bag-cogu-noia","status":"publish","type":"product","link":"https:\/\/asbaratas.com.br\/loja\/produto\/bag-cogu-noia\/","title":{"rendered":"SHOULDER BAG \u2022 COGUMELO N\u00d3IA"},"content":{"rendered":"<p>Em uma collab lis\u00e9rgica chega a uni\u00e3o profana com o coletivo desenheiro OMIOLOFRITO\u00ae proporcianando essa bela shoulder bag descolada para criar muita inveja na quebrada.<\/p>\n<p>Bolsa de ombro com al\u00e7a refor\u00e7ada e aplica\u00e7\u00f5es em relevo emborrachado na frente e silk atr\u00e1s.<\/p>\n<p>&nbsp;<\/p>\n<p>Tamanho:<\/p>\n<p>ALTURA 20cm<br \/>\nLARGURA 16cm<br \/>\nPROFUNDIDADE 6cm<\/p>\n<p>&nbsp;<\/p>\n","protected":false},"excerpt":{"rendered":"<p>Em uma collab lis\u00e9rgica chega a uni\u00e3o profana com o coletivo desenheiro OMIOLOFRITO\u00ae proporcianando essa bela shoulder bag descolada para criar muita inveja na quebrada. Bolsa de ombro com al\u00e7a refor\u00e7ada e aplica\u00e7\u00f5es em relevo emborrachado na frente e silk atr\u00e1s. &nbsp; Tamanho: ALTURA 20cm LARGURA 16cm PROFUNDIDADE 6cm &nbsp;<\/p>\n","protected":false},"featured_media":91223,"comment_status":"closed","ping_status":"closed","template":"","meta":[],"product_brand":[],"product_cat":[1729],"product_tag":[],"class_list":{"0":"post-91551","1":"product","2":"type-product","3":"status-publish","4":"has-post-thumbnail","6":"product_cat-bags","7":"pa_artista-omiolofrito","8":"pa_tema-arte","9":"pa_tema-Humor","10":"pa_tema-Mashup","11":"pa_tema-oficial","12":"product_type-simple","13":"product_visibility-outofstock","21":"first","22":"outofstock","23":"shipping-taxable","24":"purchasable","25":"product-type-simple"},"_links":{"self":[{"href":"https:\/\/asbaratas.com.br\/loja\/wp-json\/wp\/v2\/product\/91551","targetHints":{"allow":["GET"]}}],"collection":[{"href":"https:\/\/asbaratas.com.br\/loja\/wp-json\/wp\/v2\/product"}],"about":[{"href":"https:\/\/asbaratas.com.br\/loja\/wp-json\/wp\/v2\/types\/product"}],"replies":[{"embeddable":true,"href":"https:\/\/asbaratas.com.br\/loja\/wp-json\/wp\/v2\/comments?post=91551"}],"wp:featuredmedia":[{"embeddable":true,"href":"https:\/\/asbaratas.com.br\/loja\/wp-json\/wp\/v2\/media\/91223"}],"wp:attachment":[{"href":"https:\/\/asbaratas.com.br\/loja\/wp-json\/wp\/v2\/media?parent=91551"}],"wp:term":[{"taxonomy":"product_brand","embeddable":true,"href":"https:\/\/asbaratas.com.br\/loja\/wp-json\/wp\/v2\/product_brand?post=91551"},{"taxonomy":"product_cat","embeddable":true,"href":"https:\/\/asbaratas.com.br\/loja\/wp-json\/wp\/v2\/product_cat?post=91551"},{"taxonomy":"product_tag","embeddable":true,"href":"https:\/\/asbaratas.com.br\/loja\/wp-json\/wp\/v2\/product_tag?post=91551"}],"curies":[{"name":"wp","href":"https:\/\/api.w.org\/{rel}","templated":true}]}}