{"id":85148,"date":"2023-12-06T20:40:57","date_gmt":"2023-12-06T23:40:57","guid":{"rendered":"https:\/\/asbaratas.com.br\/loja\/?post_type=product&#038;p=85148"},"modified":"2026-05-06T09:55:15","modified_gmt":"2026-05-06T12:55:15","slug":"shoulder-bag-neo-tokyo","status":"publish","type":"product","link":"https:\/\/asbaratas.com.br\/loja\/produto\/shoulder-bag-neo-tokyo\/","title":{"rendered":"SHOULDER BAG \u2022 NEO TOKYO"},"content":{"rendered":"<p>Agora o outfit da gangue da c\u00e1psula est\u00e1 completa com a nossa bolsa que vai arrasar nos becos escuros cheios de t\u00e9cnologia e decad\u00eancia de Neo Tokyo!<\/p>\n<p>Bolsa de ombro com al\u00e7a refor\u00e7ada e aplica\u00e7\u00f5es em relevo emborrachado na frente e silk atr\u00e1s.<\/p>\n<p>&nbsp;<\/p>\n<p>Tamanho:<\/p>\n<p>ALTURA 20cm<br \/>\nLARGURA 16cm<br \/>\nPROFUNDIDADE 6cm<\/p>\n<p>&nbsp;<\/p>\n<p>&nbsp;<\/p>\n","protected":false},"excerpt":{"rendered":"<p>Agora o outfit da gangue da c\u00e1psula est\u00e1 completa com a nossa bolsa que vai arrasar nos becos escuros cheios de t\u00e9cnologia e decad\u00eancia de Neo Tokyo! Bolsa de ombro com al\u00e7a refor\u00e7ada e aplica\u00e7\u00f5es em relevo emborrachado na frente e silk atr\u00e1s. &nbsp; Tamanho: ALTURA 20cm LARGURA 16cm PROFUNDIDADE 6cm &nbsp; &nbsp;<\/p>\n","protected":false},"featured_media":97329,"comment_status":"closed","ping_status":"closed","template":"","meta":[],"product_brand":[],"product_cat":[1729,1743],"product_tag":[],"class_list":{"0":"post-85148","1":"product","2":"type-product","3":"status-publish","4":"has-post-thumbnail","6":"product_cat-bags","7":"product_cat-shoulderbag","8":"pa_artista-barata","9":"pa_tema-arte","10":"pa_tema-DesenhoAnimado","11":"pa_tema-HQ","12":"pa_tema-Oriental","13":"pa_tema-Parodia","14":"product_type-simple","19":"pa_tema-Desenho Animado","24":"first","25":"instock","26":"shipping-taxable","27":"purchasable","28":"product-type-simple"},"_links":{"self":[{"href":"https:\/\/asbaratas.com.br\/loja\/wp-json\/wp\/v2\/product\/85148","targetHints":{"allow":["GET"]}}],"collection":[{"href":"https:\/\/asbaratas.com.br\/loja\/wp-json\/wp\/v2\/product"}],"about":[{"href":"https:\/\/asbaratas.com.br\/loja\/wp-json\/wp\/v2\/types\/product"}],"replies":[{"embeddable":true,"href":"https:\/\/asbaratas.com.br\/loja\/wp-json\/wp\/v2\/comments?post=85148"}],"wp:featuredmedia":[{"embeddable":true,"href":"https:\/\/asbaratas.com.br\/loja\/wp-json\/wp\/v2\/media\/97329"}],"wp:attachment":[{"href":"https:\/\/asbaratas.com.br\/loja\/wp-json\/wp\/v2\/media?parent=85148"}],"wp:term":[{"taxonomy":"product_brand","embeddable":true,"href":"https:\/\/asbaratas.com.br\/loja\/wp-json\/wp\/v2\/product_brand?post=85148"},{"taxonomy":"product_cat","embeddable":true,"href":"https:\/\/asbaratas.com.br\/loja\/wp-json\/wp\/v2\/product_cat?post=85148"},{"taxonomy":"product_tag","embeddable":true,"href":"https:\/\/asbaratas.com.br\/loja\/wp-json\/wp\/v2\/product_tag?post=85148"}],"curies":[{"name":"wp","href":"https:\/\/api.w.org\/{rel}","templated":true}]}}