{"id":85147,"date":"2023-12-06T20:39:19","date_gmt":"2023-12-06T23:39:19","guid":{"rendered":"https:\/\/asbaratas.com.br\/loja\/?post_type=product&#038;p=85147"},"modified":"2026-05-07T09:57:46","modified_gmt":"2026-05-07T12:57:46","slug":"shoulder-bag-end-of-the-world","status":"publish","type":"product","link":"https:\/\/asbaratas.com.br\/loja\/produto\/shoulder-bag-end-of-the-world\/","title":{"rendered":"SHOULDER BAG \u2022 END OF THE WORLD"},"content":{"rendered":"<p>\u00c9 o fim do mundo como n\u00f3s o conhecemos (j\u00e1 \u00e9 hora de eu passar um tempo sozinho) e eu me sinto bem\u2026 AGORA EM VERS\u00c3O DE BOLSA DE OMBRO!<\/p>\n<p>Bolsa de ombro com al\u00e7a refor\u00e7ada e aplica\u00e7\u00f5es em bordado na frente e silk atr\u00e1s.<\/p>\n<p>Tamanho:<\/p>\n<p>ALTURA 20cm<br \/>\nLARGURA 16cm<br \/>\nPROFUNDIDADE 6cm<\/p>\n<p>&nbsp;<\/p>\n","protected":false},"excerpt":{"rendered":"<p>\u00c9 o fim do mundo como n\u00f3s o conhecemos (j\u00e1 \u00e9 hora de eu passar um tempo sozinho) e eu me sinto bem\u2026 AGORA EM VERS\u00c3O DE BOLSA DE OMBRO! Bolsa de ombro com al\u00e7a refor\u00e7ada e aplica\u00e7\u00f5es em bordado na frente e silk atr\u00e1s. Tamanho: ALTURA 20cm LARGURA 16cm PROFUNDIDADE 6cm &nbsp;<\/p>\n","protected":false},"featured_media":85187,"comment_status":"closed","ping_status":"closed","template":"","meta":[],"product_brand":[],"product_cat":[1729],"product_tag":[],"class_list":{"0":"post-85147","1":"product","2":"type-product","3":"status-publish","4":"has-post-thumbnail","6":"product_cat-bags","7":"pa_artista-barata","8":"pa_tema-arte","9":"pa_tema-Mashup","10":"pa_tema-Musica","11":"pa_tema-Oriental","12":"pa_tema-Parodia","13":"product_type-simple","22":"first","23":"instock","24":"shipping-taxable","25":"purchasable","26":"product-type-simple"},"_links":{"self":[{"href":"https:\/\/asbaratas.com.br\/loja\/wp-json\/wp\/v2\/product\/85147","targetHints":{"allow":["GET"]}}],"collection":[{"href":"https:\/\/asbaratas.com.br\/loja\/wp-json\/wp\/v2\/product"}],"about":[{"href":"https:\/\/asbaratas.com.br\/loja\/wp-json\/wp\/v2\/types\/product"}],"replies":[{"embeddable":true,"href":"https:\/\/asbaratas.com.br\/loja\/wp-json\/wp\/v2\/comments?post=85147"}],"wp:featuredmedia":[{"embeddable":true,"href":"https:\/\/asbaratas.com.br\/loja\/wp-json\/wp\/v2\/media\/85187"}],"wp:attachment":[{"href":"https:\/\/asbaratas.com.br\/loja\/wp-json\/wp\/v2\/media?parent=85147"}],"wp:term":[{"taxonomy":"product_brand","embeddable":true,"href":"https:\/\/asbaratas.com.br\/loja\/wp-json\/wp\/v2\/product_brand?post=85147"},{"taxonomy":"product_cat","embeddable":true,"href":"https:\/\/asbaratas.com.br\/loja\/wp-json\/wp\/v2\/product_cat?post=85147"},{"taxonomy":"product_tag","embeddable":true,"href":"https:\/\/asbaratas.com.br\/loja\/wp-json\/wp\/v2\/product_tag?post=85147"}],"curies":[{"name":"wp","href":"https:\/\/api.w.org\/{rel}","templated":true}]}}