{"id":84737,"date":"2023-12-04T20:11:34","date_gmt":"2023-12-04T23:11:34","guid":{"rendered":"https:\/\/asbaratas.com.br\/loja\/?post_type=product&#038;p=84737"},"modified":"2025-12-20T01:42:12","modified_gmt":"2025-12-20T04:42:12","slug":"local_artists","status":"publish","type":"product","link":"https:\/\/asbaratas.com.br\/loja\/produto\/local_artists\/","title":{"rendered":"LOCAL ARTISTS"},"content":{"rendered":"<p>Apoiar os artistas locais nunca foi algo t\u00e3o necess\u00e1rio quanto o nosso presente, ent\u00e3o b\u00f3ra carregar no peito essa mensagem!<\/p>\n<p>Camiseta feita com nossa malha ver\u00e3o, que \u00e9 mais leve para o dia-a-dia e tem um caimento um pouco mais suave. Composi\u00e7\u00e3o 50% algod\u00e3o e 50% poli\u00e9ster, na cor preta-mescla e estampa com silk de alta qualidade.<\/p>\n<p>A taxa de encolhimento \u00e9 em m\u00e9dia 3% variando dos m\u00e9todos de lavagem.<\/p>\n<p>DICAS PARA SUA CAMISETA DURAR MUITO:<br \/>\n\u2022 LAVE COM \u00c1GUA FRIA<br \/>\n\u2022 PASSE ELA DO AVESSO<br \/>\n\u2022 N\u00c3O COLOQUE NA M\u00c1QUINA DE SECAR<br \/>\n\u2022 N\u00c3O DEIXE DE MOLHO<br \/>\n\u2022 SEMPRE SEQUE \u00c0 SOMBRA<\/p>\n<p>As camisetas s\u00e3o despachadas em at\u00e9 3 dias \u00fateis.<\/p>\n","protected":false},"excerpt":{"rendered":"<p>Apoiar os artistas locais nunca foi algo t\u00e3o necess\u00e1rio quanto o nosso presente, ent\u00e3o b\u00f3ra carregar no peito essa mensagem! Camiseta feita com nossa malha ver\u00e3o, que \u00e9 mais leve para o dia-a-dia e tem um caimento um pouco mais suave. Composi\u00e7\u00e3o 50% algod\u00e3o e 50% poli\u00e9ster, na cor preta-mescla e estampa com silk de [&#8230;]\n","protected":false},"featured_media":85150,"comment_status":"open","ping_status":"closed","template":"","meta":[],"product_brand":[],"product_cat":[83],"product_tag":[1632,1633,1571,1602,1603,1604,720,1601,1605,854],"class_list":{"0":"post-84737","1":"product","2":"type-product","3":"status-publish","4":"has-post-thumbnail","6":"product_cat-camiseta-reta","7":"product_tag-canhota","8":"product_tag-canhoto","9":"product_tag-esquerda","10":"product_tag-load","11":"product_tag-loadcomics","12":"product_tag-loadeando","13":"product_tag-one","14":"product_tag-piece","15":"product_tag-pixo","16":"product_tag-uniforme","17":"pa_artista-loud","18":"pa_cor-preto","19":"pa_malha-verao","20":"pa_tamanho-2g","21":"pa_tamanho-3g","22":"pa_tamanho-4g","23":"pa_tamanho-5g","24":"pa_tamanho-g","25":"pa_tamanho-m","26":"pa_tamanho-p","27":"pa_tamanho-pp","28":"pa_tema-arte","29":"pa_tema-oficial","30":"product_type-variable","56":"first","57":"instock","58":"shipping-taxable","59":"purchasable","60":"product-type-variable"},"_links":{"self":[{"href":"https:\/\/asbaratas.com.br\/loja\/wp-json\/wp\/v2\/product\/84737","targetHints":{"allow":["GET"]}}],"collection":[{"href":"https:\/\/asbaratas.com.br\/loja\/wp-json\/wp\/v2\/product"}],"about":[{"href":"https:\/\/asbaratas.com.br\/loja\/wp-json\/wp\/v2\/types\/product"}],"replies":[{"embeddable":true,"href":"https:\/\/asbaratas.com.br\/loja\/wp-json\/wp\/v2\/comments?post=84737"}],"wp:featuredmedia":[{"embeddable":true,"href":"https:\/\/asbaratas.com.br\/loja\/wp-json\/wp\/v2\/media\/85150"}],"wp:attachment":[{"href":"https:\/\/asbaratas.com.br\/loja\/wp-json\/wp\/v2\/media?parent=84737"}],"wp:term":[{"taxonomy":"product_brand","embeddable":true,"href":"https:\/\/asbaratas.com.br\/loja\/wp-json\/wp\/v2\/product_brand?post=84737"},{"taxonomy":"product_cat","embeddable":true,"href":"https:\/\/asbaratas.com.br\/loja\/wp-json\/wp\/v2\/product_cat?post=84737"},{"taxonomy":"product_tag","embeddable":true,"href":"https:\/\/asbaratas.com.br\/loja\/wp-json\/wp\/v2\/product_tag?post=84737"}],"curies":[{"name":"wp","href":"https:\/\/api.w.org\/{rel}","templated":true}]}}