{"id":82409,"date":"2023-11-07T21:10:26","date_gmt":"2023-11-08T00:10:26","guid":{"rendered":"https:\/\/asbaratas.com.br\/loja\/?post_type=product&#038;p=82409"},"modified":"2025-12-10T19:42:45","modified_gmt":"2025-12-10T22:42:45","slug":"bone-decrepitos","status":"publish","type":"product","link":"https:\/\/asbaratas.com.br\/loja\/produto\/bone-decrepitos\/","title":{"rendered":"BON\u00c9 \u2022 DECR\u00c9PITOS"},"content":{"rendered":"<p>Voc\u00ea ama o Decrepitos??? E QUEM N\u00c3O AMA DARLING!!!! Fa\u00e7a a eg\u00edpcia e envergonhe sua fam\u00edlia com o bon\u00e9 do vacilo!<\/p>\n<p>Bon\u00e9 oficial do pessoal do <a href=\"https:\/\/decrepitos.com\/\" rel=\"noopener\" target=\"_blank\">DECR\u00c9PITOS<\/a><\/p>\n<p>Bon\u00e9 Americano TRUCKER com aplica\u00e7\u00e3o em bordado de alta qualidade na frente e silk do VACILO em baixo da aba!.<\/p>\n<p>Tamanho \u00fanico com regulagem.<\/p>\n","protected":false},"excerpt":{"rendered":"<p>Voc\u00ea ama o Decrepitos??? E QUEM N\u00c3O AMA DARLING!!!! Fa\u00e7a a eg\u00edpcia e envergonhe sua fam\u00edlia com o bon\u00e9 do vacilo! Bon\u00e9 oficial do pessoal do DECR\u00c9PITOS Bon\u00e9 Americano TRUCKER com aplica\u00e7\u00e3o em bordado de alta qualidade na frente e silk do VACILO em baixo da aba!. Tamanho \u00fanico com regulagem.<\/p>\n","protected":false},"featured_media":81021,"comment_status":"closed","ping_status":"closed","template":"","meta":[],"product_brand":[],"product_cat":[1488,1489],"product_tag":[1718,1716,1715,467,1717,1724],"class_list":{"0":"post-82409","1":"product","2":"type-product","3":"status-publish","4":"has-post-thumbnail","6":"product_cat-bone","7":"product_cat-trucker","8":"product_tag-bayer","9":"product_tag-carvalho","10":"product_tag-decrepitos","11":"product_tag-joao","12":"product_tag-mordente","13":"product_tag-vacilo","14":"pa_artista-decrepitos","15":"pa_tema-oficial","16":"pa_tema-Podcast","17":"product_type-simple","18":"product_visibility-outofstock","31":"first","32":"outofstock","33":"shipping-taxable","34":"purchasable","35":"product-type-simple"},"_links":{"self":[{"href":"https:\/\/asbaratas.com.br\/loja\/wp-json\/wp\/v2\/product\/82409","targetHints":{"allow":["GET"]}}],"collection":[{"href":"https:\/\/asbaratas.com.br\/loja\/wp-json\/wp\/v2\/product"}],"about":[{"href":"https:\/\/asbaratas.com.br\/loja\/wp-json\/wp\/v2\/types\/product"}],"replies":[{"embeddable":true,"href":"https:\/\/asbaratas.com.br\/loja\/wp-json\/wp\/v2\/comments?post=82409"}],"wp:featuredmedia":[{"embeddable":true,"href":"https:\/\/asbaratas.com.br\/loja\/wp-json\/wp\/v2\/media\/81021"}],"wp:attachment":[{"href":"https:\/\/asbaratas.com.br\/loja\/wp-json\/wp\/v2\/media?parent=82409"}],"wp:term":[{"taxonomy":"product_brand","embeddable":true,"href":"https:\/\/asbaratas.com.br\/loja\/wp-json\/wp\/v2\/product_brand?post=82409"},{"taxonomy":"product_cat","embeddable":true,"href":"https:\/\/asbaratas.com.br\/loja\/wp-json\/wp\/v2\/product_cat?post=82409"},{"taxonomy":"product_tag","embeddable":true,"href":"https:\/\/asbaratas.com.br\/loja\/wp-json\/wp\/v2\/product_tag?post=82409"}],"curies":[{"name":"wp","href":"https:\/\/api.w.org\/{rel}","templated":true}]}}