{"id":81778,"date":"2023-10-31T01:04:31","date_gmt":"2023-10-31T04:04:31","guid":{"rendered":"https:\/\/asbaratas.com.br\/loja\/?post_type=product&#038;p=81778"},"modified":"2026-04-08T14:26:21","modified_gmt":"2026-04-08T17:26:21","slug":"bttf_time","status":"publish","type":"product","link":"https:\/\/asbaratas.com.br\/loja\/produto\/bttf_time\/","title":{"rendered":"ROCK AROUND THE TIME"},"content":{"rendered":"<p>ROCK AROUND THE TIME \u00e9 o filme mais rockabilly da trilogia, nada mais justo do que curtir um baile inesqueciv\u00e9l no balan\u00e7o das horas!<\/p>\n<p>Malha em 100% algod\u00e3o na cor preta com estampa em silk de alta qualidade nas costas com detalhe na frente.<\/p>\n<p>A taxa de encolhimento \u00e9 em m\u00e9dia 3% variando dos m\u00e9todos de lavagem.<\/p>\n<p>DICAS PARA SUA CAMISETA DURAR MUITO:<br \/>\n\u2022 LAVE COM \u00c1GUA FRIA<br \/>\n\u2022 PASSE ELA DO AVESSO<br \/>\n\u2022 N\u00c3O COLOQUE NA M\u00c1QUINA DE SECAR<br \/>\n\u2022 N\u00c3O DEIXE DE MOLHO<br \/>\n\u2022 SEMPRE SEQUE \u00c0 SOMBRA<\/p>\n<p>Arte por\u00a0Marcos Caldas<\/p>\n<p>As camisetas s\u00e3o despachadas em at\u00e9 3 dias \u00fateis.<\/p>\n","protected":false},"excerpt":{"rendered":"<p>ROCK AROUND THE TIME \u00e9 o filme mais rockabilly da trilogia, nada mais justo do que curtir um baile inesqueciv\u00e9l no balan\u00e7o das horas! Malha em 100% algod\u00e3o na cor preta com estampa em silk de alta qualidade nas costas com detalhe na frente. A taxa de encolhimento \u00e9 em m\u00e9dia 3% variando dos m\u00e9todos [&#8230;]\n","protected":false},"featured_media":81785,"comment_status":"open","ping_status":"closed","template":"","meta":[],"product_brand":[],"product_cat":[83],"product_tag":[266,182,181,213,1077,1695,288,294,183,212,290,254,1694,184,292,291,293,300,299,286,285,297,295,199,287,296,289,298],"class_list":{"0":"post-81778","1":"product","2":"type-product","3":"status-publish","4":"has-post-thumbnail","6":"product_cat-camiseta-reta","7":"product_tag-bill","8":"product_tag-camisa","9":"product_tag-camiseta","10":"product_tag-cinema","11":"product_tag-clock","12":"product_tag-comets","13":"product_tag-de-volta-para-o-futuro","14":"product_tag-doutor","15":"product_tag-estampa","16":"product_tag-filme","17":"product_tag-futuro","18":"product_tag-george-lucas","19":"product_tag-haley","20":"product_tag-ilustracao","21":"product_tag-marty","22":"product_tag-marty-mcfly","23":"product_tag-mcfly","24":"product_tag-mi","25":"product_tag-michael-j-fox","26":"product_tag-paulo","27":"product_tag-paulo-rocker","28":"product_tag-robert","29":"product_tag-robert-zemeckis","30":"product_tag-rock","31":"product_tag-rocker","32":"product_tag-steven-spielbg","33":"product_tag-volta","34":"product_tag-zemeckis","35":"pa_artista-marcoscaldas","36":"pa_cor-creme","37":"pa_tamanho-2g","38":"pa_tamanho-3g","39":"pa_tamanho-4g","40":"pa_tamanho-5g","41":"pa_tamanho-g","42":"pa_tamanho-m","43":"pa_tamanho-p","44":"pa_tamanho-pp","45":"pa_tema-arte","46":"pa_tema-Cinema","47":"pa_tema-Humor","48":"pa_tema-Mashup","49":"pa_tema-Musica","50":"pa_tema-Parodia","51":"product_type-variable","98":"first","99":"instock","100":"shipping-taxable","101":"purchasable","102":"product-type-variable","103":"has-default-attributes"},"_links":{"self":[{"href":"https:\/\/asbaratas.com.br\/loja\/wp-json\/wp\/v2\/product\/81778","targetHints":{"allow":["GET"]}}],"collection":[{"href":"https:\/\/asbaratas.com.br\/loja\/wp-json\/wp\/v2\/product"}],"about":[{"href":"https:\/\/asbaratas.com.br\/loja\/wp-json\/wp\/v2\/types\/product"}],"replies":[{"embeddable":true,"href":"https:\/\/asbaratas.com.br\/loja\/wp-json\/wp\/v2\/comments?post=81778"}],"wp:featuredmedia":[{"embeddable":true,"href":"https:\/\/asbaratas.com.br\/loja\/wp-json\/wp\/v2\/media\/81785"}],"wp:attachment":[{"href":"https:\/\/asbaratas.com.br\/loja\/wp-json\/wp\/v2\/media?parent=81778"}],"wp:term":[{"taxonomy":"product_brand","embeddable":true,"href":"https:\/\/asbaratas.com.br\/loja\/wp-json\/wp\/v2\/product_brand?post=81778"},{"taxonomy":"product_cat","embeddable":true,"href":"https:\/\/asbaratas.com.br\/loja\/wp-json\/wp\/v2\/product_cat?post=81778"},{"taxonomy":"product_tag","embeddable":true,"href":"https:\/\/asbaratas.com.br\/loja\/wp-json\/wp\/v2\/product_tag?post=81778"}],"curies":[{"name":"wp","href":"https:\/\/api.w.org\/{rel}","templated":true}]}}