{"id":81761,"date":"2023-10-30T23:18:37","date_gmt":"2023-10-31T02:18:37","guid":{"rendered":"https:\/\/asbaratas.com.br\/loja\/?post_type=product&#038;p=81761"},"modified":"2026-04-17T19:31:25","modified_gmt":"2026-04-17T22:31:25","slug":"blazing-chrome","status":"publish","type":"product","link":"https:\/\/asbaratas.com.br\/loja\/produto\/blazing-chrome\/","title":{"rendered":"BLAZING CHROME"},"content":{"rendered":"<p>Camiseta oficial \u00fanica no mundo do game Run n&#8217;Gun mais alucinante produzido pela Joymasher!<\/p>\n<p>Malha em 100% algod\u00e3o na cor preta com estampa em silk em cromia simulado um tom de cores retr\u00f4 com alta qualidade.<\/p>\n<p>A taxa de encolhimento \u00e9 em m\u00e9dia 3% variando dos m\u00e9todos de lavagem.<\/p>\n<p>DICAS PARA SUA CAMISETA DURAR MUITO:<br \/>\n\u2022 LAVE COM \u00c1GUA FRIA<br \/>\n\u2022 PASSE ELA DO AVESSO<br \/>\n\u2022 N\u00c3O COLOQUE NA M\u00c1QUINA DE SECAR<br \/>\n\u2022 N\u00c3O DEIXE DE MOLHO<br \/>\n\u2022 SEMPRE SEQUE \u00c0 SOMBRA<\/p>\n<p>Arte por Dudu Torres<\/p>\n","protected":false},"excerpt":{"rendered":"<p>Camiseta oficial \u00fanica no mundo do game Run n&#8217;Gun mais alucinante produzido pela Joymasher! Malha em 100% algod\u00e3o na cor preta com estampa em silk em cromia simulado um tom de cores retr\u00f4 com alta qualidade. A taxa de encolhimento \u00e9 em m\u00e9dia 3% variando dos m\u00e9todos de lavagem. DICAS PARA SUA CAMISETA DURAR MUITO: [&#8230;]\n","protected":false},"featured_media":81772,"comment_status":"open","ping_status":"closed","template":"","meta":[],"product_brand":[],"product_cat":[83],"product_tag":[1669,181,1670,1676,1691,1692,1640,1688,1668,200,284,1164,1163,1690,1607,1689],"class_list":{"0":"post-81761","1":"product","2":"type-product","3":"status-publish","4":"has-post-thumbnail","6":"product_cat-camiseta-reta","7":"product_tag-blazing","8":"product_tag-camiseta","9":"product_tag-chrome","10":"product_tag-contra","11":"product_tag-danilo","12":"product_tag-days","13":"product_tag-dias","14":"product_tag-dudu","15":"product_tag-joymasher","16":"product_tag-metal","17":"product_tag-oficial","18":"product_tag-playstation","19":"product_tag-ps4","20":"product_tag-shirt","21":"product_tag-slug","22":"product_tag-towers","23":"pa_artista-dudu","24":"pa_artista-joymasher","25":"pa_cor-preto","26":"pa_tamanho-2g","27":"pa_tamanho-3g","28":"pa_tamanho-4g","29":"pa_tamanho-5g","30":"pa_tamanho-g","31":"pa_tamanho-m","32":"pa_tamanho-p","33":"pa_tamanho-pp","34":"pa_tema-Games","35":"pa_tema-oficial","36":"product_type-variable","68":"first","69":"instock","70":"shipping-taxable","71":"purchasable","72":"product-type-variable"},"_links":{"self":[{"href":"https:\/\/asbaratas.com.br\/loja\/wp-json\/wp\/v2\/product\/81761","targetHints":{"allow":["GET"]}}],"collection":[{"href":"https:\/\/asbaratas.com.br\/loja\/wp-json\/wp\/v2\/product"}],"about":[{"href":"https:\/\/asbaratas.com.br\/loja\/wp-json\/wp\/v2\/types\/product"}],"replies":[{"embeddable":true,"href":"https:\/\/asbaratas.com.br\/loja\/wp-json\/wp\/v2\/comments?post=81761"}],"wp:featuredmedia":[{"embeddable":true,"href":"https:\/\/asbaratas.com.br\/loja\/wp-json\/wp\/v2\/media\/81772"}],"wp:attachment":[{"href":"https:\/\/asbaratas.com.br\/loja\/wp-json\/wp\/v2\/media?parent=81761"}],"wp:term":[{"taxonomy":"product_brand","embeddable":true,"href":"https:\/\/asbaratas.com.br\/loja\/wp-json\/wp\/v2\/product_brand?post=81761"},{"taxonomy":"product_cat","embeddable":true,"href":"https:\/\/asbaratas.com.br\/loja\/wp-json\/wp\/v2\/product_cat?post=81761"},{"taxonomy":"product_tag","embeddable":true,"href":"https:\/\/asbaratas.com.br\/loja\/wp-json\/wp\/v2\/product_tag?post=81761"}],"curies":[{"name":"wp","href":"https:\/\/api.w.org\/{rel}","templated":true}]}}