{"id":81062,"date":"2023-10-20T19:38:49","date_gmt":"2023-10-20T22:38:49","guid":{"rendered":"https:\/\/asbaratas.com.br\/loja\/?post_type=product&#038;p=81062"},"modified":"2025-12-10T19:42:47","modified_gmt":"2025-12-10T22:42:47","slug":"bone-jogabilidade-trucker","status":"publish","type":"product","link":"https:\/\/asbaratas.com.br\/loja\/produto\/bone-jogabilidade-trucker\/","title":{"rendered":"BON\u00c9 \u2022 JOGABILIDADE Trucker"},"content":{"rendered":"<p>Bon\u00e9 oficial do pessoal do <a href=\"http:\/\/jogabilida.de\" target=\"_blank\" rel=\"noopener\">jogabilida.de<\/a><\/p>\n<p>Bon\u00e9 Americano TRUCKER com aplica\u00e7\u00e3o em bordado de alta qualidade na frente e atr\u00e1s!.<\/p>\n<p>Tamanho \u00fanico com regulagem.<\/p>\n","protected":false},"excerpt":{"rendered":"<p>Bon\u00e9 oficial do pessoal do jogabilida.de Bon\u00e9 Americano TRUCKER com aplica\u00e7\u00e3o em bordado de alta qualidade na frente e atr\u00e1s!. Tamanho \u00fanico com regulagem.<\/p>\n","protected":false},"featured_media":81003,"comment_status":"closed","ping_status":"closed","template":"","meta":[],"product_brand":[],"product_cat":[1488,1489],"product_tag":[],"class_list":{"0":"post-81062","1":"product","2":"type-product","3":"status-publish","4":"has-post-thumbnail","6":"product_cat-bone","7":"product_cat-trucker","8":"pa_artista-jogabilidade","9":"pa_tema-Games","10":"pa_tema-oficial","11":"pa_tema-Podcast","12":"product_type-simple","13":"product_visibility-outofstock","21":"first","22":"outofstock","23":"shipping-taxable","24":"purchasable","25":"product-type-simple"},"_links":{"self":[{"href":"https:\/\/asbaratas.com.br\/loja\/wp-json\/wp\/v2\/product\/81062","targetHints":{"allow":["GET"]}}],"collection":[{"href":"https:\/\/asbaratas.com.br\/loja\/wp-json\/wp\/v2\/product"}],"about":[{"href":"https:\/\/asbaratas.com.br\/loja\/wp-json\/wp\/v2\/types\/product"}],"replies":[{"embeddable":true,"href":"https:\/\/asbaratas.com.br\/loja\/wp-json\/wp\/v2\/comments?post=81062"}],"wp:featuredmedia":[{"embeddable":true,"href":"https:\/\/asbaratas.com.br\/loja\/wp-json\/wp\/v2\/media\/81003"}],"wp:attachment":[{"href":"https:\/\/asbaratas.com.br\/loja\/wp-json\/wp\/v2\/media?parent=81062"}],"wp:term":[{"taxonomy":"product_brand","embeddable":true,"href":"https:\/\/asbaratas.com.br\/loja\/wp-json\/wp\/v2\/product_brand?post=81062"},{"taxonomy":"product_cat","embeddable":true,"href":"https:\/\/asbaratas.com.br\/loja\/wp-json\/wp\/v2\/product_cat?post=81062"},{"taxonomy":"product_tag","embeddable":true,"href":"https:\/\/asbaratas.com.br\/loja\/wp-json\/wp\/v2\/product_tag?post=81062"}],"curies":[{"name":"wp","href":"https:\/\/api.w.org\/{rel}","templated":true}]}}